{"id":79,"date":"2024-09-29T16:26:57","date_gmt":"2024-09-29T16:26:57","guid":{"rendered":"http:\/\/dev.otorinoticino.ch\/page-daccueil\/"},"modified":"2025-02-02T10:02:54","modified_gmt":"2025-02-02T10:02:54","slug":"page-daccueil","status":"publish","type":"page","link":"https:\/\/otorinoticino.ch\/fr\/","title":{"rendered":"Page d&rsquo;Accueil"},"content":{"rendered":"<div class=\"gb-grid-wrapper gb-grid-wrapper-224fed30 mt-4\">\n<div class=\"gb-grid-column gb-grid-column-5504cd5a\"><div class=\"gb-container gb-container-5504cd5a\">\n\n<figure class=\"gb-block-image gb-block-image-d4d3ba23\"><img loading=\"lazy\" decoding=\"async\" width=\"282\" height=\"347\" class=\"gb-image gb-image-d4d3ba23\" src=\"https:\/\/otorinoticino.ch\/wp-content\/uploads\/2024\/09\/otorino_logo-2.webp\" alt=\"\" title=\"otorino_logo-2\" srcset=\"https:\/\/otorinoticino.ch\/wp-content\/uploads\/2024\/09\/otorino_logo-2.webp 282w, https:\/\/otorinoticino.ch\/wp-content\/uploads\/2024\/09\/otorino_logo-2-244x300.webp 244w\" sizes=\"auto, (max-width: 282px) 100vw, 282px\" \/><\/figure>\n\n<\/div><\/div>\n\n<div class=\"gb-grid-column gb-grid-column-42a3a79d\"><div class=\"gb-container gb-container-42a3a79d\">\n\n<h2 class=\"gb-headline gb-headline-366d3214 gb-headline-text\">Bellinzona \u2013 Lugano &#8211; Chiasso<\/h2>\n\n\n\n<ul style=\"font-size:18px;font-style:normal;font-weight:400\" class=\"wp-block-list has-black-color has-text-color has-link-color wp-elements-7fd2b2f83306eb6f6d1910fb2690d03a\">\n<li>Oto-rhino-laryngologiste<\/li>\n\n\n\n<li>Chirurgie cervico-faciale<\/li>\n\n\n\n<li>Audiologie<\/li>\n\n\n\n<li>Otoneurologie<\/li>\n\n\n\n<li>ORL p\u00e9diatrique<\/li>\n\n\n\n<li>Chirurgie esth\u00e9tique du visage<\/li>\n\n\n\n<li>Echographie du cou et de la thyro\u00efde<\/li>\n<\/ul>\n\n<\/div><\/div>\n<\/div>\n\n<div class=\"gb-grid-wrapper gb-grid-wrapper-42a5d542 mt-4\">\n<div class=\"gb-grid-column gb-grid-column-2eeee3e1\"><div class=\"gb-container gb-container-2eeee3e1\">\n\n<h2 class=\"gb-headline gb-headline-5c4da6af gb-headline-text\">KD Dr. med. Thomas Roth<\/h2>\n\n\n\n<ul style=\"font-size:18px;font-style:normal;font-weight:400\" class=\"wp-block-list has-black-color has-text-color has-link-color wp-elements-21d71168eb473ea7d000b4eca3fcd55e\">\n<li>Charg\u00e9 de cours clinique \u00e0 l&rsquo;Universit\u00e9 de Zurich<\/li>\n\n\n\n<li>Sp\u00e9cialiste en oto-rhino-laryngologie&nbsp;(<strong>FMH<\/strong>)<\/li>\n\n\n\n<li>Sp\u00e9cialiste en chirurgie cervico-faciale&nbsp;(<strong>FMH<\/strong>)<\/li>\n\n\n\n<li>Echographie du cou et de la thyro\u00efde (<strong>SSUM<\/strong>)<\/li>\n<\/ul>\n\n<\/div><\/div>\n\n<div class=\"gb-grid-column gb-grid-column-7a046435\"><div class=\"gb-container gb-container-7a046435\">\n\n<figure class=\"gb-block-image gb-block-image-7c92a569\"><img loading=\"lazy\" decoding=\"async\" width=\"619\" height=\"293\" class=\"gb-image gb-image-7c92a569\" src=\"https:\/\/otorinoticino.ch\/wp-content\/uploads\/2024\/09\/Dr-Thomas-services.webp\" alt=\"\" title=\"Dr-Thomas-services\" srcset=\"https:\/\/otorinoticino.ch\/wp-content\/uploads\/2024\/09\/Dr-Thomas-services.webp 619w, https:\/\/otorinoticino.ch\/wp-content\/uploads\/2024\/09\/Dr-Thomas-services-300x142.webp 300w\" sizes=\"auto, (max-width: 619px) 100vw, 619px\" \/><\/figure>\n\n<\/div><\/div>\n<\/div>\n\n\n<h2 class=\"gb-headline gb-headline-14742816 gb-headline-text\">LES AVANTAGES DE NOTRE CENTRE<\/h2>\n\n\n\n<div class=\"d-flex justify-content-center mb-4\" style=\"height: 3vh;\">\n    <svg preserveaspectratio=\"xMidYMid meet\" width=\"25\" height=\"25\" viewbox=\"0 52.749 444 338.551\" xmlns=\"http:\/\/www.w3.org\/2000\/svg\" role=\"presentation\" aria-hidden=\"true\" aria-label=\"\">\n        <g>\n            <path d=\"M276.9 391.3h-1c-6.3-.5-11.5-4.7-13.6-10.4l-97.7-272.7L103 229.4c-2.6 5.2-7.8 8.4-14.1 8.4H15.7C6.8 237.7 0 231 0 222.1s6.8-15.7 15.7-15.7h63.7l74.2-145.2c2.6-5.7 8.9-8.9 15.2-8.4s11.5 4.7 13.6 10.4L279.5 336l61.6-121.2c2.6-5.2 7.8-8.4 14.1-8.4h73.1c8.9 0 15.7 6.8 15.7 15.7 0 8.9-6.8 15.7-15.7 15.7h-63.7L291 383c-2.6 5.2-8.4 8.3-14.1 8.3z\" fill=\"#006ad1\"><\/path>\n        <\/g>\n    <\/svg>\n<\/div>\n\n\n<div class=\"gb-grid-wrapper gb-grid-wrapper-8516c9e6 bg-light pt-2 pb-2\">\n<div class=\"gb-grid-column gb-grid-column-489930ec\"><div class=\"gb-container gb-container-489930ec\">\n<div class=\"gb-container gb-container-e6f032d3 d-flex justify-content-center\">\n\n<figure class=\"gb-block-image gb-block-image-6771b50d\"><img loading=\"lazy\" decoding=\"async\" width=\"126\" height=\"114\" class=\"gb-image gb-image-6771b50d\" src=\"https:\/\/otorinoticino.ch\/wp-content\/uploads\/2024\/09\/Heart.webp\" alt=\"\" title=\"Heart\"\/><\/figure>\n\n<\/div>\n\n\n<h3 class=\"gb-headline gb-headline-520a4713 gb-headline-text\">Diagnostic moderne<\/h3>\n\n\n\n<p class=\"has-text-align-center\">Afin de fournir le meilleur service, nous sommes \u00e9quip\u00e9s de la technologie la plus r\u00e9cente. Ces derni\u00e8res permettent d&rsquo;\u00e9tablir des diagnostics pr\u00e9cis et exacts, afin de garantir une \u00e9valuation compl\u00e8te et approfondie.<\/p>\n\n<\/div><\/div>\n\n<div class=\"gb-grid-column gb-grid-column-bec8d104\"><div class=\"gb-container gb-container-bec8d104\">\n<div class=\"gb-container gb-container-a75a3733 d-flex justify-content-center\">\n\n<figure class=\"gb-block-image gb-block-image-3352de64\"><img loading=\"lazy\" decoding=\"async\" width=\"126\" height=\"114\" class=\"gb-image gb-image-3352de64\" src=\"https:\/\/otorinoticino.ch\/wp-content\/uploads\/2024\/09\/Doc2.webp\" alt=\"Doc2\" title=\"Doc2\"\/><\/figure>\n\n<\/div>\n\n\n<h3 class=\"gb-headline gb-headline-31ba0679 gb-headline-text\">Personnel<\/h3>\n\n\n\n<p class=\"has-text-align-center\">L&rsquo;\u00e9quipe, dirig\u00e9e par le Dr Thomas Roth, se compose d&rsquo;un personnel hautement qualifi\u00e9 qui se soucie de votre sant\u00e9 et de votre bien-\u00eatre. Nous pouvons \u00e9galement vous accueillir en allemand, fran\u00e7ais, anglais, espagnol, grec et finnois.<\/p>\n\n<\/div><\/div>\n\n<div class=\"gb-grid-column gb-grid-column-a7572d5a\"><div class=\"gb-container gb-container-a7572d5a\">\n<div class=\"gb-container gb-container-a3e127f1 d-flex justify-content-center\">\n\n<figure class=\"gb-block-image gb-block-image-0d1541c1\"><img loading=\"lazy\" decoding=\"async\" width=\"126\" height=\"114\" class=\"gb-image gb-image-0d1541c1\" src=\"https:\/\/otorinoticino.ch\/wp-content\/uploads\/2024\/09\/Map.webp\" alt=\"Map\" title=\"Map\"\/><\/figure>\n\n<\/div>\n\n\n<h3 class=\"gb-headline gb-headline-f483b2ee gb-headline-text\">Emplacement pratique\n<\/h3>\n\n\n\n<p class=\"has-text-align-center\">Nous sommes pr\u00e9sents \u00e0 Bellinzona, Lugano et Chiasso. Dans des lieux facilement accessibles par les transports publics. Des places de parking gratuites ou payantes sont disponibles dans les diff\u00e9rents centres.<\/p>\n\n<\/div><\/div>\n<\/div>\n\n<div class=\"gb-container gb-container-c29657bc\">\n\n<figure class=\"gb-block-image gb-block-image-84a06a0f\"><img loading=\"lazy\" decoding=\"async\" width=\"919\" height=\"517\" class=\"gb-image gb-image-84a06a0f\" src=\"https:\/\/otorinoticino.ch\/wp-content\/uploads\/2024\/09\/team.webp\" alt=\"\" title=\"team\" srcset=\"https:\/\/otorinoticino.ch\/wp-content\/uploads\/2024\/09\/team.webp 919w, https:\/\/otorinoticino.ch\/wp-content\/uploads\/2024\/09\/team-300x169.webp 300w, https:\/\/otorinoticino.ch\/wp-content\/uploads\/2024\/09\/team-768x432.webp 768w\" sizes=\"auto, (max-width: 919px) 100vw, 919px\" \/><\/figure>\n\n<\/div>","protected":false},"excerpt":{"rendered":"<p>LES AVANTAGES DE NOTRE CENTRE<\/p>\n","protected":false},"author":1,"featured_media":0,"parent":0,"menu_order":0,"comment_status":"closed","ping_status":"closed","template":"homepage.php","meta":{"_acf_changed":false,"footnotes":""},"class_list":["post-79","page","type-page","status-publish","hentry"],"acf":[],"yoast_head":"<!-- This site is optimized with the Yoast SEO plugin v27.1.1 - https:\/\/yoast.com\/product\/yoast-seo-wordpress\/ -->\n<title>Oto-rhino-laryngologie et esth\u00e9tique faciale. Lugano, Bellinzona \u2022 Studio Otorino Ticino<\/title>\n<meta name=\"description\" content=\"Cabinet sp\u00e9cialis\u00e9 dans la chirurgie esth\u00e9tique du visage et l&#039;oto-rhino-laryngologie. Nous offrons des services pour traiter toutes les pathologies ORL du nez, de la gorge et des oreilles, y compris la rhinoplastie et la bl\u00e9pharoplastie.\" \/>\n<meta name=\"robots\" content=\"index, follow, max-snippet:-1, max-image-preview:large, max-video-preview:-1\" \/>\n<link rel=\"canonical\" href=\"https:\/\/otorinoticino.ch\/fr\/\" \/>\n<meta property=\"og:locale\" content=\"fr_FR\" \/>\n<meta property=\"og:type\" content=\"article\" \/>\n<meta property=\"og:title\" content=\"Oto-rhino-laryngologie et esth\u00e9tique faciale. Lugano, Bellinzona \u2022 Studio Otorino Ticino\" \/>\n<meta property=\"og:description\" content=\"Cabinet sp\u00e9cialis\u00e9 dans la chirurgie esth\u00e9tique du visage et l&#039;oto-rhino-laryngologie. Nous offrons des services pour traiter toutes les pathologies ORL du nez, de la gorge et des oreilles, y compris la rhinoplastie et la bl\u00e9pharoplastie.\" \/>\n<meta property=\"og:url\" content=\"https:\/\/otorinoticino.ch\/fr\/\" \/>\n<meta property=\"og:site_name\" content=\"Studio OTORINO Ticino\" \/>\n<meta property=\"article:modified_time\" content=\"2025-02-02T10:02:54+00:00\" \/>\n<meta property=\"og:image\" content=\"https:\/\/otorinoticino.ch\/wp-content\/uploads\/2024\/09\/otorino_logo-2.webp\" \/>\n<meta name=\"twitter:card\" content=\"summary_large_image\" \/>\n<meta name=\"twitter:label1\" content=\"Dur\u00e9e de lecture estim\u00e9e\" \/>\n\t<meta name=\"twitter:data1\" content=\"2 minutes\" \/>\n<script type=\"application\/ld+json\" class=\"yoast-schema-graph\">{\"@context\":\"https:\/\/schema.org\",\"@graph\":[{\"@type\":\"WebPage\",\"@id\":\"https:\/\/otorinoticino.ch\/fr\/\",\"url\":\"https:\/\/otorinoticino.ch\/fr\/\",\"name\":\"Oto-rhino-laryngologie et esth\u00e9tique faciale. Lugano, Bellinzona \u2022 Studio Otorino Ticino\",\"isPartOf\":{\"@id\":\"https:\/\/otorinoticino.ch\/fr\/#website\"},\"primaryImageOfPage\":{\"@id\":\"https:\/\/otorinoticino.ch\/fr\/#primaryimage\"},\"image\":{\"@id\":\"https:\/\/otorinoticino.ch\/fr\/#primaryimage\"},\"thumbnailUrl\":\"https:\/\/otorinoticino.ch\/wp-content\/uploads\/2024\/09\/otorino_logo-2.webp\",\"datePublished\":\"2024-09-29T16:26:57+00:00\",\"dateModified\":\"2025-02-02T10:02:54+00:00\",\"description\":\"Cabinet sp\u00e9cialis\u00e9 dans la chirurgie esth\u00e9tique du visage et l'oto-rhino-laryngologie. Nous offrons des services pour traiter toutes les pathologies ORL du nez, de la gorge et des oreilles, y compris la rhinoplastie et la bl\u00e9pharoplastie.\",\"breadcrumb\":{\"@id\":\"https:\/\/otorinoticino.ch\/fr\/#breadcrumb\"},\"inLanguage\":\"fr-FR\",\"potentialAction\":[{\"@type\":\"ReadAction\",\"target\":[\"https:\/\/otorinoticino.ch\/fr\/\"]}]},{\"@type\":\"ImageObject\",\"inLanguage\":\"fr-FR\",\"@id\":\"https:\/\/otorinoticino.ch\/fr\/#primaryimage\",\"url\":\"https:\/\/otorinoticino.ch\/wp-content\/uploads\/2024\/09\/otorino_logo-2.webp\",\"contentUrl\":\"https:\/\/otorinoticino.ch\/wp-content\/uploads\/2024\/09\/otorino_logo-2.webp\"},{\"@type\":\"BreadcrumbList\",\"@id\":\"https:\/\/otorinoticino.ch\/fr\/#breadcrumb\",\"itemListElement\":[{\"@type\":\"ListItem\",\"position\":1,\"name\":\"Home\",\"item\":\"https:\/\/otorinoticino.ch\/fr\/\"},{\"@type\":\"ListItem\",\"position\":2,\"name\":\"Page d&rsquo;Accueil\"}]},{\"@type\":\"WebSite\",\"@id\":\"https:\/\/otorinoticino.ch\/fr\/#website\",\"url\":\"https:\/\/otorinoticino.ch\/fr\/\",\"name\":\"Studio OTORINO Ticino\",\"description\":\"\",\"publisher\":{\"@id\":\"https:\/\/otorinoticino.ch\/fr\/#organization\"},\"potentialAction\":[{\"@type\":\"SearchAction\",\"target\":{\"@type\":\"EntryPoint\",\"urlTemplate\":\"https:\/\/otorinoticino.ch\/fr\/?s={search_term_string}\"},\"query-input\":{\"@type\":\"PropertyValueSpecification\",\"valueRequired\":true,\"valueName\":\"search_term_string\"}}],\"inLanguage\":\"fr-FR\"},{\"@type\":\"Organization\",\"@id\":\"https:\/\/otorinoticino.ch\/fr\/#organization\",\"name\":\"Studio OTORINO Ticino\",\"url\":\"https:\/\/otorinoticino.ch\/fr\/\",\"logo\":{\"@type\":\"ImageObject\",\"inLanguage\":\"fr-FR\",\"@id\":\"https:\/\/otorinoticino.ch\/fr\/#\/schema\/logo\/image\/\",\"url\":\"https:\/\/otorinoticino.ch\/wp-content\/uploads\/2024\/10\/cropped-logo.png\",\"contentUrl\":\"https:\/\/otorinoticino.ch\/wp-content\/uploads\/2024\/10\/cropped-logo.png\",\"width\":522,\"height\":278,\"caption\":\"Studio OTORINO Ticino\"},\"image\":{\"@id\":\"https:\/\/otorinoticino.ch\/fr\/#\/schema\/logo\/image\/\"}}]}<\/script>\n<!-- \/ Yoast SEO plugin. -->","yoast_head_json":{"title":"Oto-rhino-laryngologie et esth\u00e9tique faciale. Lugano, Bellinzona \u2022 Studio Otorino Ticino","description":"Cabinet sp\u00e9cialis\u00e9 dans la chirurgie esth\u00e9tique du visage et l'oto-rhino-laryngologie. Nous offrons des services pour traiter toutes les pathologies ORL du nez, de la gorge et des oreilles, y compris la rhinoplastie et la bl\u00e9pharoplastie.","robots":{"index":"index","follow":"follow","max-snippet":"max-snippet:-1","max-image-preview":"max-image-preview:large","max-video-preview":"max-video-preview:-1"},"canonical":"https:\/\/otorinoticino.ch\/fr\/","og_locale":"fr_FR","og_type":"article","og_title":"Oto-rhino-laryngologie et esth\u00e9tique faciale. Lugano, Bellinzona \u2022 Studio Otorino Ticino","og_description":"Cabinet sp\u00e9cialis\u00e9 dans la chirurgie esth\u00e9tique du visage et l'oto-rhino-laryngologie. Nous offrons des services pour traiter toutes les pathologies ORL du nez, de la gorge et des oreilles, y compris la rhinoplastie et la bl\u00e9pharoplastie.","og_url":"https:\/\/otorinoticino.ch\/fr\/","og_site_name":"Studio OTORINO Ticino","article_modified_time":"2025-02-02T10:02:54+00:00","og_image":[{"url":"https:\/\/otorinoticino.ch\/wp-content\/uploads\/2024\/09\/otorino_logo-2.webp","type":"","width":"","height":""}],"twitter_card":"summary_large_image","twitter_misc":{"Dur\u00e9e de lecture estim\u00e9e":"2 minutes"},"schema":{"@context":"https:\/\/schema.org","@graph":[{"@type":"WebPage","@id":"https:\/\/otorinoticino.ch\/fr\/","url":"https:\/\/otorinoticino.ch\/fr\/","name":"Oto-rhino-laryngologie et esth\u00e9tique faciale. Lugano, Bellinzona \u2022 Studio Otorino Ticino","isPartOf":{"@id":"https:\/\/otorinoticino.ch\/fr\/#website"},"primaryImageOfPage":{"@id":"https:\/\/otorinoticino.ch\/fr\/#primaryimage"},"image":{"@id":"https:\/\/otorinoticino.ch\/fr\/#primaryimage"},"thumbnailUrl":"https:\/\/otorinoticino.ch\/wp-content\/uploads\/2024\/09\/otorino_logo-2.webp","datePublished":"2024-09-29T16:26:57+00:00","dateModified":"2025-02-02T10:02:54+00:00","description":"Cabinet sp\u00e9cialis\u00e9 dans la chirurgie esth\u00e9tique du visage et l'oto-rhino-laryngologie. Nous offrons des services pour traiter toutes les pathologies ORL du nez, de la gorge et des oreilles, y compris la rhinoplastie et la bl\u00e9pharoplastie.","breadcrumb":{"@id":"https:\/\/otorinoticino.ch\/fr\/#breadcrumb"},"inLanguage":"fr-FR","potentialAction":[{"@type":"ReadAction","target":["https:\/\/otorinoticino.ch\/fr\/"]}]},{"@type":"ImageObject","inLanguage":"fr-FR","@id":"https:\/\/otorinoticino.ch\/fr\/#primaryimage","url":"https:\/\/otorinoticino.ch\/wp-content\/uploads\/2024\/09\/otorino_logo-2.webp","contentUrl":"https:\/\/otorinoticino.ch\/wp-content\/uploads\/2024\/09\/otorino_logo-2.webp"},{"@type":"BreadcrumbList","@id":"https:\/\/otorinoticino.ch\/fr\/#breadcrumb","itemListElement":[{"@type":"ListItem","position":1,"name":"Home","item":"https:\/\/otorinoticino.ch\/fr\/"},{"@type":"ListItem","position":2,"name":"Page d&rsquo;Accueil"}]},{"@type":"WebSite","@id":"https:\/\/otorinoticino.ch\/fr\/#website","url":"https:\/\/otorinoticino.ch\/fr\/","name":"Studio OTORINO Ticino","description":"","publisher":{"@id":"https:\/\/otorinoticino.ch\/fr\/#organization"},"potentialAction":[{"@type":"SearchAction","target":{"@type":"EntryPoint","urlTemplate":"https:\/\/otorinoticino.ch\/fr\/?s={search_term_string}"},"query-input":{"@type":"PropertyValueSpecification","valueRequired":true,"valueName":"search_term_string"}}],"inLanguage":"fr-FR"},{"@type":"Organization","@id":"https:\/\/otorinoticino.ch\/fr\/#organization","name":"Studio OTORINO Ticino","url":"https:\/\/otorinoticino.ch\/fr\/","logo":{"@type":"ImageObject","inLanguage":"fr-FR","@id":"https:\/\/otorinoticino.ch\/fr\/#\/schema\/logo\/image\/","url":"https:\/\/otorinoticino.ch\/wp-content\/uploads\/2024\/10\/cropped-logo.png","contentUrl":"https:\/\/otorinoticino.ch\/wp-content\/uploads\/2024\/10\/cropped-logo.png","width":522,"height":278,"caption":"Studio OTORINO Ticino"},"image":{"@id":"https:\/\/otorinoticino.ch\/fr\/#\/schema\/logo\/image\/"}}]}},"_links":{"self":[{"href":"https:\/\/otorinoticino.ch\/fr\/wp-json\/wp\/v2\/pages\/79","targetHints":{"allow":["GET"]}}],"collection":[{"href":"https:\/\/otorinoticino.ch\/fr\/wp-json\/wp\/v2\/pages"}],"about":[{"href":"https:\/\/otorinoticino.ch\/fr\/wp-json\/wp\/v2\/types\/page"}],"author":[{"embeddable":true,"href":"https:\/\/otorinoticino.ch\/fr\/wp-json\/wp\/v2\/users\/1"}],"replies":[{"embeddable":true,"href":"https:\/\/otorinoticino.ch\/fr\/wp-json\/wp\/v2\/comments?post=79"}],"version-history":[{"count":11,"href":"https:\/\/otorinoticino.ch\/fr\/wp-json\/wp\/v2\/pages\/79\/revisions"}],"predecessor-version":[{"id":1503,"href":"https:\/\/otorinoticino.ch\/fr\/wp-json\/wp\/v2\/pages\/79\/revisions\/1503"}],"wp:attachment":[{"href":"https:\/\/otorinoticino.ch\/fr\/wp-json\/wp\/v2\/media?parent=79"}],"curies":[{"name":"wp","href":"https:\/\/api.w.org\/{rel}","templated":true}]}}