{"id":626,"date":"2024-10-06T17:07:10","date_gmt":"2024-10-06T17:07:10","guid":{"rendered":"http:\/\/dev.otorinoticino.ch\/?page_id=626"},"modified":"2024-10-17T12:20:02","modified_gmt":"2024-10-17T12:20:02","slug":"team","status":"publish","type":"page","link":"https:\/\/otorinoticino.ch\/fr\/team\/","title":{"rendered":"\u00c9quipe"},"content":{"rendered":"<div class=\"gb-container gb-container-91a56c38\">\n\n<h1 class=\"gb-headline gb-headline-845b527a gb-headline-text\">LE TEAM DE l\u2019 OTORINO TICINO<\/h1>\n\n\n\n<div class=\"d-flex justify-content-center mt-3 mb-3\" style=\"height: 3vh;\">\n    <svg preserveAspectRatio=\"xMidYMid meet\" width=\"25\" height=\"25\" viewBox=\"0 52.749 444 338.551\" xmlns=\"http:\/\/www.w3.org\/2000\/svg\" role=\"presentation\" aria-hidden=\"true\" aria-label=\"\">\n        <g>\n            <path d=\"M276.9 391.3h-1c-6.3-.5-11.5-4.7-13.6-10.4l-97.7-272.7L103 229.4c-2.6 5.2-7.8 8.4-14.1 8.4H15.7C6.8 237.7 0 231 0 222.1s6.8-15.7 15.7-15.7h63.7l74.2-145.2c2.6-5.7 8.9-8.9 15.2-8.4s11.5 4.7 13.6 10.4L279.5 336l61.6-121.2c2.6-5.2 7.8-8.4 14.1-8.4h73.1c8.9 0 15.7 6.8 15.7 15.7 0 8.9-6.8 15.7-15.7 15.7h-63.7L291 383c-2.6 5.2-8.4 8.3-14.1 8.3z\" fill=\"#006ad1\"><\/path>\n        <\/g>\n    <\/svg>\n<\/div>\n\n<\/div>\n\n<div class=\"gb-grid-wrapper gb-grid-wrapper-b4377633\">\n<div class=\"gb-grid-column gb-grid-column-a5d9ef21\"><div class=\"gb-container gb-container-a5d9ef21\">\n\n<figure class=\"gb-block-image gb-block-image-f54c0f96\"><img loading=\"lazy\" decoding=\"async\" width=\"402\" height=\"214\" class=\"gb-image gb-image-f54c0f96\" src=\"https:\/\/otorinoticino.ch\/wp-content\/uploads\/2024\/10\/otoricino_big_logo_text.webp\" alt=\"otoricino logo\" title=\"otoricino_big_logo_text\" srcset=\"https:\/\/otorinoticino.ch\/wp-content\/uploads\/2024\/10\/otoricino_big_logo_text.webp 402w, https:\/\/otorinoticino.ch\/wp-content\/uploads\/2024\/10\/otoricino_big_logo_text-300x160.webp 300w\" sizes=\"auto, (max-width: 402px) 100vw, 402px\" \/><\/figure>\n\n<\/div><\/div>\n\n<div class=\"gb-grid-column gb-grid-column-e6a369d3\"><div class=\"gb-container gb-container-e6a369d3\">\n\n<figure class=\"gb-block-image gb-block-image-4096e429\"><img loading=\"lazy\" decoding=\"async\" width=\"919\" height=\"517\" class=\"gb-image gb-image-4096e429\" src=\"https:\/\/otorinoticino.ch\/wp-content\/uploads\/2024\/10\/team.webp\" alt=\"otorinoticino team\" title=\"team\" srcset=\"https:\/\/otorinoticino.ch\/wp-content\/uploads\/2024\/10\/team.webp 919w, https:\/\/otorinoticino.ch\/wp-content\/uploads\/2024\/10\/team-300x169.webp 300w, https:\/\/otorinoticino.ch\/wp-content\/uploads\/2024\/10\/team-768x432.webp 768w\" sizes=\"auto, (max-width: 919px) 100vw, 919px\" \/><\/figure>\n\n<\/div><\/div>\n<\/div>\n\n\n<h2 class=\"gb-headline gb-headline-51de2d2b gb-headline-text\"><strong>M\u00c9DECINS<\/strong><\/h2>\n\n\n<div class=\"gb-grid-wrapper gb-grid-wrapper-e5d47f8c\">\n<div class=\"gb-grid-column gb-grid-column-e05c0e9f\"><div class=\"gb-container gb-container-e05c0e9f\">\n<div class=\"gb-container gb-container-c128e693\">\n\n<figure class=\"gb-block-image gb-block-image-422f1921\"><a href=\"http:\/\/wordpress-example.dvl.to\/dr-thomas-roth\/\" target=\"_blank\" rel=\"noopener noreferrer\"><img loading=\"lazy\" decoding=\"async\" width=\"310\" height=\"410\" class=\"gb-image gb-image-422f1921\" src=\"https:\/\/otorinoticino.ch\/wp-content\/uploads\/2024\/10\/dr-tomath-roth.webp\" alt=\"dr tomath roth\" title=\"dr-tomath-roth\" srcset=\"https:\/\/otorinoticino.ch\/wp-content\/uploads\/2024\/10\/dr-tomath-roth.webp 310w, https:\/\/otorinoticino.ch\/wp-content\/uploads\/2024\/10\/dr-tomath-roth-227x300.webp 227w\" sizes=\"auto, (max-width: 310px) 100vw, 310px\" \/><\/a><\/figure>\n\n<\/div>\n\n<div class=\"gb-container gb-container-07647df8\">\n\n<h3 class=\"gb-headline gb-headline-c8bddff0 gb-headline-text text-decoration-none text-dark\"><a href=\"https:\/\/otorinoticino.ch\/fr\/dr-thomas-roth\/\">KD DR. MED. THOMAS ROTH<\/a><\/h3>\n\n\n\n<p class=\"has-text-align-left\">Professeur clinicien \u00e0 l&rsquo;Universit\u00e9 de Zurich. Sp\u00e9cialiste en Otolaryngologie et en chirurgie cervico faciale (<strong>FMH<\/strong>). \u00c9chographie du cou et de la thyro\u00efde (<strong>SSUM<\/strong>)<br><\/p>\n\n<\/div>\n<\/div><\/div>\n\n<div class=\"gb-grid-column gb-grid-column-bbfb4f98\"><div class=\"gb-container gb-container-bbfb4f98\">\n<div class=\"gb-container gb-container-d3c4b8a9\">\n\n<figure class=\"gb-block-image gb-block-image-f40df381\"><a href=\"http:\/\/wordpress-example.dvl.to\/dr-ssa-isenschmid\/\"><img loading=\"lazy\" decoding=\"async\" width=\"314\" height=\"402\" class=\"gb-image gb-image-f40df381\" src=\"https:\/\/otorinoticino.ch\/wp-content\/uploads\/2024\/10\/dr-ssa-isenschmid.webp\" alt=\"Dr Ssa Isenschmid\" title=\"dr-ssa-isenschmid\" srcset=\"https:\/\/otorinoticino.ch\/wp-content\/uploads\/2024\/10\/dr-ssa-isenschmid.webp 314w, https:\/\/otorinoticino.ch\/wp-content\/uploads\/2024\/10\/dr-ssa-isenschmid-234x300.webp 234w\" sizes=\"auto, (max-width: 314px) 100vw, 314px\" \/><\/a><\/figure>\n\n<\/div>\n\n<div class=\"gb-container gb-container-61274cfb\">\n\n<h3 class=\"gb-headline gb-headline-a51eb692 gb-headline-text text-decoration-none text-dark\"><a href=\"https:\/\/otorinoticino.ch\/fr\/dr-ssa-isenschmid\/\">DR.&nbsp;MED. FLORENCE ISENSCHMID<\/a><\/h3>\n\n\n\n<p>Sp\u00e9cialiste en oto-rhino-laryngologie (<strong>FMH<\/strong>)\u00c9chographie du cou et de la thyro\u00efde (<strong>SSUM<\/strong>)<\/p>\n\n<\/div>\n<\/div><\/div>\n<\/div>\n\n\n<h2 class=\"gb-headline gb-headline-62bceed9 gb-headline-text\">PERSONNEL<\/h2>\n\n\n<div class=\"gb-grid-wrapper gb-grid-wrapper-99d1f7e7\">\n<div class=\"gb-grid-column gb-grid-column-6002cf91\"><div class=\"gb-container gb-container-6002cf91\">\n\n<figure class=\"gb-block-image gb-block-image-79f5ef4f\"><img loading=\"lazy\" decoding=\"async\" width=\"296\" height=\"356\" class=\"gb-image gb-image-79f5ef4f\" src=\"https:\/\/otorinoticino.ch\/wp-content\/uploads\/2024\/10\/Nadja.webp\" alt=\"Infermiera Nadja\" title=\"Nadja\" srcset=\"https:\/\/otorinoticino.ch\/wp-content\/uploads\/2024\/10\/Nadja.webp 296w, https:\/\/otorinoticino.ch\/wp-content\/uploads\/2024\/10\/Nadja-249x300.webp 249w\" sizes=\"auto, (max-width: 296px) 100vw, 296px\" \/><\/figure>\n\n\n<div class=\"gb-container gb-container-3b174511\">\n\n<h3 class=\"gb-headline gb-headline-bcb402ad gb-headline-text\">NADJA<\/h3>\n\n\n\n<p>Infirmi\u00e8re<br>Responsable de l&rsquo;organisation<br>Coach sant\u00e9<br>Expert en nutrition et compl\u00e9ments alimentaires<\/p>\n\n<\/div>\n<\/div><\/div>\n\n<div class=\"gb-grid-column gb-grid-column-2a458bfc\"><div class=\"gb-container gb-container-2a458bfc\">\n\n<figure class=\"gb-block-image gb-block-image-0fad683d\"><img loading=\"lazy\" decoding=\"async\" width=\"296\" height=\"356\" class=\"gb-image gb-image-0fad683d\" src=\"https:\/\/otorinoticino.ch\/wp-content\/uploads\/2024\/10\/Sabrina.webp\" alt=\"Assistente Studio medico Sabrina\n\" title=\"Sabrina\" srcset=\"https:\/\/otorinoticino.ch\/wp-content\/uploads\/2024\/10\/Sabrina.webp 296w, https:\/\/otorinoticino.ch\/wp-content\/uploads\/2024\/10\/Sabrina-249x300.webp 249w\" sizes=\"auto, (max-width: 296px) 100vw, 296px\" \/><\/figure>\n\n\n<div class=\"gb-container gb-container-a536d405\">\n\n<h3 class=\"gb-headline gb-headline-7c53e78a gb-headline-text\">SABRINA<\/h3>\n\n\n\n<p>Assistante du Cabinet M\u00e9dical.<br>Enseignante pour le m\u00e9tiers des assistente du cabinet m\u00e9dical<br>Technicienne en audiom\u00e9trie<br>Gestionnaire de facturation<br>Responsable de la planification des interventions chirurgicales<\/p>\n\n<\/div>\n<\/div><\/div>\n\n<div class=\"gb-grid-column gb-grid-column-4a56cae5\"><div class=\"gb-container gb-container-4a56cae5\">\n\n<figure class=\"gb-block-image gb-block-image-a4996487\"><img loading=\"lazy\" decoding=\"async\" width=\"296\" height=\"356\" class=\"gb-image gb-image-a4996487\" src=\"https:\/\/otorinoticino.ch\/wp-content\/uploads\/2024\/10\/Maite.webp\" alt=\"Segretaria\nResponsabile gestione amministrativa  Maite\" title=\"Maite\" srcset=\"https:\/\/otorinoticino.ch\/wp-content\/uploads\/2024\/10\/Maite.webp 296w, https:\/\/otorinoticino.ch\/wp-content\/uploads\/2024\/10\/Maite-249x300.webp 249w\" sizes=\"auto, (max-width: 296px) 100vw, 296px\" \/><\/figure>\n\n\n<div class=\"gb-container gb-container-d479f430\">\n\n<h3 class=\"gb-headline gb-headline-42ce9d3b gb-headline-text\">MAIT\u00c9<\/h3>\n\n\n\n<p>Secr\u00e9taire<br>Responsable de la gestion administrative<br>Fondatrice de \u201ctinsappono &#8211; cosm\u00e9tiques naturels\u201d<br><a href=\"https:\/\/tinsapono.com\/\" target=\"_blank\" rel=\"noreferrer noopener\">tinsapono.com<\/a><\/p>\n\n<\/div>\n<\/div><\/div>\n\n<div class=\"gb-grid-column gb-grid-column-233f92f0\"><div class=\"gb-container gb-container-233f92f0\">\n\n<figure class=\"gb-block-image gb-block-image-f7c836c8\"><img loading=\"lazy\" decoding=\"async\" width=\"296\" height=\"356\" class=\"gb-image gb-image-f7c836c8\" src=\"https:\/\/otorinoticino.ch\/wp-content\/uploads\/2024\/10\/Giulia.webp\" alt=\"Tecnico audiometrista Giulia\" title=\"Giulia\" srcset=\"https:\/\/otorinoticino.ch\/wp-content\/uploads\/2024\/10\/Giulia.webp 296w, https:\/\/otorinoticino.ch\/wp-content\/uploads\/2024\/10\/Giulia-249x300.webp 249w\" sizes=\"auto, (max-width: 296px) 100vw, 296px\" \/><\/figure>\n\n\n<div class=\"gb-container gb-container-25c7549d\">\n\n<h3 class=\"gb-headline gb-headline-d28ad076 gb-headline-text\">GIULIA<br><\/h3>\n\n\n\n<p>Technicienne en audiometrie et otoneurologie (dipl\u00f4m\u00e9 de l&rsquo;Universit\u00e9 de Milan)<br>Assistance au cabinet m\u00e9dical<\/p>\n\n<\/div>\n<\/div><\/div>\n<\/div>\n\n<div class=\"gb-container gb-container-1ae8f207\">\n\n<h2 class=\"gb-headline gb-headline-94c202cd gb-headline-text\">INT\u00c9RESS\u00c9 \u00c0 COLLABORER?<\/h2>\n\n\n\n<p class=\"has-text-align-center\">Vous souhaitez rejoindre notre \u00e9quipe ou vous recherchez un apprentissage d&rsquo;assistante de cabinet m\u00e9dical ? Nous serons heureux d&rsquo;accueillir votre candidature par e-mail \u00e0&nbsp;<a href=\"mailto:info@otorinoticino.ch\">info@otorinoticino.ch<\/a>&nbsp;ou par courrier \u00e0&nbsp;<strong>Viale Stazione 8 a, 6500 Bellinzona<\/strong>.<\/p>\n\n<\/div>","protected":false},"excerpt":{"rendered":"<p>LE TEAM DE l\u2019 OTORINO TICINO M\u00c9DECINS PERSONNEL INT\u00c9RESS\u00c9 \u00c0 COLLABORER? Vous souhaitez rejoindre notre \u00e9quipe ou vous recherchez un apprentissage d&rsquo;assistante de cabinet m\u00e9dical ? Nous serons heureux d&rsquo;accueillir votre candidature par e-mail \u00e0&nbsp;info@otorinoticino.ch&nbsp;ou par courrier \u00e0&nbsp;Viale Stazione 8 a, 6500 Bellinzona.<\/p>\n","protected":false},"author":1,"featured_media":0,"parent":0,"menu_order":0,"comment_status":"closed","ping_status":"closed","template":"content-template.php","meta":{"_acf_changed":false,"footnotes":""},"class_list":["post-626","page","type-page","status-publish","hentry"],"acf":[],"yoast_head":"<!-- This site is optimized with the Yoast SEO plugin v27.1.1 - https:\/\/yoast.com\/product\/yoast-seo-wordpress\/ -->\n<title>L&#039;\u00c9QUIPE OTORINOTICINO - Studio Otorino Ticino<\/title>\n<meta name=\"robots\" content=\"index, follow, max-snippet:-1, max-image-preview:large, max-video-preview:-1\" \/>\n<link rel=\"canonical\" href=\"https:\/\/otorinoticino.ch\/fr\/team\/\" \/>\n<meta property=\"og:locale\" content=\"fr_FR\" \/>\n<meta property=\"og:type\" content=\"article\" \/>\n<meta property=\"og:title\" content=\"L&#039;\u00c9QUIPE OTORINOTICINO - Studio Otorino Ticino\" \/>\n<meta property=\"og:description\" content=\"LE TEAM DE l\u2019 OTORINO TICINO M\u00c9DECINS PERSONNEL INT\u00c9RESS\u00c9 \u00c0 COLLABORER? Vous souhaitez rejoindre notre \u00e9quipe ou vous recherchez un apprentissage d&rsquo;assistante de cabinet m\u00e9dical ? Nous serons heureux d&rsquo;accueillir votre candidature par e-mail \u00e0&nbsp;info@otorinoticino.ch&nbsp;ou par courrier \u00e0&nbsp;Viale Stazione 8 a, 6500 Bellinzona.\" \/>\n<meta property=\"og:url\" content=\"https:\/\/otorinoticino.ch\/fr\/team\/\" \/>\n<meta property=\"og:site_name\" content=\"Studio OTORINO Ticino\" \/>\n<meta property=\"article:modified_time\" content=\"2024-10-17T12:20:02+00:00\" \/>\n<meta property=\"og:image\" content=\"https:\/\/otorinoticino.ch\/wp-content\/uploads\/2024\/10\/otoricino_big_logo_text.webp\" \/>\n<meta name=\"twitter:card\" content=\"summary_large_image\" \/>\n<meta name=\"twitter:label1\" content=\"Dur\u00e9e de lecture estim\u00e9e\" \/>\n\t<meta name=\"twitter:data1\" content=\"3 minutes\" \/>\n<script type=\"application\/ld+json\" class=\"yoast-schema-graph\">{\"@context\":\"https:\/\/schema.org\",\"@graph\":[{\"@type\":\"WebPage\",\"@id\":\"https:\/\/otorinoticino.ch\/fr\/team\/\",\"url\":\"https:\/\/otorinoticino.ch\/fr\/team\/\",\"name\":\"L'\u00c9QUIPE OTORINOTICINO - Studio Otorino Ticino\",\"isPartOf\":{\"@id\":\"https:\/\/otorinoticino.ch\/fr\/#website\"},\"primaryImageOfPage\":{\"@id\":\"https:\/\/otorinoticino.ch\/fr\/team\/#primaryimage\"},\"image\":{\"@id\":\"https:\/\/otorinoticino.ch\/fr\/team\/#primaryimage\"},\"thumbnailUrl\":\"https:\/\/otorinoticino.ch\/wp-content\/uploads\/2024\/10\/otoricino_big_logo_text.webp\",\"datePublished\":\"2024-10-06T17:07:10+00:00\",\"dateModified\":\"2024-10-17T12:20:02+00:00\",\"breadcrumb\":{\"@id\":\"https:\/\/otorinoticino.ch\/fr\/team\/#breadcrumb\"},\"inLanguage\":\"fr-FR\",\"potentialAction\":[{\"@type\":\"ReadAction\",\"target\":[\"https:\/\/otorinoticino.ch\/fr\/team\/\"]}]},{\"@type\":\"ImageObject\",\"inLanguage\":\"fr-FR\",\"@id\":\"https:\/\/otorinoticino.ch\/fr\/team\/#primaryimage\",\"url\":\"https:\/\/otorinoticino.ch\/wp-content\/uploads\/2024\/10\/otoricino_big_logo_text.webp\",\"contentUrl\":\"https:\/\/otorinoticino.ch\/wp-content\/uploads\/2024\/10\/otoricino_big_logo_text.webp\"},{\"@type\":\"BreadcrumbList\",\"@id\":\"https:\/\/otorinoticino.ch\/fr\/team\/#breadcrumb\",\"itemListElement\":[{\"@type\":\"ListItem\",\"position\":1,\"name\":\"Home\",\"item\":\"https:\/\/otorinoticino.ch\/fr\/\"},{\"@type\":\"ListItem\",\"position\":2,\"name\":\"\u00c9quipe\"}]},{\"@type\":\"WebSite\",\"@id\":\"https:\/\/otorinoticino.ch\/fr\/#website\",\"url\":\"https:\/\/otorinoticino.ch\/fr\/\",\"name\":\"Studio OTORINO Ticino\",\"description\":\"\",\"publisher\":{\"@id\":\"https:\/\/otorinoticino.ch\/fr\/#organization\"},\"potentialAction\":[{\"@type\":\"SearchAction\",\"target\":{\"@type\":\"EntryPoint\",\"urlTemplate\":\"https:\/\/otorinoticino.ch\/fr\/?s={search_term_string}\"},\"query-input\":{\"@type\":\"PropertyValueSpecification\",\"valueRequired\":true,\"valueName\":\"search_term_string\"}}],\"inLanguage\":\"fr-FR\"},{\"@type\":\"Organization\",\"@id\":\"https:\/\/otorinoticino.ch\/fr\/#organization\",\"name\":\"Studio OTORINO Ticino\",\"url\":\"https:\/\/otorinoticino.ch\/fr\/\",\"logo\":{\"@type\":\"ImageObject\",\"inLanguage\":\"fr-FR\",\"@id\":\"https:\/\/otorinoticino.ch\/fr\/#\/schema\/logo\/image\/\",\"url\":\"https:\/\/otorinoticino.ch\/wp-content\/uploads\/2024\/10\/cropped-logo.png\",\"contentUrl\":\"https:\/\/otorinoticino.ch\/wp-content\/uploads\/2024\/10\/cropped-logo.png\",\"width\":522,\"height\":278,\"caption\":\"Studio OTORINO Ticino\"},\"image\":{\"@id\":\"https:\/\/otorinoticino.ch\/fr\/#\/schema\/logo\/image\/\"}}]}<\/script>\n<!-- \/ Yoast SEO plugin. -->","yoast_head_json":{"title":"L'\u00c9QUIPE OTORINOTICINO - Studio Otorino Ticino","robots":{"index":"index","follow":"follow","max-snippet":"max-snippet:-1","max-image-preview":"max-image-preview:large","max-video-preview":"max-video-preview:-1"},"canonical":"https:\/\/otorinoticino.ch\/fr\/team\/","og_locale":"fr_FR","og_type":"article","og_title":"L'\u00c9QUIPE OTORINOTICINO - Studio Otorino Ticino","og_description":"LE TEAM DE l\u2019 OTORINO TICINO M\u00c9DECINS PERSONNEL INT\u00c9RESS\u00c9 \u00c0 COLLABORER? Vous souhaitez rejoindre notre \u00e9quipe ou vous recherchez un apprentissage d&rsquo;assistante de cabinet m\u00e9dical ? Nous serons heureux d&rsquo;accueillir votre candidature par e-mail \u00e0&nbsp;info@otorinoticino.ch&nbsp;ou par courrier \u00e0&nbsp;Viale Stazione 8 a, 6500 Bellinzona.","og_url":"https:\/\/otorinoticino.ch\/fr\/team\/","og_site_name":"Studio OTORINO Ticino","article_modified_time":"2024-10-17T12:20:02+00:00","og_image":[{"url":"https:\/\/otorinoticino.ch\/wp-content\/uploads\/2024\/10\/otoricino_big_logo_text.webp","type":"","width":"","height":""}],"twitter_card":"summary_large_image","twitter_misc":{"Dur\u00e9e de lecture estim\u00e9e":"3 minutes"},"schema":{"@context":"https:\/\/schema.org","@graph":[{"@type":"WebPage","@id":"https:\/\/otorinoticino.ch\/fr\/team\/","url":"https:\/\/otorinoticino.ch\/fr\/team\/","name":"L'\u00c9QUIPE OTORINOTICINO - Studio Otorino Ticino","isPartOf":{"@id":"https:\/\/otorinoticino.ch\/fr\/#website"},"primaryImageOfPage":{"@id":"https:\/\/otorinoticino.ch\/fr\/team\/#primaryimage"},"image":{"@id":"https:\/\/otorinoticino.ch\/fr\/team\/#primaryimage"},"thumbnailUrl":"https:\/\/otorinoticino.ch\/wp-content\/uploads\/2024\/10\/otoricino_big_logo_text.webp","datePublished":"2024-10-06T17:07:10+00:00","dateModified":"2024-10-17T12:20:02+00:00","breadcrumb":{"@id":"https:\/\/otorinoticino.ch\/fr\/team\/#breadcrumb"},"inLanguage":"fr-FR","potentialAction":[{"@type":"ReadAction","target":["https:\/\/otorinoticino.ch\/fr\/team\/"]}]},{"@type":"ImageObject","inLanguage":"fr-FR","@id":"https:\/\/otorinoticino.ch\/fr\/team\/#primaryimage","url":"https:\/\/otorinoticino.ch\/wp-content\/uploads\/2024\/10\/otoricino_big_logo_text.webp","contentUrl":"https:\/\/otorinoticino.ch\/wp-content\/uploads\/2024\/10\/otoricino_big_logo_text.webp"},{"@type":"BreadcrumbList","@id":"https:\/\/otorinoticino.ch\/fr\/team\/#breadcrumb","itemListElement":[{"@type":"ListItem","position":1,"name":"Home","item":"https:\/\/otorinoticino.ch\/fr\/"},{"@type":"ListItem","position":2,"name":"\u00c9quipe"}]},{"@type":"WebSite","@id":"https:\/\/otorinoticino.ch\/fr\/#website","url":"https:\/\/otorinoticino.ch\/fr\/","name":"Studio OTORINO Ticino","description":"","publisher":{"@id":"https:\/\/otorinoticino.ch\/fr\/#organization"},"potentialAction":[{"@type":"SearchAction","target":{"@type":"EntryPoint","urlTemplate":"https:\/\/otorinoticino.ch\/fr\/?s={search_term_string}"},"query-input":{"@type":"PropertyValueSpecification","valueRequired":true,"valueName":"search_term_string"}}],"inLanguage":"fr-FR"},{"@type":"Organization","@id":"https:\/\/otorinoticino.ch\/fr\/#organization","name":"Studio OTORINO Ticino","url":"https:\/\/otorinoticino.ch\/fr\/","logo":{"@type":"ImageObject","inLanguage":"fr-FR","@id":"https:\/\/otorinoticino.ch\/fr\/#\/schema\/logo\/image\/","url":"https:\/\/otorinoticino.ch\/wp-content\/uploads\/2024\/10\/cropped-logo.png","contentUrl":"https:\/\/otorinoticino.ch\/wp-content\/uploads\/2024\/10\/cropped-logo.png","width":522,"height":278,"caption":"Studio OTORINO Ticino"},"image":{"@id":"https:\/\/otorinoticino.ch\/fr\/#\/schema\/logo\/image\/"}}]}},"_links":{"self":[{"href":"https:\/\/otorinoticino.ch\/fr\/wp-json\/wp\/v2\/pages\/626","targetHints":{"allow":["GET"]}}],"collection":[{"href":"https:\/\/otorinoticino.ch\/fr\/wp-json\/wp\/v2\/pages"}],"about":[{"href":"https:\/\/otorinoticino.ch\/fr\/wp-json\/wp\/v2\/types\/page"}],"author":[{"embeddable":true,"href":"https:\/\/otorinoticino.ch\/fr\/wp-json\/wp\/v2\/users\/1"}],"replies":[{"embeddable":true,"href":"https:\/\/otorinoticino.ch\/fr\/wp-json\/wp\/v2\/comments?post=626"}],"version-history":[{"count":11,"href":"https:\/\/otorinoticino.ch\/fr\/wp-json\/wp\/v2\/pages\/626\/revisions"}],"predecessor-version":[{"id":1167,"href":"https:\/\/otorinoticino.ch\/fr\/wp-json\/wp\/v2\/pages\/626\/revisions\/1167"}],"wp:attachment":[{"href":"https:\/\/otorinoticino.ch\/fr\/wp-json\/wp\/v2\/media?parent=626"}],"curies":[{"name":"wp","href":"https:\/\/api.w.org\/{rel}","templated":true}]}}