{"id":622,"date":"2024-10-06T15:15:24","date_gmt":"2024-10-06T15:15:24","guid":{"rendered":"http:\/\/dev.otorinoticino.ch\/?page_id=622"},"modified":"2024-10-17T05:03:49","modified_gmt":"2024-10-17T05:03:49","slug":"vertigine-ed-equilibrio","status":"publish","type":"page","link":"https:\/\/otorinoticino.ch\/fr\/vertigine-ed-equilibrio\/","title":{"rendered":"Vertige et \u00e9quilibre"},"content":{"rendered":"<div class=\"gb-container gb-container-91a56c38\">\n\n<h1 class=\"gb-headline gb-headline-845b527a gb-headline-text\">VERTIGE ET \u00c9QUILIBRE<\/h1>\n\n\n\n<div class=\"d-flex justify-content-center mt-3 mb-3\" style=\"height: 3vh;\">\n    <svg preserveAspectRatio=\"xMidYMid meet\" width=\"25\" height=\"25\" viewBox=\"0 52.749 444 338.551\" xmlns=\"http:\/\/www.w3.org\/2000\/svg\" role=\"presentation\" aria-hidden=\"true\" aria-label=\"\">\n        <g>\n            <path d=\"M276.9 391.3h-1c-6.3-.5-11.5-4.7-13.6-10.4l-97.7-272.7L103 229.4c-2.6 5.2-7.8 8.4-14.1 8.4H15.7C6.8 237.7 0 231 0 222.1s6.8-15.7 15.7-15.7h63.7l74.2-145.2c2.6-5.7 8.9-8.9 15.2-8.4s11.5 4.7 13.6 10.4L279.5 336l61.6-121.2c2.6-5.2 7.8-8.4 14.1-8.4h73.1c8.9 0 15.7 6.8 15.7 15.7 0 8.9-6.8 15.7-15.7 15.7h-63.7L291 383c-2.6 5.2-8.4 8.3-14.1 8.3z\" fill=\"#006ad1\"><\/path>\n        <\/g>\n    <\/svg>\n<\/div>\n\n\n\n<p class=\"has-text-align-center has-text-color has-link-color wp-elements-a7627018fc56623bff12edd784a5dda3\" style=\"color:#2f2b36;font-size:21px\">L&rsquo;\u00e9quilibre dans tous les sens<\/p>\n\n\n\n<h2 class=\"gb-headline gb-headline-c8bddff0 gb-headline-text\">Vos troubles:<\/h2>\n\n\n\n<ul class=\"wp-block-list\">\n<li>Vertiges aigus et chroniques<\/li>\n\n\n\n<li>Troubles de l&rsquo;\u00e9quilibre<\/li>\n\n\n\n<li>Troubles de la marche<\/li>\n\n\n\n<li>Labyrinthite r\u00e9cidivante<\/li>\n\n\n\n<li>Vertige positionnel paroxystique b\u00e9nin (VPPB)<\/li>\n\n\n\n<li>Hydrops et maladie de M\u00e9ni\u00e8re<\/li>\n\n\n\n<li>Migraine vestibulaire<\/li>\n<\/ul>\n\n\n\n<h2 class=\"gb-headline gb-headline-f100d814 gb-headline-text\">Nos services:<\/h2>\n\n\n\n<p><strong>Offre diagnostique<\/strong>:<\/p>\n\n\n\n<ul class=\"wp-block-list\">\n<li>Examen clinique vestibulaire approfondi<\/li>\n\n\n\n<li>Tests auditifs (audiogramme et tympanogramme)<\/li>\n\n\n\n<li>Test auditif approfondi (r\u00e9flexes stap\u00e9diens)<\/li>\n\n\n\n<li>\u00c9missions otoacoustiques<\/li>\n\n\n\n<li>Potentiels \u00e9voqu\u00e9s vestibulaires myog\u00e9niques (VEMP cervicaux et oculaires)<\/li>\n\n\n\n<li>Test d&rsquo;impulsions vid\u00e9o de la t\u00eate&nbsp;vHIT<\/li>\n\n\n\n<li>Examen calorique<\/li>\n<\/ul>\n\n\n\n<p><strong>Offre th\u00e9rapeutique<\/strong>:<\/p>\n\n\n\n<ul class=\"wp-block-list\">\n<li>Th\u00e9rapie m\u00e9dicamenteuse<\/li>\n\n\n\n<li>R\u00e9\u00e9ducation vestibulaire<\/li>\n\n\n\n<li>Coaching individuel<\/li>\n\n\n\n<li>Pr\u00e9vention<\/li>\n<\/ul>\n\n<\/div>","protected":false},"excerpt":{"rendered":"<p>VERTIGE ET \u00c9QUILIBRE L&rsquo;\u00e9quilibre dans tous les sens Vos troubles: Nos services: Offre diagnostique: Offre th\u00e9rapeutique:<\/p>\n","protected":false},"author":1,"featured_media":0,"parent":0,"menu_order":0,"comment_status":"closed","ping_status":"closed","template":"content-template.php","meta":{"_acf_changed":false,"footnotes":""},"class_list":["post-622","page","type-page","status-publish","hentry"],"acf":[],"yoast_head":"<!-- This site is optimized with the Yoast SEO plugin v27.1.1 - https:\/\/yoast.com\/product\/yoast-seo-wordpress\/ -->\n<title>Services vestibulaires sp\u00e9cialis\u00e9s, Lugano, Bellinzona | Studio Otorino Ticino<\/title>\n<meta name=\"description\" content=\"Cabinet m\u00e9dical \u00e9quip\u00e9 pour les examens de la fonction vestibulaire et le traitement des troubles vestibulaires et de divers probl\u00e8mes, y compris les vertiges et les pertes d&#039;\u00e9quilibre. D\u00e9couvrez les services de vestibologie au Tessin.\" \/>\n<meta name=\"robots\" content=\"index, follow, max-snippet:-1, max-image-preview:large, max-video-preview:-1\" \/>\n<link rel=\"canonical\" href=\"https:\/\/otorinoticino.ch\/fr\/vertigine-ed-equilibrio\/\" \/>\n<meta property=\"og:locale\" content=\"fr_FR\" \/>\n<meta property=\"og:type\" content=\"article\" \/>\n<meta property=\"og:title\" content=\"Services vestibulaires sp\u00e9cialis\u00e9s, Lugano, Bellinzona | Studio Otorino Ticino\" \/>\n<meta property=\"og:description\" content=\"Cabinet m\u00e9dical \u00e9quip\u00e9 pour les examens de la fonction vestibulaire et le traitement des troubles vestibulaires et de divers probl\u00e8mes, y compris les vertiges et les pertes d&#039;\u00e9quilibre. D\u00e9couvrez les services de vestibologie au Tessin.\" \/>\n<meta property=\"og:url\" content=\"https:\/\/otorinoticino.ch\/fr\/vertigine-ed-equilibrio\/\" \/>\n<meta property=\"og:site_name\" content=\"Studio OTORINO Ticino\" \/>\n<meta property=\"article:modified_time\" content=\"2024-10-17T05:03:49+00:00\" \/>\n<meta name=\"twitter:card\" content=\"summary_large_image\" \/>\n<meta name=\"twitter:label1\" content=\"Dur\u00e9e de lecture estim\u00e9e\" \/>\n\t<meta name=\"twitter:data1\" content=\"1 minute\" \/>\n<script type=\"application\/ld+json\" class=\"yoast-schema-graph\">{\"@context\":\"https:\/\/schema.org\",\"@graph\":[{\"@type\":\"WebPage\",\"@id\":\"https:\/\/otorinoticino.ch\/fr\/vertigine-ed-equilibrio\/\",\"url\":\"https:\/\/otorinoticino.ch\/fr\/vertigine-ed-equilibrio\/\",\"name\":\"Services vestibulaires sp\u00e9cialis\u00e9s, Lugano, Bellinzona | Studio Otorino Ticino\",\"isPartOf\":{\"@id\":\"https:\/\/otorinoticino.ch\/fr\/#website\"},\"datePublished\":\"2024-10-06T15:15:24+00:00\",\"dateModified\":\"2024-10-17T05:03:49+00:00\",\"description\":\"Cabinet m\u00e9dical \u00e9quip\u00e9 pour les examens de la fonction vestibulaire et le traitement des troubles vestibulaires et de divers probl\u00e8mes, y compris les vertiges et les pertes d'\u00e9quilibre. D\u00e9couvrez les services de vestibologie au Tessin.\",\"breadcrumb\":{\"@id\":\"https:\/\/otorinoticino.ch\/fr\/vertigine-ed-equilibrio\/#breadcrumb\"},\"inLanguage\":\"fr-FR\",\"potentialAction\":[{\"@type\":\"ReadAction\",\"target\":[\"https:\/\/otorinoticino.ch\/fr\/vertigine-ed-equilibrio\/\"]}]},{\"@type\":\"BreadcrumbList\",\"@id\":\"https:\/\/otorinoticino.ch\/fr\/vertigine-ed-equilibrio\/#breadcrumb\",\"itemListElement\":[{\"@type\":\"ListItem\",\"position\":1,\"name\":\"Home\",\"item\":\"https:\/\/otorinoticino.ch\/fr\/\"},{\"@type\":\"ListItem\",\"position\":2,\"name\":\"Vertige et \u00e9quilibre\"}]},{\"@type\":\"WebSite\",\"@id\":\"https:\/\/otorinoticino.ch\/fr\/#website\",\"url\":\"https:\/\/otorinoticino.ch\/fr\/\",\"name\":\"Studio OTORINO Ticino\",\"description\":\"\",\"publisher\":{\"@id\":\"https:\/\/otorinoticino.ch\/fr\/#organization\"},\"potentialAction\":[{\"@type\":\"SearchAction\",\"target\":{\"@type\":\"EntryPoint\",\"urlTemplate\":\"https:\/\/otorinoticino.ch\/fr\/?s={search_term_string}\"},\"query-input\":{\"@type\":\"PropertyValueSpecification\",\"valueRequired\":true,\"valueName\":\"search_term_string\"}}],\"inLanguage\":\"fr-FR\"},{\"@type\":\"Organization\",\"@id\":\"https:\/\/otorinoticino.ch\/fr\/#organization\",\"name\":\"Studio OTORINO Ticino\",\"url\":\"https:\/\/otorinoticino.ch\/fr\/\",\"logo\":{\"@type\":\"ImageObject\",\"inLanguage\":\"fr-FR\",\"@id\":\"https:\/\/otorinoticino.ch\/fr\/#\/schema\/logo\/image\/\",\"url\":\"https:\/\/otorinoticino.ch\/wp-content\/uploads\/2024\/10\/cropped-logo.png\",\"contentUrl\":\"https:\/\/otorinoticino.ch\/wp-content\/uploads\/2024\/10\/cropped-logo.png\",\"width\":522,\"height\":278,\"caption\":\"Studio OTORINO Ticino\"},\"image\":{\"@id\":\"https:\/\/otorinoticino.ch\/fr\/#\/schema\/logo\/image\/\"}}]}<\/script>\n<!-- \/ Yoast SEO plugin. -->","yoast_head_json":{"title":"Services vestibulaires sp\u00e9cialis\u00e9s, Lugano, Bellinzona | Studio Otorino Ticino","description":"Cabinet m\u00e9dical \u00e9quip\u00e9 pour les examens de la fonction vestibulaire et le traitement des troubles vestibulaires et de divers probl\u00e8mes, y compris les vertiges et les pertes d'\u00e9quilibre. D\u00e9couvrez les services de vestibologie au Tessin.","robots":{"index":"index","follow":"follow","max-snippet":"max-snippet:-1","max-image-preview":"max-image-preview:large","max-video-preview":"max-video-preview:-1"},"canonical":"https:\/\/otorinoticino.ch\/fr\/vertigine-ed-equilibrio\/","og_locale":"fr_FR","og_type":"article","og_title":"Services vestibulaires sp\u00e9cialis\u00e9s, Lugano, Bellinzona | Studio Otorino Ticino","og_description":"Cabinet m\u00e9dical \u00e9quip\u00e9 pour les examens de la fonction vestibulaire et le traitement des troubles vestibulaires et de divers probl\u00e8mes, y compris les vertiges et les pertes d'\u00e9quilibre. D\u00e9couvrez les services de vestibologie au Tessin.","og_url":"https:\/\/otorinoticino.ch\/fr\/vertigine-ed-equilibrio\/","og_site_name":"Studio OTORINO Ticino","article_modified_time":"2024-10-17T05:03:49+00:00","twitter_card":"summary_large_image","twitter_misc":{"Dur\u00e9e de lecture estim\u00e9e":"1 minute"},"schema":{"@context":"https:\/\/schema.org","@graph":[{"@type":"WebPage","@id":"https:\/\/otorinoticino.ch\/fr\/vertigine-ed-equilibrio\/","url":"https:\/\/otorinoticino.ch\/fr\/vertigine-ed-equilibrio\/","name":"Services vestibulaires sp\u00e9cialis\u00e9s, Lugano, Bellinzona | Studio Otorino Ticino","isPartOf":{"@id":"https:\/\/otorinoticino.ch\/fr\/#website"},"datePublished":"2024-10-06T15:15:24+00:00","dateModified":"2024-10-17T05:03:49+00:00","description":"Cabinet m\u00e9dical \u00e9quip\u00e9 pour les examens de la fonction vestibulaire et le traitement des troubles vestibulaires et de divers probl\u00e8mes, y compris les vertiges et les pertes d'\u00e9quilibre. D\u00e9couvrez les services de vestibologie au Tessin.","breadcrumb":{"@id":"https:\/\/otorinoticino.ch\/fr\/vertigine-ed-equilibrio\/#breadcrumb"},"inLanguage":"fr-FR","potentialAction":[{"@type":"ReadAction","target":["https:\/\/otorinoticino.ch\/fr\/vertigine-ed-equilibrio\/"]}]},{"@type":"BreadcrumbList","@id":"https:\/\/otorinoticino.ch\/fr\/vertigine-ed-equilibrio\/#breadcrumb","itemListElement":[{"@type":"ListItem","position":1,"name":"Home","item":"https:\/\/otorinoticino.ch\/fr\/"},{"@type":"ListItem","position":2,"name":"Vertige et \u00e9quilibre"}]},{"@type":"WebSite","@id":"https:\/\/otorinoticino.ch\/fr\/#website","url":"https:\/\/otorinoticino.ch\/fr\/","name":"Studio OTORINO Ticino","description":"","publisher":{"@id":"https:\/\/otorinoticino.ch\/fr\/#organization"},"potentialAction":[{"@type":"SearchAction","target":{"@type":"EntryPoint","urlTemplate":"https:\/\/otorinoticino.ch\/fr\/?s={search_term_string}"},"query-input":{"@type":"PropertyValueSpecification","valueRequired":true,"valueName":"search_term_string"}}],"inLanguage":"fr-FR"},{"@type":"Organization","@id":"https:\/\/otorinoticino.ch\/fr\/#organization","name":"Studio OTORINO Ticino","url":"https:\/\/otorinoticino.ch\/fr\/","logo":{"@type":"ImageObject","inLanguage":"fr-FR","@id":"https:\/\/otorinoticino.ch\/fr\/#\/schema\/logo\/image\/","url":"https:\/\/otorinoticino.ch\/wp-content\/uploads\/2024\/10\/cropped-logo.png","contentUrl":"https:\/\/otorinoticino.ch\/wp-content\/uploads\/2024\/10\/cropped-logo.png","width":522,"height":278,"caption":"Studio OTORINO Ticino"},"image":{"@id":"https:\/\/otorinoticino.ch\/fr\/#\/schema\/logo\/image\/"}}]}},"_links":{"self":[{"href":"https:\/\/otorinoticino.ch\/fr\/wp-json\/wp\/v2\/pages\/622","targetHints":{"allow":["GET"]}}],"collection":[{"href":"https:\/\/otorinoticino.ch\/fr\/wp-json\/wp\/v2\/pages"}],"about":[{"href":"https:\/\/otorinoticino.ch\/fr\/wp-json\/wp\/v2\/types\/page"}],"author":[{"embeddable":true,"href":"https:\/\/otorinoticino.ch\/fr\/wp-json\/wp\/v2\/users\/1"}],"replies":[{"embeddable":true,"href":"https:\/\/otorinoticino.ch\/fr\/wp-json\/wp\/v2\/comments?post=622"}],"version-history":[{"count":2,"href":"https:\/\/otorinoticino.ch\/fr\/wp-json\/wp\/v2\/pages\/622\/revisions"}],"predecessor-version":[{"id":1134,"href":"https:\/\/otorinoticino.ch\/fr\/wp-json\/wp\/v2\/pages\/622\/revisions\/1134"}],"wp:attachment":[{"href":"https:\/\/otorinoticino.ch\/fr\/wp-json\/wp\/v2\/media?parent=622"}],"curies":[{"name":"wp","href":"https:\/\/api.w.org\/{rel}","templated":true}]}}