{"id":607,"date":"2024-10-06T15:02:14","date_gmt":"2024-10-06T15:02:14","guid":{"rendered":"http:\/\/dev.otorinoticino.ch\/?page_id=607"},"modified":"2024-10-17T04:48:00","modified_gmt":"2024-10-17T04:48:00","slug":"naso-ed-estetica-facciale","status":"publish","type":"page","link":"https:\/\/otorinoticino.ch\/fr\/naso-ed-estetica-facciale\/","title":{"rendered":"Esth\u00e9tique du nez et du visage"},"content":{"rendered":"<div class=\"gb-container gb-container-91a56c38\">\n\n<h1 class=\"gb-headline gb-headline-845b527a gb-headline-text\">LE NEZ ET L&rsquo;ESTH\u00c9TIQUE DU VISAGE<\/h1>\n\n\n\n<div class=\"d-flex justify-content-center mt-3 mb-3\" style=\"height: 3vh;\">\n    <svg preserveAspectRatio=\"xMidYMid meet\" width=\"25\" height=\"25\" viewBox=\"0 52.749 444 338.551\" xmlns=\"http:\/\/www.w3.org\/2000\/svg\" role=\"presentation\" aria-hidden=\"true\" aria-label=\"\">\n        <g>\n            <path d=\"M276.9 391.3h-1c-6.3-.5-11.5-4.7-13.6-10.4l-97.7-272.7L103 229.4c-2.6 5.2-7.8 8.4-14.1 8.4H15.7C6.8 237.7 0 231 0 222.1s6.8-15.7 15.7-15.7h63.7l74.2-145.2c2.6-5.7 8.9-8.9 15.2-8.4s11.5 4.7 13.6 10.4L279.5 336l61.6-121.2c2.6-5.2 7.8-8.4 14.1-8.4h73.1c8.9 0 15.7 6.8 15.7 15.7 0 8.9-6.8 15.7-15.7 15.7h-63.7L291 383c-2.6 5.2-8.4 8.3-14.1 8.3z\" fill=\"#006ad1\"><\/path>\n        <\/g>\n    <\/svg>\n<\/div>\n\n\n\n<p class=\"has-text-align-center has-text-color has-link-color wp-elements-3a26908f6e0db2760e79e3f49f5f9033\" style=\"color:#2f2b36;font-size:21px\">le nez au milieu &#8211; tout autour du nez<\/p>\n\n\n\n<h3 class=\"gb-headline gb-headline-c8bddff0 gb-headline-text\">Vos troubles:<\/h3>\n\n\n\n<ul class=\"wp-block-list\">\n<li>Sinusite r\u00e9cidivante et sinusite chronique<\/li>\n\n\n\n<li>Polypes nasaux<\/li>\n\n\n\n<li>Rhinite allergique saisonni\u00e8re et perannuelle<\/li>\n\n\n\n<li>Rhinite toxique (exposition \u00e0 des poussi\u00e8res, des vapeurs, etc.)<\/li>\n\n\n\n<li>Rhinite chronique<\/li>\n\n\n\n<li>Rhume chronique<\/li>\n\n\n\n<li>Mucus dans le r\u00e9tropharynx<\/li>\n\n\n\n<li>Maux de t\u00eate r\u00e9currents et c\u00e9phal\u00e9es (front, pommettes, autour&nbsp;des yeux)<\/li>\n\n\n\n<li>Difficult\u00e9s de compensation (en avion, en montagne, sous l&rsquo;eau)<\/li>\n\n\n\n<li>Toux, asthme, bronchites \u00e0 r\u00e9p\u00e9tition<\/li>\n\n\n\n<li>Hyposmie (troubles olfactifs)<\/li>\n<\/ul>\n\n\n\n<h3 class=\"gb-headline gb-headline-f100d814 gb-headline-text\">Nos services:<\/h3>\n\n\n\n<p><strong><br><\/strong><strong>Examen clinique approfondi<\/strong>:<\/p>\n\n\n\n<ul class=\"wp-block-list\">\n<li>Vid\u00e9o endoscopie des fosses nasales<\/li>\n\n\n\n<li>\u00c9valuation de l&rsquo;harmonie et de la sym\u00e9trie du visage<\/li>\n\n\n\n<li>\u00c9valuation fonctionnelle de la respiration nasale (rhinomanom\u00e9trie, test olfactif)<\/li>\n<\/ul>\n\n\n\n<p><strong>Therapie conservative<\/strong>:<\/p>\n\n\n\n<ul class=\"wp-block-list\">\n<li>therapie locale (topique) et syst\u00e9mique<\/li>\n\n\n\n<li>immunotherapie<\/li>\n\n\n\n<li>therapie par micronutriments a base naturelle<\/li>\n\n\n\n<li>phytoth\u00e9rapie<\/li>\n<\/ul>\n\n\n\n<p><strong>Th\u00e9rapie chirurgicale<\/strong>:<\/p>\n\n\n\n<ul class=\"wp-block-list\">\n<li>Turbinoplastie<\/li>\n\n\n\n<li>Septoplastie<\/li>\n\n\n\n<li>Chirurgie endoscopique des sinus (sinusite chronique, polypes nasaux, n\u00e9oplasmes b\u00e9nins et malins)<\/li>\n\n\n\n<li>Chirurgie endoscopique de la base du cr\u00e2ne<\/li>\n\n\n\n<li>Voies lacrymales (dacrocystorhinostomie endoscopique)<\/li>\n\n\n\n<li>Rhinoplastie esth\u00e9tique<\/li>\n\n\n\n<li>Rhinoplastie fonctionnelle<\/li>\n\n\n\n<li>R\u00e9vision de rhinoplastie<\/li>\n\n\n\n<li>Reconstruction du nez (apr\u00e8s traumatisme ou rhinoplastie)<\/li>\n\n\n\n<li>Rhinoplastie non chirurgicale&nbsp;avec des Fillers<\/li>\n<\/ul>\n\n<\/div>\n\n<div class=\"gb-container gb-container-d5acc674\">\n\n<h2 class=\"gb-headline gb-headline-a071b335 gb-headline-text\"><strong>ESTH\u00c9TIQUE DU VISAGE<\/strong><\/h2>\n\n\n\n<div class=\"d-flex justify-content-center mt-3 mb-3\" style=\"height: 3vh;\">\n    <svg preserveAspectRatio=\"xMidYMid meet\" width=\"25\" height=\"25\" viewBox=\"0 52.749 444 338.551\" xmlns=\"http:\/\/www.w3.org\/2000\/svg\" role=\"presentation\" aria-hidden=\"true\" aria-label=\"\">\n        <g>\n            <path d=\"M276.9 391.3h-1c-6.3-.5-11.5-4.7-13.6-10.4l-97.7-272.7L103 229.4c-2.6 5.2-7.8 8.4-14.1 8.4H15.7C6.8 237.7 0 231 0 222.1s6.8-15.7 15.7-15.7h63.7l74.2-145.2c2.6-5.7 8.9-8.9 15.2-8.4s11.5 4.7 13.6 10.4L279.5 336l61.6-121.2c2.6-5.2 7.8-8.4 14.1-8.4h73.1c8.9 0 15.7 6.8 15.7 15.7 0 8.9-6.8 15.7-15.7 15.7h-63.7L291 383c-2.6 5.2-8.4 8.3-14.1 8.3z\" fill=\"#006ad1\"><\/path>\n        <\/g>\n    <\/svg>\n<\/div>\n\n\n\n<p class=\"has-text-align-center has-text-color has-link-color wp-elements-31d1c0069f6c35087177bcc65d657abb\" style=\"color:#2f2b36;font-size:21px\">Individualit\u00e9 et harmonie<\/p>\n\n\n\n<h3 class=\"gb-headline gb-headline-1f823bc0 gb-headline-text\">Vos d\u00e9sirs:<\/h3>\n\n\n\n<p>L&rsquo;esth\u00e9tique est la recherche de la beaut\u00e9. La beaut\u00e9 ne se trouve pas dans la perfection statique et instantan\u00e9e, mais plut\u00f4t dans l&rsquo;harmonie individuelle et dynamique.<\/p>\n\n\n\n<p>Ensemble, nous \u00e9valuons votre demande pour rendre votre visage plus harmonieux et plus expressif.<\/p>\n\n\n\n<h3 class=\"gb-headline gb-headline-9beeedbf gb-headline-text\">Nos offres:<\/h3>\n\n\n\n<ul class=\"wp-block-list\">\n<li>Rhinoplastie<\/li>\n\n\n\n<li>Bl\u00e9pharoplastie<\/li>\n\n\n\n<li>Lifting<\/li>\n\n\n\n<li>Comblement<\/li>\n\n\n\n<li>Botox<\/li>\n\n\n\n<li>Otoplastie<\/li>\n<\/ul>\n\n<\/div>\n\n\n<p><\/p>\n","protected":false},"excerpt":{"rendered":"<p>LE NEZ ET L&rsquo;ESTH\u00c9TIQUE DU VISAGE le nez au milieu &#8211; tout autour du nez Vos troubles: Nos services: Examen clinique approfondi: Therapie conservative: Th\u00e9rapie chirurgicale: ESTH\u00c9TIQUE DU VISAGE Individualit\u00e9 et harmonie Vos d\u00e9sirs: L&rsquo;esth\u00e9tique est la recherche de la beaut\u00e9. La beaut\u00e9 ne se trouve pas dans la perfection statique et instantan\u00e9e, mais plut\u00f4t [&hellip;]<\/p>\n","protected":false},"author":1,"featured_media":0,"parent":0,"menu_order":0,"comment_status":"closed","ping_status":"closed","template":"content-template.php","meta":{"_acf_changed":false,"footnotes":""},"class_list":["post-607","page","type-page","status-publish","hentry"],"acf":[],"yoast_head":"<!-- This site is optimized with the Yoast SEO plugin v27.1.1 - https:\/\/yoast.com\/product\/yoast-seo-wordpress\/ -->\n<title>Nez: Chirurgie esth\u00e9tique et plastique, Lugano, Bellinzona | Studio Otorino Ticino<\/title>\n<meta name=\"description\" content=\"La rhinoplastie est l&#039;une des interventions les plus populaires dans le domaine de l&#039;oto-rhino-laryngologie. Une rhinoplastie au Studio Otorino Ticino est une garantie de beaut\u00e9 et de bien-\u00eatre. D\u00e9couvrez les prix de la rhinoplastie.\" \/>\n<meta name=\"robots\" content=\"index, follow, max-snippet:-1, max-image-preview:large, max-video-preview:-1\" \/>\n<link rel=\"canonical\" href=\"https:\/\/otorinoticino.ch\/fr\/naso-ed-estetica-facciale\/\" \/>\n<meta property=\"og:locale\" content=\"fr_FR\" \/>\n<meta property=\"og:type\" content=\"article\" \/>\n<meta property=\"og:title\" content=\"Nez: Chirurgie esth\u00e9tique et plastique, Lugano, Bellinzona | Studio Otorino Ticino\" \/>\n<meta property=\"og:description\" content=\"La rhinoplastie est l&#039;une des interventions les plus populaires dans le domaine de l&#039;oto-rhino-laryngologie. Une rhinoplastie au Studio Otorino Ticino est une garantie de beaut\u00e9 et de bien-\u00eatre. D\u00e9couvrez les prix de la rhinoplastie.\" \/>\n<meta property=\"og:url\" content=\"https:\/\/otorinoticino.ch\/fr\/naso-ed-estetica-facciale\/\" \/>\n<meta property=\"og:site_name\" content=\"Studio OTORINO Ticino\" \/>\n<meta property=\"article:modified_time\" content=\"2024-10-17T04:48:00+00:00\" \/>\n<meta name=\"twitter:card\" content=\"summary_large_image\" \/>\n<script type=\"application\/ld+json\" class=\"yoast-schema-graph\">{\"@context\":\"https:\/\/schema.org\",\"@graph\":[{\"@type\":\"WebPage\",\"@id\":\"https:\/\/otorinoticino.ch\/fr\/naso-ed-estetica-facciale\/\",\"url\":\"https:\/\/otorinoticino.ch\/fr\/naso-ed-estetica-facciale\/\",\"name\":\"Nez: Chirurgie esth\u00e9tique et plastique, Lugano, Bellinzona | Studio Otorino Ticino\",\"isPartOf\":{\"@id\":\"https:\/\/otorinoticino.ch\/fr\/#website\"},\"datePublished\":\"2024-10-06T15:02:14+00:00\",\"dateModified\":\"2024-10-17T04:48:00+00:00\",\"description\":\"La rhinoplastie est l'une des interventions les plus populaires dans le domaine de l'oto-rhino-laryngologie. Une rhinoplastie au Studio Otorino Ticino est une garantie de beaut\u00e9 et de bien-\u00eatre. D\u00e9couvrez les prix de la rhinoplastie.\",\"breadcrumb\":{\"@id\":\"https:\/\/otorinoticino.ch\/fr\/naso-ed-estetica-facciale\/#breadcrumb\"},\"inLanguage\":\"fr-FR\",\"potentialAction\":[{\"@type\":\"ReadAction\",\"target\":[\"https:\/\/otorinoticino.ch\/fr\/naso-ed-estetica-facciale\/\"]}]},{\"@type\":\"BreadcrumbList\",\"@id\":\"https:\/\/otorinoticino.ch\/fr\/naso-ed-estetica-facciale\/#breadcrumb\",\"itemListElement\":[{\"@type\":\"ListItem\",\"position\":1,\"name\":\"Home\",\"item\":\"https:\/\/otorinoticino.ch\/fr\/\"},{\"@type\":\"ListItem\",\"position\":2,\"name\":\"Esth\u00e9tique du nez et du visage\"}]},{\"@type\":\"WebSite\",\"@id\":\"https:\/\/otorinoticino.ch\/fr\/#website\",\"url\":\"https:\/\/otorinoticino.ch\/fr\/\",\"name\":\"Studio OTORINO Ticino\",\"description\":\"\",\"publisher\":{\"@id\":\"https:\/\/otorinoticino.ch\/fr\/#organization\"},\"potentialAction\":[{\"@type\":\"SearchAction\",\"target\":{\"@type\":\"EntryPoint\",\"urlTemplate\":\"https:\/\/otorinoticino.ch\/fr\/?s={search_term_string}\"},\"query-input\":{\"@type\":\"PropertyValueSpecification\",\"valueRequired\":true,\"valueName\":\"search_term_string\"}}],\"inLanguage\":\"fr-FR\"},{\"@type\":\"Organization\",\"@id\":\"https:\/\/otorinoticino.ch\/fr\/#organization\",\"name\":\"Studio OTORINO Ticino\",\"url\":\"https:\/\/otorinoticino.ch\/fr\/\",\"logo\":{\"@type\":\"ImageObject\",\"inLanguage\":\"fr-FR\",\"@id\":\"https:\/\/otorinoticino.ch\/fr\/#\/schema\/logo\/image\/\",\"url\":\"https:\/\/otorinoticino.ch\/wp-content\/uploads\/2024\/10\/cropped-logo.png\",\"contentUrl\":\"https:\/\/otorinoticino.ch\/wp-content\/uploads\/2024\/10\/cropped-logo.png\",\"width\":522,\"height\":278,\"caption\":\"Studio OTORINO Ticino\"},\"image\":{\"@id\":\"https:\/\/otorinoticino.ch\/fr\/#\/schema\/logo\/image\/\"}}]}<\/script>\n<!-- \/ Yoast SEO plugin. -->","yoast_head_json":{"title":"Nez: Chirurgie esth\u00e9tique et plastique, Lugano, Bellinzona | Studio Otorino Ticino","description":"La rhinoplastie est l'une des interventions les plus populaires dans le domaine de l'oto-rhino-laryngologie. Une rhinoplastie au Studio Otorino Ticino est une garantie de beaut\u00e9 et de bien-\u00eatre. D\u00e9couvrez les prix de la rhinoplastie.","robots":{"index":"index","follow":"follow","max-snippet":"max-snippet:-1","max-image-preview":"max-image-preview:large","max-video-preview":"max-video-preview:-1"},"canonical":"https:\/\/otorinoticino.ch\/fr\/naso-ed-estetica-facciale\/","og_locale":"fr_FR","og_type":"article","og_title":"Nez: Chirurgie esth\u00e9tique et plastique, Lugano, Bellinzona | Studio Otorino Ticino","og_description":"La rhinoplastie est l'une des interventions les plus populaires dans le domaine de l'oto-rhino-laryngologie. Une rhinoplastie au Studio Otorino Ticino est une garantie de beaut\u00e9 et de bien-\u00eatre. D\u00e9couvrez les prix de la rhinoplastie.","og_url":"https:\/\/otorinoticino.ch\/fr\/naso-ed-estetica-facciale\/","og_site_name":"Studio OTORINO Ticino","article_modified_time":"2024-10-17T04:48:00+00:00","twitter_card":"summary_large_image","schema":{"@context":"https:\/\/schema.org","@graph":[{"@type":"WebPage","@id":"https:\/\/otorinoticino.ch\/fr\/naso-ed-estetica-facciale\/","url":"https:\/\/otorinoticino.ch\/fr\/naso-ed-estetica-facciale\/","name":"Nez: Chirurgie esth\u00e9tique et plastique, Lugano, Bellinzona | Studio Otorino Ticino","isPartOf":{"@id":"https:\/\/otorinoticino.ch\/fr\/#website"},"datePublished":"2024-10-06T15:02:14+00:00","dateModified":"2024-10-17T04:48:00+00:00","description":"La rhinoplastie est l'une des interventions les plus populaires dans le domaine de l'oto-rhino-laryngologie. Une rhinoplastie au Studio Otorino Ticino est une garantie de beaut\u00e9 et de bien-\u00eatre. D\u00e9couvrez les prix de la rhinoplastie.","breadcrumb":{"@id":"https:\/\/otorinoticino.ch\/fr\/naso-ed-estetica-facciale\/#breadcrumb"},"inLanguage":"fr-FR","potentialAction":[{"@type":"ReadAction","target":["https:\/\/otorinoticino.ch\/fr\/naso-ed-estetica-facciale\/"]}]},{"@type":"BreadcrumbList","@id":"https:\/\/otorinoticino.ch\/fr\/naso-ed-estetica-facciale\/#breadcrumb","itemListElement":[{"@type":"ListItem","position":1,"name":"Home","item":"https:\/\/otorinoticino.ch\/fr\/"},{"@type":"ListItem","position":2,"name":"Esth\u00e9tique du nez et du visage"}]},{"@type":"WebSite","@id":"https:\/\/otorinoticino.ch\/fr\/#website","url":"https:\/\/otorinoticino.ch\/fr\/","name":"Studio OTORINO Ticino","description":"","publisher":{"@id":"https:\/\/otorinoticino.ch\/fr\/#organization"},"potentialAction":[{"@type":"SearchAction","target":{"@type":"EntryPoint","urlTemplate":"https:\/\/otorinoticino.ch\/fr\/?s={search_term_string}"},"query-input":{"@type":"PropertyValueSpecification","valueRequired":true,"valueName":"search_term_string"}}],"inLanguage":"fr-FR"},{"@type":"Organization","@id":"https:\/\/otorinoticino.ch\/fr\/#organization","name":"Studio OTORINO Ticino","url":"https:\/\/otorinoticino.ch\/fr\/","logo":{"@type":"ImageObject","inLanguage":"fr-FR","@id":"https:\/\/otorinoticino.ch\/fr\/#\/schema\/logo\/image\/","url":"https:\/\/otorinoticino.ch\/wp-content\/uploads\/2024\/10\/cropped-logo.png","contentUrl":"https:\/\/otorinoticino.ch\/wp-content\/uploads\/2024\/10\/cropped-logo.png","width":522,"height":278,"caption":"Studio OTORINO Ticino"},"image":{"@id":"https:\/\/otorinoticino.ch\/fr\/#\/schema\/logo\/image\/"}}]}},"_links":{"self":[{"href":"https:\/\/otorinoticino.ch\/fr\/wp-json\/wp\/v2\/pages\/607","targetHints":{"allow":["GET"]}}],"collection":[{"href":"https:\/\/otorinoticino.ch\/fr\/wp-json\/wp\/v2\/pages"}],"about":[{"href":"https:\/\/otorinoticino.ch\/fr\/wp-json\/wp\/v2\/types\/page"}],"author":[{"embeddable":true,"href":"https:\/\/otorinoticino.ch\/fr\/wp-json\/wp\/v2\/users\/1"}],"replies":[{"embeddable":true,"href":"https:\/\/otorinoticino.ch\/fr\/wp-json\/wp\/v2\/comments?post=607"}],"version-history":[{"count":2,"href":"https:\/\/otorinoticino.ch\/fr\/wp-json\/wp\/v2\/pages\/607\/revisions"}],"predecessor-version":[{"id":1118,"href":"https:\/\/otorinoticino.ch\/fr\/wp-json\/wp\/v2\/pages\/607\/revisions\/1118"}],"wp:attachment":[{"href":"https:\/\/otorinoticino.ch\/fr\/wp-json\/wp\/v2\/media?parent=607"}],"curies":[{"name":"wp","href":"https:\/\/api.w.org\/{rel}","templated":true}]}}