{"id":601,"date":"2024-10-06T16:01:01","date_gmt":"2024-10-06T16:01:01","guid":{"rendered":"http:\/\/dev.otorinoticino.ch\/?page_id=601"},"modified":"2024-10-28T17:27:58","modified_gmt":"2024-10-28T17:27:58","slug":"medicina-dello-stress","status":"publish","type":"page","link":"https:\/\/otorinoticino.ch\/fr\/medicina-dello-stress\/","title":{"rendered":"M\u00e9decine du stress"},"content":{"rendered":"<div class=\"gb-container gb-container-91a56c38\">\n\n<h1 class=\"gb-headline gb-headline-845b527a gb-headline-text\">M\u00c9DECINE DU STRESS<\/h1>\n\n\n\n<div class=\"d-flex justify-content-center mt-3 mb-3\" style=\"height: 3vh;\">\n    <svg preserveAspectRatio=\"xMidYMid meet\" width=\"25\" height=\"25\" viewBox=\"0 52.749 444 338.551\" xmlns=\"http:\/\/www.w3.org\/2000\/svg\" role=\"presentation\" aria-hidden=\"true\" aria-label=\"\">\n        <g>\n            <path d=\"M276.9 391.3h-1c-6.3-.5-11.5-4.7-13.6-10.4l-97.7-272.7L103 229.4c-2.6 5.2-7.8 8.4-14.1 8.4H15.7C6.8 237.7 0 231 0 222.1s6.8-15.7 15.7-15.7h63.7l74.2-145.2c2.6-5.7 8.9-8.9 15.2-8.4s11.5 4.7 13.6 10.4L279.5 336l61.6-121.2c2.6-5.2 7.8-8.4 14.1-8.4h73.1c8.9 0 15.7 6.8 15.7 15.7 0 8.9-6.8 15.7-15.7 15.7h-63.7L291 383c-2.6 5.2-8.4 8.3-14.1 8.3z\" fill=\"#006ad1\"><\/path>\n        <\/g>\n    <\/svg>\n<\/div>\n\n\n\n<h2 class=\"gb-headline gb-headline-c8bddff0 gb-headline-text\">Qu&rsquo;est-ce que le stress d&rsquo;un point de vue biologique?<\/h2>\n\n\n\n<p>Le mot \u00ab stress \u00bb vient de la langue anglaise et a de nombreuses significations, telles que pression, tension, contrainte, stress. Le \u00ab stress \u00bb provoque une r\u00e9action biologique dans notre corps, \u00e0 savoir l&rsquo;activation et la lib\u00e9ration d&rsquo;adr\u00e9naline et de cortisol par le syst\u00e8me nerveux sympathique et les glandes surr\u00e9nales, ce qui nous met en \u00e9tat de lutte ou de fuite.<br>Le stress aigu a une fonction protectrice, favorisant ainsi les r\u00e9actions de sauvetage. En revanche, le stress chronique repr\u00e9sente une menace consid\u00e9rable pour notre organisme et a des effets n\u00e9fastes sur notre sant\u00e9 ; il affecte insidieusement nos \u00e9motions et influence imperceptiblement nos sch\u00e9mas de pens\u00e9e, sans oublier qu&rsquo;il entra\u00eene des changements de comportement ind\u00e9sirables, qui ont \u00e0 leur tour un impact n\u00e9gatif sur notre environnement. Il n&rsquo;est pas rare que le r\u00e9sultat final soit l&rsquo;isolement, voire l&rsquo;effondrement \u00e9motionnel ou mental.<br>Le stress chronique affaiblit notre syst\u00e8me immunitaire et endommage notre corps (voir aussi&nbsp;<a href=\"https:\/\/otorinoticino.ch\/fr\/alimentazione\">l&rsquo;alimentation<\/a>). La seule question qui se pose alors est de savoir o\u00f9 se trouve notre \u00ab tallon d&rsquo;Achille \u00bb, notre point faible, que les premiers temps de la m\u00e9decine moderne appelaient \u00ab locus minoris resistentiae \u00bb, un lieu de r\u00e9sistance mineure.<\/p>\n\n\n\n<h2 class=\"gb-headline gb-headline-53232132 gb-headline-text\">Fatigue et \u00e9puisement: les sympt\u00f4mes dominants, mais pas seulement&#8230;<\/h2>\n\n\n\n<p>Statistiquement, deux tiers de la population souffrent d&rsquo;\u00e9puisement et de fatigue chroniques. C&rsquo;est presque devenu une maladie populaire. D&rsquo;une part, les causes sont des situations de stress chronique, qui peuvent \u00eatre d&rsquo;origine professionnelle, familiale ou \u00e9motionnelle ; mais c&rsquo;est souvent la combinaison de plusieurs facteurs qui r\u00e9duit nos performances et met en p\u00e9ril notre sant\u00e9 \u00e0 long terme. D&rsquo;autre part, les phases de r\u00e9cup\u00e9ration sont g\u00e9n\u00e9ralement trop courtes, de sorte que notre syst\u00e8me (corps et esprit) ne peut pas se r\u00e9g\u00e9n\u00e9rer suffisamment.<br>De nombreuses maladies sont caus\u00e9es par un stress chronique excessif. D&rsquo;un point de vue ORL, apr\u00e8s avoir exclu d&rsquo;autres causes bien s\u00fbr, les plaintes suivantes sont \u00e9voqu\u00e9es:<\/p>\n\n\n\n<ul class=\"wp-block-list\">\n<li>acouph\u00e8nes (bourdonnements d&rsquo;oreille)<\/li>\n\n\n\n<li>surdit\u00e9 soudaine (perte auditive aigu\u00eb)<\/li>\n\n\n\n<li>inflammation chronique des voies respiratoires (gorge, amygdales, sinus paranasaux)<\/li>\n\n\n\n<li>douleurs musculaires au niveau du cou et troubles de la colonne cervicale<\/li>\n<\/ul>\n\n\n\n<p>Des vertiges et une sensation d&rsquo;\u00e9bri\u00e9t\u00e9 peuvent \u00e9galement \u00eatre des signes d&rsquo;\u00e9puisement ou des signes avant-coureurs d&rsquo;un d\u00e9but de burn-out.<br>En outre, les maladies suivantes sont des signes avant-coureurs de stress chronique et doivent \u00eatre prises tr\u00e8s au s\u00e9rieux:<\/p>\n\n\n\n<ul class=\"wp-block-list\">\n<li>Troubles de l&rsquo;estomac et de l&rsquo;intestin<\/li>\n\n\n\n<li>Hypertension art\u00e9rielle et maladies cardiaques (infarctus, attaque c\u00e9r\u00e9brale)<\/li>\n\n\n\n<li>Maladies immunologiques et auto-immunes<\/li>\n\n\n\n<li>Troubles de l&rsquo;alimentation<\/li>\n\n\n\n<li>Troubles de l&rsquo;anxi\u00e9t\u00e9<\/li>\n\n\n\n<li>Troubles de la douleur (n\u00e9vralgie obscure)<\/li>\n\n\n\n<li>D\u00e9pression et \u00e9puisement professionnel<\/li>\n<\/ul>\n\n\n\n<p>Il est int\u00e9ressant de regarder le documentaire YouTube&nbsp;<a href=\"https:\/\/youtu.be\/eYG0ZuTv5rs?feature=shared\" target=\"_blank\" rel=\"noreferrer noopener\">Stress &#8211; portrait of a Killer<\/a>&nbsp;de National Geographics (2008).<\/p>\n\n\n\n<h2 class=\"gb-headline gb-headline-c62de957 gb-headline-text\">Les diff\u00e9rentes formes de stress<\/h2>\n\n\n\n<p>Toutes les formes de stress se manifestent t\u00f4t ou tard dans l&rsquo;organisme. Lors de la classification du stress, il existe souvent des formes mixtes et il convient de tenir compte de l&rsquo;ensemble. On distingue \u00e9galement le stress aigu du stress chronique:<br>1. Le stress psychosocial<\/p>\n\n\n\n<ul class=\"wp-block-list\">\n<li>Incertitude (g\u00e9opolitique, professionnelle, relationnelle)<\/li>\n\n\n\n<li>Incontr\u00f4labilit\u00e9 (-&gt; \u00ab Le contr\u00f4le est une illusion \u00bb)<\/li>\n\n\n\n<li>Menace<\/li>\n\n\n\n<li>\u00c9l\u00e9ments nouveaux ou inconnus<\/li>\n\n\n\n<li>Exigences et attentes en mati\u00e8re de performances (personnelles, familiales, professionnelles, relationnelles)<\/li>\n\n\n\n<li>Insultes, humiliations, marginalisation, isolement<\/li>\n<\/ul>\n\n\n\n<p>2. Physique<\/p>\n\n\n\n<ul class=\"wp-block-list\">\n<li>Douleur<\/li>\n\n\n\n<li>Traumatisme (accident, op\u00e9ration)<\/li>\n\n\n\n<li>Infection<\/li>\n\n\n\n<li>Inflammation (-&gt; inflammaging)<\/li>\n\n\n\n<li>Sport de comp\u00e9tition (excessif)<\/li>\n<\/ul>\n\n\n\n<p>3. Produits chimiques<\/p>\n\n\n\n<ul class=\"wp-block-list\">\n<li>Tabac et alcool<\/li>\n\n\n\n<li>Pesticides et herbicides<\/li>\n\n\n\n<li>Antibiotiques et m\u00e9dicaments<\/li>\n\n\n\n<li>Conservateurs<\/li>\n\n\n\n<li>M\u00e9taux lourds (aluminium, amalgame, plomb, etc.)<\/li>\n\n\n\n<li>Pollution environnementale (gaz d&rsquo;\u00e9chappement, poussi\u00e8re de frein, etc.)<\/li>\n\n\n\n<li>Cosm\u00e9tiques : rouges \u00e0 l\u00e8vres, cr\u00e8mes, peintures, sprays, etc.<\/li>\n\n\n\n<li>D\u00e9odorants et parfums<\/li>\n\n\n\n<li>Colorants, peintures, etc.<\/li>\n<\/ul>\n\n\n\n<p>La liste peut \u00eatre allong\u00e9e presque \u00e0 l&rsquo;infini. Lorsque les diff\u00e9rents facteurs de stress s&rsquo;additionnent, ils ont, au fil du temps, un effet particuli\u00e8rement n\u00e9faste sur l&rsquo;organisme (synergie n\u00e9gative).<\/p>\n\n\n\n<h2 class=\"gb-headline gb-headline-50e8f8bf gb-headline-text\">Le stress est tangible<\/h2>\n\n\n\n<p>Si vous constatez un changement de comportement, il est conseill\u00e9 de rechercher d\u2019\u00e9ventuelles causes li\u00e9es au stress. En plus des maladies mentionn\u00e9es ci-dessus, les sympt\u00f4mes et comportements suivants sont li\u00e9s au stress, quelle qu\u2019en soit l\u2019origine, et doivent \u00eatre pris en consid\u00e9ration s\u00e9rieusement:<\/p>\n\n\n\n<ul class=\"wp-block-list\">\n<li>Manque de concentration<\/li>\n\n\n\n<li>Troubles du sommeil<\/li>\n\n\n\n<li>Manque de curiosit\u00e9 et d&rsquo;initiative<\/li>\n\n\n\n<li>Diminution du plaisir de vivre et apathie<\/li>\n\n\n\n<li>Perte de libido<\/li>\n\n\n\n<li>Col\u00e8re, rage, agressivit\u00e9<\/li>\n\n\n\n<li>Frustration, isolement<\/li>\n\n\n\n<li>Incapacit\u00e9 \u00e0 se d\u00e9tendre<\/li>\n\n\n\n<li>Peurs et panique \u00ab infond\u00e9es \u00bb<\/li>\n\n\n\n<li>Nervosit\u00e9, irritabilit\u00e9, perte de contr\u00f4le des impulsions<\/li>\n\n\n\n<li>Comportement compensatoire et addiction<\/li>\n\n\n\n<li>Comportement st\u00e9r\u00e9otyp\u00e9 (\u00ab pilote automatique \u00bb)<\/li>\n<\/ul>\n\n\n\n<h2 class=\"gb-headline gb-headline-9bacbde4 gb-headline-text\">Le stress est mesurable<\/h2>\n\n\n\n<p>Gr\u00e2ce \u00e0 la recherche scientifique et aux d\u00e9veloppements techniques, il est aujourd&rsquo;hui possible de cr\u00e9er un profil de stress ou de d\u00e9finir notre niveau de stress ; il s&rsquo;agit d&rsquo;un questionnaire, d&rsquo;analyses de salive et d&rsquo;urine (pouvant \u00eatre r\u00e9alis\u00e9es \u00e0 domicile) et d&rsquo;une mesure de la variabilit\u00e9 de la fr\u00e9quence cardiaque (HRV = Heart Rate Variability). Une mesure et une \u00e9valuation valid\u00e9es&nbsp;permettent le test de contrainte int\u00e9gral (<a href=\"https:\/\/www.yourprevention.com\/\" target=\"_blank\" rel=\"noreferrer noopener\">Integraler Stresstest\u00ae)<\/a>. Les r\u00e9sultats permettent une \u00e9valuation fiable de notre vuln\u00e9rabilit\u00e9, c&rsquo;est-\u00e0-dire notre susceptibilit\u00e9 ou pr\u00e9disposition aux maladies chroniques. En fonction des r\u00e9sultats et des sympt\u00f4mes physiques, des mesures th\u00e9rapeutiques cibl\u00e9es sont recommand\u00e9es pour pr\u00e9venir ces maladies et\/ou pour augmenter la vitalit\u00e9 et le plaisir de vivre.<\/p>\n\n\n\n<h2 class=\"gb-headline gb-headline-6f93c581 gb-headline-text\">Coaching anti-stress<\/h2>\n\n\n\n<p>Les sujets suivants font partie du programme de traitement et seront abord\u00e9s dans un ordre cons\u00e9cutif&nbsp;:<\/p>\n\n\n\n<p><br>1.&nbsp;<a href=\"https:\/\/otorinoticino.ch\/fr\/integrative-holistic-health\">Int\u00e9gration de micronutriments<\/a>&nbsp;(vitamines, min\u00e9raux, etc.)<br>\u00e9ventuellement des neuromodulateurs suppl\u00e9mentaires (pas d&rsquo;antid\u00e9presseurs ni d&rsquo;antipsychotiques !) et des substances bio-identiques (pr\u00e9curseurs de neurotransmetteurs)<br>2. Relaxation, techniques de relaxation et pleine conscience<br>3. modification ou adaptation du comportement<\/p>\n\n\n\n<ul class=\"wp-block-list\">\n<li><a href=\"https:\/\/otorinoticino.ch\/fr\/alimentazione\">R\u00e9gime<\/a><\/li>\n\n\n\n<li>\u00c9quilibre travail-vie personnelle<\/li>\n\n\n\n<li>Gestion du stress<\/li>\n\n\n\n<li>Activit\u00e9 physique et mouvement<\/li>\n\n\n\n<li>Hygi\u00e8ne du sommeil<\/li>\n\n\n\n<li>Mod\u00e8les de pens\u00e9e et syst\u00e8me de valeurs psycho-mentales<\/li>\n\n\n\n<li>Traitement cibl\u00e9 possible des traumatismes psychologiques.<\/li>\n<\/ul>\n\n\n\n<p>Le principe suivant s\u2019applique \u00e0 toutes les mesures: changer ce qui peut l\u2019\u00eatre. De plus, les petits changements qui vont dans la bonne direction sont bien plus efficaces que les grands sauts qui risquent de vous faire chuter. Notre objectif est d\u2019obtenir des r\u00e9sultats stables \u00e0 long terme. De plus amples informations \u00e0 ce sujet sont disponibles dans la section \u00c9nergie et vitalit\u00e9.<\/p>\n\n<\/div>","protected":false},"excerpt":{"rendered":"<p>M\u00c9DECINE DU STRESS Qu&rsquo;est-ce que le stress d&rsquo;un point de vue biologique? Le mot \u00ab stress \u00bb vient de la langue anglaise et a de nombreuses significations, telles que pression, tension, contrainte, stress. Le \u00ab stress \u00bb provoque une r\u00e9action biologique dans notre corps, \u00e0 savoir l&rsquo;activation et la lib\u00e9ration d&rsquo;adr\u00e9naline et de cortisol par [&hellip;]<\/p>\n","protected":false},"author":1,"featured_media":0,"parent":0,"menu_order":0,"comment_status":"closed","ping_status":"closed","template":"content-template.php","meta":{"_acf_changed":false,"footnotes":""},"class_list":["post-601","page","type-page","status-publish","hentry"],"acf":[],"yoast_head":"<!-- This site is optimized with the Yoast SEO plugin v27.1.1 - https:\/\/yoast.com\/product\/yoast-seo-wordpress\/ -->\n<title>M\u00e9decine du stress | Studio Otorino Ticino<\/title>\n<meta name=\"robots\" content=\"index, follow, max-snippet:-1, max-image-preview:large, max-video-preview:-1\" \/>\n<link rel=\"canonical\" href=\"https:\/\/otorinoticino.ch\/fr\/medicina-dello-stress\/\" \/>\n<meta property=\"og:locale\" content=\"fr_FR\" \/>\n<meta property=\"og:type\" content=\"article\" \/>\n<meta property=\"og:title\" content=\"M\u00e9decine du stress | Studio Otorino Ticino\" \/>\n<meta property=\"og:description\" content=\"M\u00c9DECINE DU STRESS Qu&rsquo;est-ce que le stress d&rsquo;un point de vue biologique? Le mot \u00ab stress \u00bb vient de la langue anglaise et a de nombreuses significations, telles que pression, tension, contrainte, stress. Le \u00ab stress \u00bb provoque une r\u00e9action biologique dans notre corps, \u00e0 savoir l&rsquo;activation et la lib\u00e9ration d&rsquo;adr\u00e9naline et de cortisol par [&hellip;]\" \/>\n<meta property=\"og:url\" content=\"https:\/\/otorinoticino.ch\/fr\/medicina-dello-stress\/\" \/>\n<meta property=\"og:site_name\" content=\"Studio OTORINO Ticino\" \/>\n<meta property=\"article:modified_time\" content=\"2024-10-28T17:27:58+00:00\" \/>\n<meta name=\"twitter:card\" content=\"summary_large_image\" \/>\n<meta name=\"twitter:label1\" content=\"Dur\u00e9e de lecture estim\u00e9e\" \/>\n\t<meta name=\"twitter:data1\" content=\"5 minutes\" \/>\n<script type=\"application\/ld+json\" class=\"yoast-schema-graph\">{\"@context\":\"https:\/\/schema.org\",\"@graph\":[{\"@type\":\"WebPage\",\"@id\":\"https:\/\/otorinoticino.ch\/fr\/medicina-dello-stress\/\",\"url\":\"https:\/\/otorinoticino.ch\/fr\/medicina-dello-stress\/\",\"name\":\"M\u00e9decine du stress | Studio Otorino Ticino\",\"isPartOf\":{\"@id\":\"https:\/\/otorinoticino.ch\/fr\/#website\"},\"datePublished\":\"2024-10-06T16:01:01+00:00\",\"dateModified\":\"2024-10-28T17:27:58+00:00\",\"breadcrumb\":{\"@id\":\"https:\/\/otorinoticino.ch\/fr\/medicina-dello-stress\/#breadcrumb\"},\"inLanguage\":\"fr-FR\",\"potentialAction\":[{\"@type\":\"ReadAction\",\"target\":[\"https:\/\/otorinoticino.ch\/fr\/medicina-dello-stress\/\"]}]},{\"@type\":\"BreadcrumbList\",\"@id\":\"https:\/\/otorinoticino.ch\/fr\/medicina-dello-stress\/#breadcrumb\",\"itemListElement\":[{\"@type\":\"ListItem\",\"position\":1,\"name\":\"Home\",\"item\":\"https:\/\/otorinoticino.ch\/fr\/\"},{\"@type\":\"ListItem\",\"position\":2,\"name\":\"M\u00e9decine du stress\"}]},{\"@type\":\"WebSite\",\"@id\":\"https:\/\/otorinoticino.ch\/fr\/#website\",\"url\":\"https:\/\/otorinoticino.ch\/fr\/\",\"name\":\"Studio OTORINO Ticino\",\"description\":\"\",\"publisher\":{\"@id\":\"https:\/\/otorinoticino.ch\/fr\/#organization\"},\"potentialAction\":[{\"@type\":\"SearchAction\",\"target\":{\"@type\":\"EntryPoint\",\"urlTemplate\":\"https:\/\/otorinoticino.ch\/fr\/?s={search_term_string}\"},\"query-input\":{\"@type\":\"PropertyValueSpecification\",\"valueRequired\":true,\"valueName\":\"search_term_string\"}}],\"inLanguage\":\"fr-FR\"},{\"@type\":\"Organization\",\"@id\":\"https:\/\/otorinoticino.ch\/fr\/#organization\",\"name\":\"Studio OTORINO Ticino\",\"url\":\"https:\/\/otorinoticino.ch\/fr\/\",\"logo\":{\"@type\":\"ImageObject\",\"inLanguage\":\"fr-FR\",\"@id\":\"https:\/\/otorinoticino.ch\/fr\/#\/schema\/logo\/image\/\",\"url\":\"https:\/\/otorinoticino.ch\/wp-content\/uploads\/2024\/10\/cropped-logo.png\",\"contentUrl\":\"https:\/\/otorinoticino.ch\/wp-content\/uploads\/2024\/10\/cropped-logo.png\",\"width\":522,\"height\":278,\"caption\":\"Studio OTORINO Ticino\"},\"image\":{\"@id\":\"https:\/\/otorinoticino.ch\/fr\/#\/schema\/logo\/image\/\"}}]}<\/script>\n<!-- \/ Yoast SEO plugin. -->","yoast_head_json":{"title":"M\u00e9decine du stress | Studio Otorino Ticino","robots":{"index":"index","follow":"follow","max-snippet":"max-snippet:-1","max-image-preview":"max-image-preview:large","max-video-preview":"max-video-preview:-1"},"canonical":"https:\/\/otorinoticino.ch\/fr\/medicina-dello-stress\/","og_locale":"fr_FR","og_type":"article","og_title":"M\u00e9decine du stress | Studio Otorino Ticino","og_description":"M\u00c9DECINE DU STRESS Qu&rsquo;est-ce que le stress d&rsquo;un point de vue biologique? Le mot \u00ab stress \u00bb vient de la langue anglaise et a de nombreuses significations, telles que pression, tension, contrainte, stress. Le \u00ab stress \u00bb provoque une r\u00e9action biologique dans notre corps, \u00e0 savoir l&rsquo;activation et la lib\u00e9ration d&rsquo;adr\u00e9naline et de cortisol par [&hellip;]","og_url":"https:\/\/otorinoticino.ch\/fr\/medicina-dello-stress\/","og_site_name":"Studio OTORINO Ticino","article_modified_time":"2024-10-28T17:27:58+00:00","twitter_card":"summary_large_image","twitter_misc":{"Dur\u00e9e de lecture estim\u00e9e":"5 minutes"},"schema":{"@context":"https:\/\/schema.org","@graph":[{"@type":"WebPage","@id":"https:\/\/otorinoticino.ch\/fr\/medicina-dello-stress\/","url":"https:\/\/otorinoticino.ch\/fr\/medicina-dello-stress\/","name":"M\u00e9decine du stress | Studio Otorino Ticino","isPartOf":{"@id":"https:\/\/otorinoticino.ch\/fr\/#website"},"datePublished":"2024-10-06T16:01:01+00:00","dateModified":"2024-10-28T17:27:58+00:00","breadcrumb":{"@id":"https:\/\/otorinoticino.ch\/fr\/medicina-dello-stress\/#breadcrumb"},"inLanguage":"fr-FR","potentialAction":[{"@type":"ReadAction","target":["https:\/\/otorinoticino.ch\/fr\/medicina-dello-stress\/"]}]},{"@type":"BreadcrumbList","@id":"https:\/\/otorinoticino.ch\/fr\/medicina-dello-stress\/#breadcrumb","itemListElement":[{"@type":"ListItem","position":1,"name":"Home","item":"https:\/\/otorinoticino.ch\/fr\/"},{"@type":"ListItem","position":2,"name":"M\u00e9decine du stress"}]},{"@type":"WebSite","@id":"https:\/\/otorinoticino.ch\/fr\/#website","url":"https:\/\/otorinoticino.ch\/fr\/","name":"Studio OTORINO Ticino","description":"","publisher":{"@id":"https:\/\/otorinoticino.ch\/fr\/#organization"},"potentialAction":[{"@type":"SearchAction","target":{"@type":"EntryPoint","urlTemplate":"https:\/\/otorinoticino.ch\/fr\/?s={search_term_string}"},"query-input":{"@type":"PropertyValueSpecification","valueRequired":true,"valueName":"search_term_string"}}],"inLanguage":"fr-FR"},{"@type":"Organization","@id":"https:\/\/otorinoticino.ch\/fr\/#organization","name":"Studio OTORINO Ticino","url":"https:\/\/otorinoticino.ch\/fr\/","logo":{"@type":"ImageObject","inLanguage":"fr-FR","@id":"https:\/\/otorinoticino.ch\/fr\/#\/schema\/logo\/image\/","url":"https:\/\/otorinoticino.ch\/wp-content\/uploads\/2024\/10\/cropped-logo.png","contentUrl":"https:\/\/otorinoticino.ch\/wp-content\/uploads\/2024\/10\/cropped-logo.png","width":522,"height":278,"caption":"Studio OTORINO Ticino"},"image":{"@id":"https:\/\/otorinoticino.ch\/fr\/#\/schema\/logo\/image\/"}}]}},"_links":{"self":[{"href":"https:\/\/otorinoticino.ch\/fr\/wp-json\/wp\/v2\/pages\/601","targetHints":{"allow":["GET"]}}],"collection":[{"href":"https:\/\/otorinoticino.ch\/fr\/wp-json\/wp\/v2\/pages"}],"about":[{"href":"https:\/\/otorinoticino.ch\/fr\/wp-json\/wp\/v2\/types\/page"}],"author":[{"embeddable":true,"href":"https:\/\/otorinoticino.ch\/fr\/wp-json\/wp\/v2\/users\/1"}],"replies":[{"embeddable":true,"href":"https:\/\/otorinoticino.ch\/fr\/wp-json\/wp\/v2\/comments?post=601"}],"version-history":[{"count":4,"href":"https:\/\/otorinoticino.ch\/fr\/wp-json\/wp\/v2\/pages\/601\/revisions"}],"predecessor-version":[{"id":1289,"href":"https:\/\/otorinoticino.ch\/fr\/wp-json\/wp\/v2\/pages\/601\/revisions\/1289"}],"wp:attachment":[{"href":"https:\/\/otorinoticino.ch\/fr\/wp-json\/wp\/v2\/media?parent=601"}],"curies":[{"name":"wp","href":"https:\/\/api.w.org\/{rel}","templated":true}]}}