{"id":575,"date":"2024-10-06T15:08:12","date_gmt":"2024-10-06T15:08:12","guid":{"rendered":"http:\/\/dev.otorinoticino.ch\/?page_id=575"},"modified":"2024-10-17T04:54:03","modified_gmt":"2024-10-17T04:54:03","slug":"gola-e-laringe","status":"publish","type":"page","link":"https:\/\/otorinoticino.ch\/fr\/gola-e-laringe\/","title":{"rendered":"Gorge et larynx"},"content":{"rendered":"<div class=\"gb-container gb-container-91a56c38\">\n\n<h1 class=\"gb-headline gb-headline-845b527a gb-headline-text\">GORGE ET LARYNX<\/h1>\n\n\n\n<div class=\"d-flex justify-content-center mt-3 mb-3\" style=\"height: 3vh;\">\n    <svg preserveAspectRatio=\"xMidYMid meet\" width=\"25\" height=\"25\" viewBox=\"0 52.749 444 338.551\" xmlns=\"http:\/\/www.w3.org\/2000\/svg\" role=\"presentation\" aria-hidden=\"true\" aria-label=\"\">\n        <g>\n            <path d=\"M276.9 391.3h-1c-6.3-.5-11.5-4.7-13.6-10.4l-97.7-272.7L103 229.4c-2.6 5.2-7.8 8.4-14.1 8.4H15.7C6.8 237.7 0 231 0 222.1s6.8-15.7 15.7-15.7h63.7l74.2-145.2c2.6-5.7 8.9-8.9 15.2-8.4s11.5 4.7 13.6 10.4L279.5 336l61.6-121.2c2.6-5.2 7.8-8.4 14.1-8.4h73.1c8.9 0 15.7 6.8 15.7 15.7 0 8.9-6.8 15.7-15.7 15.7h-63.7L291 383c-2.6 5.2-8.4 8.3-14.1 8.3z\" fill=\"#006ad1\"><\/path>\n        <\/g>\n    <\/svg>\n<\/div>\n\n\n\n<p class=\"has-text-align-center has-text-color has-link-color wp-elements-e06f2d40eaab7e40dc3fad68230f1079\" style=\"color:#2f2b36;font-size:21px\">L&rsquo;intersection de l\u2019alimentation et de la respiration<\/p>\n\n\n\n<h2 class=\"gb-headline gb-headline-c8bddff0 gb-headline-text\">Vos troubles:<\/h2>\n\n\n\n<ul class=\"wp-block-list\">\n<li>Les maux de gorge<\/li>\n\n\n\n<li>\u00c9ruptions cutan\u00e9es et d\u00e9mangeaisons, globe laryng\u00e9<\/li>\n\n\n\n<li>Infections r\u00e9currentes<\/li>\n\n\n\n<li>Amygdalite r\u00e9currente<\/li>\n\n\n\n<li>Aphtes r\u00e9currents<\/li>\n\n\n\n<li>Troubles de la d\u00e9glutition (dysphagie)<\/li>\n\n\n\n<li>Enrouement (dysphonie)<\/li>\n\n\n\n<li>Nodules des cordes vocales<\/li>\n\n\n\n<li>Troubles du sommeil, ronflement<\/li>\n\n\n\n<li>Toux r\u00e9currente, toux chronique<\/li>\n\n\n\n<li>Diverticule (de Zenker)<\/li>\n\n\n\n<li>Kyste et papillome<\/li>\n\n\n\n<li>Halitose, mauvaise haleine<\/li>\n\n\n\n<li>Suspicion de n\u00e9oplasie et de cancer de la gorge<\/li>\n<\/ul>\n\n\n\n<h2 class=\"gb-headline gb-headline-f100d814 gb-headline-text\">Nos offres:<\/h2>\n\n\n\n<p><strong>Th\u00e9rapie conservative:<\/strong><\/p>\n\n\n\n<ul class=\"wp-block-list\">\n<li>Th\u00e9rapie m\u00e9dicamenteuse<\/li>\n\n\n\n<li>Orthophonie ou physioth\u00e9rapie<\/li>\n<\/ul>\n\n\n\n<p><strong>Th\u00e9rapie chirurgicale<\/strong>:<\/p>\n\n\n\n<ul class=\"wp-block-list\">\n<li>Excision de l\u00e9sions b\u00e9nignes et malignes<\/li>\n\n\n\n<li>Tonsillectomie (amygdalectomie) et ad\u00e9notomie<\/li>\n\n\n\n<li>Uvulopalatopharyngoplastie (UPPP) pour le ronflement et l&rsquo;apn\u00e9e du sommeil<\/li>\n\n\n\n<li>Microchirurgie du larynx<\/li>\n\n\n\n<li>Ablation de kystes et de diverticules (Zenker)<\/li>\n\n\n\n<li>Panendoscopie (bronchoscopie, oesophagoscopie et laryngoscopie)<\/li>\n\n\n\n<li>Chirurgie oncologique et reconstructive du pharynx et du larynx<\/li>\n<\/ul>\n\n<\/div>","protected":false},"excerpt":{"rendered":"<p>GORGE ET LARYNX L&rsquo;intersection de l\u2019alimentation et de la respiration Vos troubles: Nos offres: Th\u00e9rapie conservative: Th\u00e9rapie chirurgicale:<\/p>\n","protected":false},"author":1,"featured_media":0,"parent":0,"menu_order":0,"comment_status":"closed","ping_status":"closed","template":"content-template.php","meta":{"_acf_changed":false,"footnotes":""},"class_list":["post-575","page","type-page","status-publish","hentry"],"acf":[],"yoast_head":"<!-- This site is optimized with the Yoast SEO plugin v27.1.1 - https:\/\/yoast.com\/product\/yoast-seo-wordpress\/ -->\n<title>Probl\u00e8mes de gorge et de larynx : Otorhinolaryngologie Visitez, Lugano, Bellinzona | Studio Otorino Ticino<\/title>\n<meta name=\"description\" content=\"Les sp\u00e9cialistes du Studio Otorino r\u00e9solvent tous les probl\u00e8mes li\u00e9s au larynx et \u00e0 la gorge, responsables de la d\u00e9glutition et de la voix. L&#039;ensemble des services ORL, y compris l&#039;amygdalectomie. D\u00e9couvrez les prix de la chirurgie faciale au Tessin.\" \/>\n<meta name=\"robots\" content=\"index, follow, max-snippet:-1, max-image-preview:large, max-video-preview:-1\" \/>\n<link rel=\"canonical\" href=\"https:\/\/otorinoticino.ch\/fr\/gola-e-laringe\/\" \/>\n<meta property=\"og:locale\" content=\"fr_FR\" \/>\n<meta property=\"og:type\" content=\"article\" \/>\n<meta property=\"og:title\" content=\"Probl\u00e8mes de gorge et de larynx : Otorhinolaryngologie Visitez, Lugano, Bellinzona | Studio Otorino Ticino\" \/>\n<meta property=\"og:description\" content=\"Les sp\u00e9cialistes du Studio Otorino r\u00e9solvent tous les probl\u00e8mes li\u00e9s au larynx et \u00e0 la gorge, responsables de la d\u00e9glutition et de la voix. L&#039;ensemble des services ORL, y compris l&#039;amygdalectomie. D\u00e9couvrez les prix de la chirurgie faciale au Tessin.\" \/>\n<meta property=\"og:url\" content=\"https:\/\/otorinoticino.ch\/fr\/gola-e-laringe\/\" \/>\n<meta property=\"og:site_name\" content=\"Studio OTORINO Ticino\" \/>\n<meta property=\"article:modified_time\" content=\"2024-10-17T04:54:03+00:00\" \/>\n<meta name=\"twitter:card\" content=\"summary_large_image\" \/>\n<meta name=\"twitter:label1\" content=\"Dur\u00e9e de lecture estim\u00e9e\" \/>\n\t<meta name=\"twitter:data1\" content=\"1 minute\" \/>\n<script type=\"application\/ld+json\" class=\"yoast-schema-graph\">{\"@context\":\"https:\/\/schema.org\",\"@graph\":[{\"@type\":\"WebPage\",\"@id\":\"https:\/\/otorinoticino.ch\/fr\/gola-e-laringe\/\",\"url\":\"https:\/\/otorinoticino.ch\/fr\/gola-e-laringe\/\",\"name\":\"Probl\u00e8mes de gorge et de larynx : Otorhinolaryngologie Visitez, Lugano, Bellinzona | Studio Otorino Ticino\",\"isPartOf\":{\"@id\":\"https:\/\/otorinoticino.ch\/fr\/#website\"},\"datePublished\":\"2024-10-06T15:08:12+00:00\",\"dateModified\":\"2024-10-17T04:54:03+00:00\",\"description\":\"Les sp\u00e9cialistes du Studio Otorino r\u00e9solvent tous les probl\u00e8mes li\u00e9s au larynx et \u00e0 la gorge, responsables de la d\u00e9glutition et de la voix. L'ensemble des services ORL, y compris l'amygdalectomie. D\u00e9couvrez les prix de la chirurgie faciale au Tessin.\",\"breadcrumb\":{\"@id\":\"https:\/\/otorinoticino.ch\/fr\/gola-e-laringe\/#breadcrumb\"},\"inLanguage\":\"fr-FR\",\"potentialAction\":[{\"@type\":\"ReadAction\",\"target\":[\"https:\/\/otorinoticino.ch\/fr\/gola-e-laringe\/\"]}]},{\"@type\":\"BreadcrumbList\",\"@id\":\"https:\/\/otorinoticino.ch\/fr\/gola-e-laringe\/#breadcrumb\",\"itemListElement\":[{\"@type\":\"ListItem\",\"position\":1,\"name\":\"Home\",\"item\":\"https:\/\/otorinoticino.ch\/fr\/\"},{\"@type\":\"ListItem\",\"position\":2,\"name\":\"Gorge et larynx\"}]},{\"@type\":\"WebSite\",\"@id\":\"https:\/\/otorinoticino.ch\/fr\/#website\",\"url\":\"https:\/\/otorinoticino.ch\/fr\/\",\"name\":\"Studio OTORINO Ticino\",\"description\":\"\",\"publisher\":{\"@id\":\"https:\/\/otorinoticino.ch\/fr\/#organization\"},\"potentialAction\":[{\"@type\":\"SearchAction\",\"target\":{\"@type\":\"EntryPoint\",\"urlTemplate\":\"https:\/\/otorinoticino.ch\/fr\/?s={search_term_string}\"},\"query-input\":{\"@type\":\"PropertyValueSpecification\",\"valueRequired\":true,\"valueName\":\"search_term_string\"}}],\"inLanguage\":\"fr-FR\"},{\"@type\":\"Organization\",\"@id\":\"https:\/\/otorinoticino.ch\/fr\/#organization\",\"name\":\"Studio OTORINO Ticino\",\"url\":\"https:\/\/otorinoticino.ch\/fr\/\",\"logo\":{\"@type\":\"ImageObject\",\"inLanguage\":\"fr-FR\",\"@id\":\"https:\/\/otorinoticino.ch\/fr\/#\/schema\/logo\/image\/\",\"url\":\"https:\/\/otorinoticino.ch\/wp-content\/uploads\/2024\/10\/cropped-logo.png\",\"contentUrl\":\"https:\/\/otorinoticino.ch\/wp-content\/uploads\/2024\/10\/cropped-logo.png\",\"width\":522,\"height\":278,\"caption\":\"Studio OTORINO Ticino\"},\"image\":{\"@id\":\"https:\/\/otorinoticino.ch\/fr\/#\/schema\/logo\/image\/\"}}]}<\/script>\n<!-- \/ Yoast SEO plugin. -->","yoast_head_json":{"title":"Probl\u00e8mes de gorge et de larynx : Otorhinolaryngologie Visitez, Lugano, Bellinzona | Studio Otorino Ticino","description":"Les sp\u00e9cialistes du Studio Otorino r\u00e9solvent tous les probl\u00e8mes li\u00e9s au larynx et \u00e0 la gorge, responsables de la d\u00e9glutition et de la voix. L'ensemble des services ORL, y compris l'amygdalectomie. D\u00e9couvrez les prix de la chirurgie faciale au Tessin.","robots":{"index":"index","follow":"follow","max-snippet":"max-snippet:-1","max-image-preview":"max-image-preview:large","max-video-preview":"max-video-preview:-1"},"canonical":"https:\/\/otorinoticino.ch\/fr\/gola-e-laringe\/","og_locale":"fr_FR","og_type":"article","og_title":"Probl\u00e8mes de gorge et de larynx : Otorhinolaryngologie Visitez, Lugano, Bellinzona | Studio Otorino Ticino","og_description":"Les sp\u00e9cialistes du Studio Otorino r\u00e9solvent tous les probl\u00e8mes li\u00e9s au larynx et \u00e0 la gorge, responsables de la d\u00e9glutition et de la voix. L'ensemble des services ORL, y compris l'amygdalectomie. D\u00e9couvrez les prix de la chirurgie faciale au Tessin.","og_url":"https:\/\/otorinoticino.ch\/fr\/gola-e-laringe\/","og_site_name":"Studio OTORINO Ticino","article_modified_time":"2024-10-17T04:54:03+00:00","twitter_card":"summary_large_image","twitter_misc":{"Dur\u00e9e de lecture estim\u00e9e":"1 minute"},"schema":{"@context":"https:\/\/schema.org","@graph":[{"@type":"WebPage","@id":"https:\/\/otorinoticino.ch\/fr\/gola-e-laringe\/","url":"https:\/\/otorinoticino.ch\/fr\/gola-e-laringe\/","name":"Probl\u00e8mes de gorge et de larynx : Otorhinolaryngologie Visitez, Lugano, Bellinzona | Studio Otorino Ticino","isPartOf":{"@id":"https:\/\/otorinoticino.ch\/fr\/#website"},"datePublished":"2024-10-06T15:08:12+00:00","dateModified":"2024-10-17T04:54:03+00:00","description":"Les sp\u00e9cialistes du Studio Otorino r\u00e9solvent tous les probl\u00e8mes li\u00e9s au larynx et \u00e0 la gorge, responsables de la d\u00e9glutition et de la voix. L'ensemble des services ORL, y compris l'amygdalectomie. D\u00e9couvrez les prix de la chirurgie faciale au Tessin.","breadcrumb":{"@id":"https:\/\/otorinoticino.ch\/fr\/gola-e-laringe\/#breadcrumb"},"inLanguage":"fr-FR","potentialAction":[{"@type":"ReadAction","target":["https:\/\/otorinoticino.ch\/fr\/gola-e-laringe\/"]}]},{"@type":"BreadcrumbList","@id":"https:\/\/otorinoticino.ch\/fr\/gola-e-laringe\/#breadcrumb","itemListElement":[{"@type":"ListItem","position":1,"name":"Home","item":"https:\/\/otorinoticino.ch\/fr\/"},{"@type":"ListItem","position":2,"name":"Gorge et larynx"}]},{"@type":"WebSite","@id":"https:\/\/otorinoticino.ch\/fr\/#website","url":"https:\/\/otorinoticino.ch\/fr\/","name":"Studio OTORINO Ticino","description":"","publisher":{"@id":"https:\/\/otorinoticino.ch\/fr\/#organization"},"potentialAction":[{"@type":"SearchAction","target":{"@type":"EntryPoint","urlTemplate":"https:\/\/otorinoticino.ch\/fr\/?s={search_term_string}"},"query-input":{"@type":"PropertyValueSpecification","valueRequired":true,"valueName":"search_term_string"}}],"inLanguage":"fr-FR"},{"@type":"Organization","@id":"https:\/\/otorinoticino.ch\/fr\/#organization","name":"Studio OTORINO Ticino","url":"https:\/\/otorinoticino.ch\/fr\/","logo":{"@type":"ImageObject","inLanguage":"fr-FR","@id":"https:\/\/otorinoticino.ch\/fr\/#\/schema\/logo\/image\/","url":"https:\/\/otorinoticino.ch\/wp-content\/uploads\/2024\/10\/cropped-logo.png","contentUrl":"https:\/\/otorinoticino.ch\/wp-content\/uploads\/2024\/10\/cropped-logo.png","width":522,"height":278,"caption":"Studio OTORINO Ticino"},"image":{"@id":"https:\/\/otorinoticino.ch\/fr\/#\/schema\/logo\/image\/"}}]}},"_links":{"self":[{"href":"https:\/\/otorinoticino.ch\/fr\/wp-json\/wp\/v2\/pages\/575","targetHints":{"allow":["GET"]}}],"collection":[{"href":"https:\/\/otorinoticino.ch\/fr\/wp-json\/wp\/v2\/pages"}],"about":[{"href":"https:\/\/otorinoticino.ch\/fr\/wp-json\/wp\/v2\/types\/page"}],"author":[{"embeddable":true,"href":"https:\/\/otorinoticino.ch\/fr\/wp-json\/wp\/v2\/users\/1"}],"replies":[{"embeddable":true,"href":"https:\/\/otorinoticino.ch\/fr\/wp-json\/wp\/v2\/comments?post=575"}],"version-history":[{"count":2,"href":"https:\/\/otorinoticino.ch\/fr\/wp-json\/wp\/v2\/pages\/575\/revisions"}],"predecessor-version":[{"id":1122,"href":"https:\/\/otorinoticino.ch\/fr\/wp-json\/wp\/v2\/pages\/575\/revisions\/1122"}],"wp:attachment":[{"href":"https:\/\/otorinoticino.ch\/fr\/wp-json\/wp\/v2\/media?parent=575"}],"curies":[{"name":"wp","href":"https:\/\/api.w.org\/{rel}","templated":true}]}}