{"id":559,"date":"2024-10-06T14:57:14","date_gmt":"2024-10-06T14:57:14","guid":{"rendered":"http:\/\/dev.otorinoticino.ch\/?page_id=559"},"modified":"2024-10-17T04:46:07","modified_gmt":"2024-10-17T04:46:07","slug":"dr-ssa-isenschmid","status":"publish","type":"page","link":"https:\/\/otorinoticino.ch\/fr\/dr-ssa-isenschmid\/","title":{"rendered":"Dr Isenschmid"},"content":{"rendered":"<div class=\"gb-grid-wrapper gb-grid-wrapper-a24662e0 mt-4 mb-4\">\n<div class=\"gb-grid-column gb-grid-column-57671018\"><div class=\"gb-container gb-container-57671018 position-doc_pic\">\n\n<figure class=\"gb-block-image gb-block-image-3facee75\"><img loading=\"lazy\" decoding=\"async\" width=\"314\" height=\"402\" class=\"gb-image gb-image-3facee75\" src=\"https:\/\/otorinoticino.ch\/wp-content\/uploads\/2024\/10\/dr-ssa-isenschmid.webp\" alt=\"Dr Ssa Isenschmid\" title=\"dr-ssa-isenschmid\" srcset=\"https:\/\/otorinoticino.ch\/wp-content\/uploads\/2024\/10\/dr-ssa-isenschmid.webp 314w, https:\/\/otorinoticino.ch\/wp-content\/uploads\/2024\/10\/dr-ssa-isenschmid-234x300.webp 234w\" sizes=\"auto, (max-width: 314px) 100vw, 314px\" \/><\/figure>\n\n<\/div><\/div>\n\n<div class=\"gb-grid-column gb-grid-column-9e8fbf8d\"><div class=\"gb-container gb-container-9e8fbf8d\">\n\n<h1 class=\"gb-headline gb-headline-86eeb6e0 gb-headline-text\">DR.SSA MED. FLORENCE ISENSCHMID<\/h1>\n\n\n\n<div class=\"d-flex justify-content-center mt-3 mb-3\" style=\"height: 3vh;\">\n    <svg preserveAspectRatio=\"xMidYMid meet\" width=\"25\" height=\"25\" viewBox=\"0 52.749 444 338.551\" xmlns=\"http:\/\/www.w3.org\/2000\/svg\" role=\"presentation\" aria-hidden=\"true\" aria-label=\"\">\n        <g>\n            <path d=\"M276.9 391.3h-1c-6.3-.5-11.5-4.7-13.6-10.4l-97.7-272.7L103 229.4c-2.6 5.2-7.8 8.4-14.1 8.4H15.7C6.8 237.7 0 231 0 222.1s6.8-15.7 15.7-15.7h63.7l74.2-145.2c2.6-5.7 8.9-8.9 15.2-8.4s11.5 4.7 13.6 10.4L279.5 336l61.6-121.2c2.6-5.2 7.8-8.4 14.1-8.4h73.1c8.9 0 15.7 6.8 15.7 15.7 0 8.9-6.8 15.7-15.7 15.7h-63.7L291 383c-2.6 5.2-8.4 8.3-14.1 8.3z\" fill=\"#006ad1\"><\/path>\n        <\/g>\n    <\/svg>\n<\/div>\n\n\n\n<p><strong>&#8211; Sp\u00e9cialiste en oto-rhino-laryngologie (FMH)<\/strong><\/p>\n\n\n\n<p><strong>&#8211; Echographie du cou et de la thyro\u00efde (SSUM)<\/strong><\/p>\n\n\n\n<p>Florence Isenschmid est n\u00e9e \u00e0 Coire et a grandi dans la r\u00e9gion de Montreux.<\/p>\n\n\n\n<p>Elle a \u00e9tudi\u00e9 la m\u00e9decine \u00e0 l&rsquo;Universit\u00e9 de Lausanne, a pass\u00e9 ses sixi\u00e8me et neuvi\u00e8me semestres \u00e0 l&rsquo;Universit\u00e9 Humboldt de Berlin, \u00e0 l&rsquo;H\u00f4pital de la Charit\u00e9, et ses neuvi\u00e8me et dixi\u00e8me semestres (stages pratiques) dans diff\u00e9rents h\u00f4pitaux de Suisse al\u00e9manique.<\/p>\n\n\n\n<p>Elle a obtenu son dipl\u00f4me f\u00e9d\u00e9ral de m\u00e9decin en 2010 et est devenue sp\u00e9cialiste&nbsp;<strong>FMH<\/strong>&nbsp;en ORL en 2017 au CHUV.<\/p>\n\n\n\n<p>Au cours de sa formation de sp\u00e9cialiste, le Dr med Florence Isenschmid a acquis des connaissances approfondies dans tous les domaines de l&rsquo;ORL et a r\u00e9dig\u00e9 et co\u00e9crit plusieurs publications dans des revues scientifiques de sa sp\u00e9cialit\u00e9 (p\u00e9diatrie voies respiratoires, oncologie ORL).<\/p>\n\n\n\n<p><strong>Formation en ORL<\/strong><\/p>\n\n\n\n<p>2010-2011 M\u00e9decin assistant en chirurgie (neuro., visc\u00e9rale, urgences) H\u00f4pital cantonal de Sion. 2011-2012 M\u00e9decin assistant en ORL H\u00f4pital cantonal de Sion.<\/p>\n\n\n\n<p>2012-2017 M\u00e9decin assistant ORL H\u00f4pital universitaire de Lausanne.<\/p>\n\n\n\n<p>2017-2018 Chef de clinique ORL H\u00f4pital cantonal de Neuch\u00e2tel.<\/p>\n\n\n\n<p>2018-2022 Chef de clinique ORL EOC de l&rsquo;H\u00f4pital cantonal de Bellinzone.<\/p>\n\n\n\n<p><strong>Examens et qualifications<\/strong><\/p>\n\n\n\n<p>2010 Dipl\u00f4me f\u00e9d\u00e9ral de m\u00e9decine \u00e0 l&rsquo;Universit\u00e9 de Lausanne.<\/p>\n\n\n\n<p>2017 Sp\u00e9cialisation en oto-rhino-laryngologie (<strong>FMH<\/strong>).<\/p>\n\n\n\n<p>2021 Certificat de capacit\u00e9 en \u00e9chographie du cou et de la thyro\u00efde (<strong>SSUM<\/strong>).<\/p>\n\n\n\n<p>Depuis 2022 Collaboration avec l&rsquo;Universit\u00e9 de Lugano (<strong>USI<\/strong>).<\/p>\n\n\n\n<p><strong>Langues<\/strong><\/p>\n\n\n\n<p>Italien, fran\u00e7ais, allemand, anglais (connaissances de base).<\/p>\n\n<\/div><\/div>\n<\/div>","protected":false},"excerpt":{"rendered":"","protected":false},"author":1,"featured_media":0,"parent":0,"menu_order":0,"comment_status":"closed","ping_status":"closed","template":"content-template.php","meta":{"_acf_changed":false,"footnotes":""},"class_list":["post-559","page","type-page","status-publish","hentry"],"acf":[],"yoast_head":"<!-- This site is optimized with the Yoast SEO plugin v27.1.1 - https:\/\/yoast.com\/product\/yoast-seo-wordpress\/ -->\n<title>Dr Isenschmid, Lugano, Bellinzona | Studio Otorino Ticino<\/title>\n<meta name=\"robots\" content=\"index, follow, max-snippet:-1, max-image-preview:large, max-video-preview:-1\" \/>\n<link rel=\"canonical\" href=\"https:\/\/otorinoticino.ch\/fr\/dr-ssa-isenschmid\/\" \/>\n<meta property=\"og:locale\" content=\"fr_FR\" \/>\n<meta property=\"og:type\" content=\"article\" \/>\n<meta property=\"og:title\" content=\"Dr Isenschmid, Lugano, Bellinzona | Studio Otorino Ticino\" \/>\n<meta property=\"og:url\" content=\"https:\/\/otorinoticino.ch\/fr\/dr-ssa-isenschmid\/\" \/>\n<meta property=\"og:site_name\" content=\"Studio OTORINO Ticino\" \/>\n<meta property=\"article:modified_time\" content=\"2024-10-17T04:46:07+00:00\" \/>\n<meta property=\"og:image\" content=\"https:\/\/otorinoticino.ch\/wp-content\/uploads\/2024\/10\/dr-ssa-isenschmid.webp\" \/>\n<meta name=\"twitter:card\" content=\"summary_large_image\" \/>\n<meta name=\"twitter:label1\" content=\"Dur\u00e9e de lecture estim\u00e9e\" \/>\n\t<meta name=\"twitter:data1\" content=\"2 minutes\" \/>\n<script type=\"application\/ld+json\" class=\"yoast-schema-graph\">{\"@context\":\"https:\/\/schema.org\",\"@graph\":[{\"@type\":\"WebPage\",\"@id\":\"https:\/\/otorinoticino.ch\/fr\/dr-ssa-isenschmid\/\",\"url\":\"https:\/\/otorinoticino.ch\/fr\/dr-ssa-isenschmid\/\",\"name\":\"Dr Isenschmid, Lugano, Bellinzona | Studio Otorino Ticino\",\"isPartOf\":{\"@id\":\"https:\/\/otorinoticino.ch\/fr\/#website\"},\"primaryImageOfPage\":{\"@id\":\"https:\/\/otorinoticino.ch\/fr\/dr-ssa-isenschmid\/#primaryimage\"},\"image\":{\"@id\":\"https:\/\/otorinoticino.ch\/fr\/dr-ssa-isenschmid\/#primaryimage\"},\"thumbnailUrl\":\"https:\/\/otorinoticino.ch\/wp-content\/uploads\/2024\/10\/dr-ssa-isenschmid.webp\",\"datePublished\":\"2024-10-06T14:57:14+00:00\",\"dateModified\":\"2024-10-17T04:46:07+00:00\",\"breadcrumb\":{\"@id\":\"https:\/\/otorinoticino.ch\/fr\/dr-ssa-isenschmid\/#breadcrumb\"},\"inLanguage\":\"fr-FR\",\"potentialAction\":[{\"@type\":\"ReadAction\",\"target\":[\"https:\/\/otorinoticino.ch\/fr\/dr-ssa-isenschmid\/\"]}]},{\"@type\":\"ImageObject\",\"inLanguage\":\"fr-FR\",\"@id\":\"https:\/\/otorinoticino.ch\/fr\/dr-ssa-isenschmid\/#primaryimage\",\"url\":\"https:\/\/otorinoticino.ch\/wp-content\/uploads\/2024\/10\/dr-ssa-isenschmid.webp\",\"contentUrl\":\"https:\/\/otorinoticino.ch\/wp-content\/uploads\/2024\/10\/dr-ssa-isenschmid.webp\"},{\"@type\":\"BreadcrumbList\",\"@id\":\"https:\/\/otorinoticino.ch\/fr\/dr-ssa-isenschmid\/#breadcrumb\",\"itemListElement\":[{\"@type\":\"ListItem\",\"position\":1,\"name\":\"Home\",\"item\":\"https:\/\/otorinoticino.ch\/fr\/\"},{\"@type\":\"ListItem\",\"position\":2,\"name\":\"Dr Isenschmid\"}]},{\"@type\":\"WebSite\",\"@id\":\"https:\/\/otorinoticino.ch\/fr\/#website\",\"url\":\"https:\/\/otorinoticino.ch\/fr\/\",\"name\":\"Studio OTORINO Ticino\",\"description\":\"\",\"publisher\":{\"@id\":\"https:\/\/otorinoticino.ch\/fr\/#organization\"},\"potentialAction\":[{\"@type\":\"SearchAction\",\"target\":{\"@type\":\"EntryPoint\",\"urlTemplate\":\"https:\/\/otorinoticino.ch\/fr\/?s={search_term_string}\"},\"query-input\":{\"@type\":\"PropertyValueSpecification\",\"valueRequired\":true,\"valueName\":\"search_term_string\"}}],\"inLanguage\":\"fr-FR\"},{\"@type\":\"Organization\",\"@id\":\"https:\/\/otorinoticino.ch\/fr\/#organization\",\"name\":\"Studio OTORINO Ticino\",\"url\":\"https:\/\/otorinoticino.ch\/fr\/\",\"logo\":{\"@type\":\"ImageObject\",\"inLanguage\":\"fr-FR\",\"@id\":\"https:\/\/otorinoticino.ch\/fr\/#\/schema\/logo\/image\/\",\"url\":\"https:\/\/otorinoticino.ch\/wp-content\/uploads\/2024\/10\/cropped-logo.png\",\"contentUrl\":\"https:\/\/otorinoticino.ch\/wp-content\/uploads\/2024\/10\/cropped-logo.png\",\"width\":522,\"height\":278,\"caption\":\"Studio OTORINO Ticino\"},\"image\":{\"@id\":\"https:\/\/otorinoticino.ch\/fr\/#\/schema\/logo\/image\/\"}}]}<\/script>\n<!-- \/ Yoast SEO plugin. -->","yoast_head_json":{"title":"Dr Isenschmid, Lugano, Bellinzona | Studio Otorino Ticino","robots":{"index":"index","follow":"follow","max-snippet":"max-snippet:-1","max-image-preview":"max-image-preview:large","max-video-preview":"max-video-preview:-1"},"canonical":"https:\/\/otorinoticino.ch\/fr\/dr-ssa-isenschmid\/","og_locale":"fr_FR","og_type":"article","og_title":"Dr Isenschmid, Lugano, Bellinzona | Studio Otorino Ticino","og_url":"https:\/\/otorinoticino.ch\/fr\/dr-ssa-isenschmid\/","og_site_name":"Studio OTORINO Ticino","article_modified_time":"2024-10-17T04:46:07+00:00","og_image":[{"url":"https:\/\/otorinoticino.ch\/wp-content\/uploads\/2024\/10\/dr-ssa-isenschmid.webp","type":"","width":"","height":""}],"twitter_card":"summary_large_image","twitter_misc":{"Dur\u00e9e de lecture estim\u00e9e":"2 minutes"},"schema":{"@context":"https:\/\/schema.org","@graph":[{"@type":"WebPage","@id":"https:\/\/otorinoticino.ch\/fr\/dr-ssa-isenschmid\/","url":"https:\/\/otorinoticino.ch\/fr\/dr-ssa-isenschmid\/","name":"Dr Isenschmid, Lugano, Bellinzona | Studio Otorino Ticino","isPartOf":{"@id":"https:\/\/otorinoticino.ch\/fr\/#website"},"primaryImageOfPage":{"@id":"https:\/\/otorinoticino.ch\/fr\/dr-ssa-isenschmid\/#primaryimage"},"image":{"@id":"https:\/\/otorinoticino.ch\/fr\/dr-ssa-isenschmid\/#primaryimage"},"thumbnailUrl":"https:\/\/otorinoticino.ch\/wp-content\/uploads\/2024\/10\/dr-ssa-isenschmid.webp","datePublished":"2024-10-06T14:57:14+00:00","dateModified":"2024-10-17T04:46:07+00:00","breadcrumb":{"@id":"https:\/\/otorinoticino.ch\/fr\/dr-ssa-isenschmid\/#breadcrumb"},"inLanguage":"fr-FR","potentialAction":[{"@type":"ReadAction","target":["https:\/\/otorinoticino.ch\/fr\/dr-ssa-isenschmid\/"]}]},{"@type":"ImageObject","inLanguage":"fr-FR","@id":"https:\/\/otorinoticino.ch\/fr\/dr-ssa-isenschmid\/#primaryimage","url":"https:\/\/otorinoticino.ch\/wp-content\/uploads\/2024\/10\/dr-ssa-isenschmid.webp","contentUrl":"https:\/\/otorinoticino.ch\/wp-content\/uploads\/2024\/10\/dr-ssa-isenschmid.webp"},{"@type":"BreadcrumbList","@id":"https:\/\/otorinoticino.ch\/fr\/dr-ssa-isenschmid\/#breadcrumb","itemListElement":[{"@type":"ListItem","position":1,"name":"Home","item":"https:\/\/otorinoticino.ch\/fr\/"},{"@type":"ListItem","position":2,"name":"Dr Isenschmid"}]},{"@type":"WebSite","@id":"https:\/\/otorinoticino.ch\/fr\/#website","url":"https:\/\/otorinoticino.ch\/fr\/","name":"Studio OTORINO Ticino","description":"","publisher":{"@id":"https:\/\/otorinoticino.ch\/fr\/#organization"},"potentialAction":[{"@type":"SearchAction","target":{"@type":"EntryPoint","urlTemplate":"https:\/\/otorinoticino.ch\/fr\/?s={search_term_string}"},"query-input":{"@type":"PropertyValueSpecification","valueRequired":true,"valueName":"search_term_string"}}],"inLanguage":"fr-FR"},{"@type":"Organization","@id":"https:\/\/otorinoticino.ch\/fr\/#organization","name":"Studio OTORINO Ticino","url":"https:\/\/otorinoticino.ch\/fr\/","logo":{"@type":"ImageObject","inLanguage":"fr-FR","@id":"https:\/\/otorinoticino.ch\/fr\/#\/schema\/logo\/image\/","url":"https:\/\/otorinoticino.ch\/wp-content\/uploads\/2024\/10\/cropped-logo.png","contentUrl":"https:\/\/otorinoticino.ch\/wp-content\/uploads\/2024\/10\/cropped-logo.png","width":522,"height":278,"caption":"Studio OTORINO Ticino"},"image":{"@id":"https:\/\/otorinoticino.ch\/fr\/#\/schema\/logo\/image\/"}}]}},"_links":{"self":[{"href":"https:\/\/otorinoticino.ch\/fr\/wp-json\/wp\/v2\/pages\/559","targetHints":{"allow":["GET"]}}],"collection":[{"href":"https:\/\/otorinoticino.ch\/fr\/wp-json\/wp\/v2\/pages"}],"about":[{"href":"https:\/\/otorinoticino.ch\/fr\/wp-json\/wp\/v2\/types\/page"}],"author":[{"embeddable":true,"href":"https:\/\/otorinoticino.ch\/fr\/wp-json\/wp\/v2\/users\/1"}],"replies":[{"embeddable":true,"href":"https:\/\/otorinoticino.ch\/fr\/wp-json\/wp\/v2\/comments?post=559"}],"version-history":[{"count":2,"href":"https:\/\/otorinoticino.ch\/fr\/wp-json\/wp\/v2\/pages\/559\/revisions"}],"predecessor-version":[{"id":1114,"href":"https:\/\/otorinoticino.ch\/fr\/wp-json\/wp\/v2\/pages\/559\/revisions\/1114"}],"wp:attachment":[{"href":"https:\/\/otorinoticino.ch\/fr\/wp-json\/wp\/v2\/media?parent=559"}],"curies":[{"name":"wp","href":"https:\/\/api.w.org\/{rel}","templated":true}]}}