{"id":552,"date":"2024-10-02T16:29:16","date_gmt":"2024-10-02T16:29:16","guid":{"rendered":"http:\/\/dev.otorinoticino.ch\/?page_id=552"},"modified":"2024-10-17T04:44:18","modified_gmt":"2024-10-17T04:44:18","slug":"dr-thomas-roth","status":"publish","type":"page","link":"https:\/\/otorinoticino.ch\/fr\/dr-thomas-roth\/","title":{"rendered":"Dr. Thomas Roth"},"content":{"rendered":"<div class=\"gb-grid-wrapper gb-grid-wrapper-a24662e0 mt-4 mb-4\">\n<div class=\"gb-grid-column gb-grid-column-57671018\"><div class=\"gb-container gb-container-57671018 position-doc_pic\">\n\n<figure class=\"gb-block-image gb-block-image-3facee75\"><img loading=\"lazy\" decoding=\"async\" width=\"310\" height=\"410\" class=\"gb-image gb-image-3facee75\" src=\"https:\/\/otorinoticino.ch\/wp-content\/uploads\/2024\/10\/dr-tomath-roth.webp\" alt=\"dr tomath roth\" title=\"dr-tomath-roth\" srcset=\"https:\/\/otorinoticino.ch\/wp-content\/uploads\/2024\/10\/dr-tomath-roth.webp 310w, https:\/\/otorinoticino.ch\/wp-content\/uploads\/2024\/10\/dr-tomath-roth-227x300.webp 227w\" sizes=\"auto, (max-width: 310px) 100vw, 310px\" \/><\/figure>\n\n<\/div><\/div>\n\n<div class=\"gb-grid-column gb-grid-column-9e8fbf8d\"><div class=\"gb-container gb-container-9e8fbf8d\">\n\n<h1 class=\"gb-headline gb-headline-86eeb6e0 gb-headline-text\">KD DR. MED. THOMAS ROTH<\/h1>\n\n\n\n<div class=\"d-flex justify-content-center mt-3 mb-3\" style=\"height: 3vh;\">\n    <svg preserveAspectRatio=\"xMidYMid meet\" width=\"25\" height=\"25\" viewBox=\"0 52.749 444 338.551\" xmlns=\"http:\/\/www.w3.org\/2000\/svg\" role=\"presentation\" aria-hidden=\"true\" aria-label=\"\">\n        <g>\n            <path d=\"M276.9 391.3h-1c-6.3-.5-11.5-4.7-13.6-10.4l-97.7-272.7L103 229.4c-2.6 5.2-7.8 8.4-14.1 8.4H15.7C6.8 237.7 0 231 0 222.1s6.8-15.7 15.7-15.7h63.7l74.2-145.2c2.6-5.7 8.9-8.9 15.2-8.4s11.5 4.7 13.6 10.4L279.5 336l61.6-121.2c2.6-5.2 7.8-8.4 14.1-8.4h73.1c8.9 0 15.7 6.8 15.7 15.7 0 8.9-6.8 15.7-15.7 15.7h-63.7L291 383c-2.6 5.2-8.4 8.3-14.1 8.3z\" fill=\"#006ad1\"><\/path>\n        <\/g>\n    <\/svg>\n<\/div>\n\n\n\n<p><strong>&#8211; Sp\u00e9cialiste en oto-rhino-laryngologie et chirurgie cervico-faciale (FMH).<br>&#8211; \u00c9chographie du cou et de la thyro\u00efde (SSUM)<\/strong><br>&nbsp;<br>Le Dr Thomas Roth a obtenu son dipl\u00f4me f\u00e9d\u00e9ral de m\u00e9decin en 2003 et son dipl\u00f4me de m\u00e9decin \u00e0 l&rsquo;Universit\u00e9 de Berne en 2008. Au cours de sa formation, il a suivi une formation sp\u00e9cialis\u00e9e en ORL \u00e0 l&rsquo;H\u00f4pital de l&rsquo;\u00cele de Berne et \u00e0 l&rsquo;H\u00f4pital universitaire de Zurich entre 2004 et 2009. En 2012, il est devenu sp\u00e9cialiste&nbsp;<strong>FMH<\/strong>&nbsp;en chirurgie cervico-faciale.<br>&nbsp;<br>Il a occup\u00e9 le poste de chef de clinique \u00e0 Inselspital de Berne en 2009, puis \u00e0 l&rsquo;H\u00f4pital universitaire de Zurich de 2010 \u00e0 2016. Depuis 2016, il occupe \u00e9galement le poste de klinischer Dozent (KD) \u00e0 cette m\u00eame universit\u00e9 de Zurich.<br>&nbsp;<br>Il a \u00e9t\u00e9 m\u00e9decin adjoint suppl\u00e9ant du service de rhinologie, d&rsquo;otologie et Head and Neck.<br>&nbsp;<br>Au cours de sa longue carri\u00e8re de chef de clinique, il a acquis des connaissances approfondies dans tous les domaines de l&rsquo;ORL. Parall\u00e8lement \u00e0 son activit\u00e9 de m\u00e9decin en clinique, il s&rsquo;est consacr\u00e9 avec passion \u00e0 la recherche scientifique, ce qui s&rsquo;est traduit par de nombreuses publications dans diff\u00e9rents domaines de sa sp\u00e9cialit\u00e9. Il s&rsquo;est particuli\u00e8rement int\u00e9ress\u00e9 \u00e0 l&rsquo;organe vestibulaire et \u00e0 l&rsquo;audition avec tous ses aspects li\u00e9s \u00e0 la communication, tant sur le plan neuro-physiologique que neuro-linguistique, interpersonnel et psychosomatique.<br>&nbsp;<br>Outre les aspects conservateurs, il a acquis une vaste exp\u00e9rience chirurgicale, en plus de la chirurgie ORL de base, notamment dans les domaines suivants:<\/p>\n\n\n\n<ul class=\"wp-block-list\">\n<li>la chirurgie endoscopique des sinus paranasaux et de la base du cr\u00e2ne<\/li>\n\n\n\n<li>rhinoplastie fonctionnelle, esth\u00e9tique et reconstructive<\/li>\n\n\n\n<li>Microchirurgie de l&rsquo;oreille<\/li>\n\n\n\n<li>Chirurgie esth\u00e9tique et reconstructive du visage<\/li>\n\n\n\n<li>Chirurgie de la thyro\u00efde et des parathyro\u00efdes<\/li>\n\n\n\n<li>Chirurgie oncologique du cou avec reconstruction par lambeaux cutan\u00e9s et musculaires.<\/li>\n<\/ul>\n\n\n\n<p>&nbsp;<br>En 2016, il rejoint Centromedico Tessin; outre une contribution importante \u00e0 l&rsquo;organisation et au d\u00e9veloppement de l&rsquo;ORL, il met en place le service de chirurgie cervico-faciale et de chirurgie ambulatoire.<br>&nbsp;<br>En 2020, il d\u00e9cide de se rendre ind\u00e9pendant et fonde le Studio OTORINO Ticino.<br>&nbsp;<br>Lors de la consultation, il n&rsquo;est pas seulement question des facteurs qui contribuent \u00e0 la maladie, mais aussi des aspects qui favorisent la sant\u00e9 et le bien-\u00eatre de la personne (salutogen\u00e8se).<br>&nbsp;<br>Il parle couramment l&rsquo;italien, l&rsquo;allemand, le suisse allemand, le fran\u00e7ais, l&rsquo;anglais et le grec.<br>&nbsp;<br><strong>Formation en ORL<\/strong><br>2004 Chirurgie g\u00e9n\u00e9rale au Bezirksspital Belp (BE)<br>2005 &#8211; 2009 Formation sp\u00e9cialis\u00e9e en ORL \u00e0 l&rsquo;H\u00f4pital de l&rsquo;\u00cele de Berne et \u00e0 l&rsquo;H\u00f4pital universitaire de Zurich (USZ)<br>2009 Chef de clinique \u00e0 l&rsquo;Inselspital de Berne<br>2010 &#8211; 2016 Chef de clinique \u00e0 l&rsquo;H\u00f4pital universitaire de Zurich (USZ)<br>&nbsp;<br><strong>Examens et dipl\u00f4mes<\/strong><br>2003 Examen d&rsquo;\u00c9tat suisse \u00e0 l&rsquo;Universit\u00e9 de Berne<br>2008 Titre de \u00ab Doctor medicinae \u00bb (Dr. med.) \u00e0 l&rsquo;Universit\u00e9 de Berne<br>2009 Sp\u00e9cialit\u00e9 en oto-rhino-laryngologie (FMH)<br>2012 Sp\u00e9cialit\u00e9 en chirurgie cervico-faciale (FMH)<br>2015 Certificat de capacit\u00e9 en \u00e9chographie du cou et de la thyro\u00efde (SSUM)<br>2016 Klinischer Dozent (KD) \u00e0 l&rsquo;Universit\u00e9 de Zurich<\/p>\n\n<\/div><\/div>\n<\/div>\n\n<div class=\"gb-grid-wrapper gb-grid-wrapper-a55df9db mt-4 mb-4\">\n<div class=\"gb-grid-column gb-grid-column-0735a197\"><div class=\"gb-container gb-container-0735a197\">\n\n<h3 class=\"gb-headline gb-headline-c9a1a032 gb-headline-text\">Cours de formation<\/h3>\n\n\n\n<ul class=\"wp-block-list ms-2\">\n<li><strong>Rhinoplastie et chirurgie plastique du visage<\/strong><br>Centre ORL Hirslanden, Zurich : 7-8 juin 2012 (Cadaver Dissection)<\/li>\n\n\n\n<li><strong>Cours de dissection de l&rsquo;os temporal<\/strong><br>Institut de pathologie, B\u00e2le : 1-2 septembre 2011 (dissection de cadavres)<\/li>\n\n\n\n<li><strong>Microchirurgie endonasale des sinus paranasaux et de la base ant\u00e9rieure du cr\u00e2ne<\/strong><br>Centre ORL Hirslanden, Zurich : 8-9 juin 2011(Dissection de cadavres)<\/li>\n\n\n\n<li><strong>Rhinoplastie esth\u00e9tique et reconstructive<\/strong><br>International Milan Masterclass, Milan : 27-29 mars 2011<\/li>\n\n\n\n<li><strong>Cours avanc\u00e9 de dissection osseuse temporale r\u00e9sidente<\/strong><br>Institut d&rsquo;anatomie, Vienne : 4-6 octobre 2010 (dissection de cadavres)<\/li>\n\n\n\n<li><strong>Cours d&rsquo;endoscopie pour la chirurgie du sinus paranasal et de la base du cr\u00e2ne<\/strong>&nbsp;(PSSB)<br>Institut d&rsquo;anatomie, Berne : 11-13 septembre 2008 (dissection de cadavres)<\/li>\n\n\n\n<li><strong>Cours de base sur les ultrasons I-III<\/strong><br>Section ORL de la SSUM (2006, 2009, 2011)<\/li>\n<\/ul>\n\n<\/div><\/div>\n\n<div class=\"gb-grid-column gb-grid-column-9526f2b3\"><div class=\"gb-container gb-container-9526f2b3\">\n\n<h3 class=\"gb-headline gb-headline-ca48ef8e gb-headline-text\">Cours d&rsquo;enseignement et de gestion<\/h3>\n\n\n\n<ul class=\"wp-block-list ms-2\">\n<li><strong>Leadership I des Universit\u00e4tsSpitals Z\u00fcrich (approuv\u00e9 par la FMH)<\/strong><br>S\u00e9minaire de formation pour les cadres : 5.9.11 bis 1.3.12<\/li>\n\n\n\n<li><strong>Leadership II des Universit\u00e4tsSpitals Z\u00fcrich (approuv\u00e9 par la FMH)<\/strong><br>S\u00e9minaire de formation pour les m\u00e9decins-chefs : 19.8.13 bis 19.12.13<\/li>\n\n\n\n<li><strong>Mod\u00e9ration de programmes de travail et de formation continue<\/strong><br>Didaktik-Kurs der Universit\u00e4t Z\u00fcrich, 25.-26.9.2014<\/li>\n\n\n\n<li><strong>D\u00e9but &#8211; Introduction \u00e0 l&rsquo;apprentissage<\/strong><br>Cours de Didactique de l&rsquo;Universit\u00e9 de Zurich, 25.8.2014<\/li>\n\n\n\n<li><strong>Formation cognitive des \u00e9tudiants dans le cadre d&rsquo;un enseignement interactif<\/strong><br>Didaktik-Kurs der Universit\u00e4t Z\u00fcrich, 5.-6.6.2014<\/li>\n\n\n\n<li><strong>SGUM : Didaktik- und Tutorenkurs (cours de didactique et de tutorat)<\/strong><br>ENT-Sonographie, Stadtspital Triemli, 22.-23.3.13<\/li>\n\n\n\n<li><strong>Workshop Fallmanagment im Bereich Neuro-Kopf, USZ<\/strong><br>Optimisation du processus de gestion de la douleur et des sympt\u00f4mes : mars 2013<\/li>\n\n\n\n<li><strong>Planification des budgets, du d\u00e9veloppement et du financement de l&rsquo;USZ<\/strong><br>Portefeuilles de soins m\u00e9dicaux sur la base d&rsquo;examens cliniques et d&rsquo;analyses statistiques : 2014<\/li>\n<\/ul>\n\n<\/div><\/div>\n<\/div>\n\n\n<h2 class=\"gb-headline gb-headline-845b527a gb-headline-text\">ACTIVIT\u00c9S SCIENTIFIQUES<\/h2>\n\n\n\n<div class=\"d-flex justify-content-center mt-3 mb-3\" style=\"height: 3vh;\">\n    <svg preserveAspectRatio=\"xMidYMid meet\" width=\"25\" height=\"25\" viewBox=\"0 52.749 444 338.551\" xmlns=\"http:\/\/www.w3.org\/2000\/svg\" role=\"presentation\" aria-hidden=\"true\" aria-label=\"\">\n        <g>\n            <path d=\"M276.9 391.3h-1c-6.3-.5-11.5-4.7-13.6-10.4l-97.7-272.7L103 229.4c-2.6 5.2-7.8 8.4-14.1 8.4H15.7C6.8 237.7 0 231 0 222.1s6.8-15.7 15.7-15.7h63.7l74.2-145.2c2.6-5.7 8.9-8.9 15.2-8.4s11.5 4.7 13.6 10.4L279.5 336l61.6-121.2c2.6-5.2 7.8-8.4 14.1-8.4h73.1c8.9 0 15.7 6.8 15.7 15.7 0 8.9-6.8 15.7-15.7 15.7h-63.7L291 383c-2.6 5.2-8.4 8.3-14.1 8.3z\" fill=\"#006ad1\"><\/path>\n        <\/g>\n    <\/svg>\n<\/div>\n\n\n<div class=\"gb-container gb-container-23b87ff1\">\n\n<h3 class=\"gb-headline gb-headline-11972e1b gb-headline-text\">Activit\u00e9s d&rsquo;enseignement<\/h3>\n\n\n\n<p>Depuis 2010 Charg\u00e9 de cours dans le cadre du Master Course \u00e0 la Facult\u00e9 de m\u00e9decine de l&rsquo;Universit\u00e9 de Zurich : divers cours pratiques et conf\u00e9rences<br>Depuis 2010 Examinateur \u00e0 la Facult\u00e9 de m\u00e9decine de l&rsquo;Universit\u00e9 de Zurich : OSCE (Objective Structured Clinical Examination) pour l&rsquo;examen d&rsquo;\u00c9tat<br>2011 Auteur de l&rsquo;examen \u00e0 choix multiples pour l&rsquo;examen d&rsquo;\u00c9tat en m\u00e9decine humaine (BAG)<\/p>\n\n<\/div>\n\n<div class=\"gb-container gb-container-16df18ed\">\n\n<h3 class=\"gb-headline gb-headline-7cf45d78 gb-headline-text\">Master en medecine (M Med)<\/h3>\n\n\n\n<p>Th\u00e8se de Master en Otoneurologie:<\/p>\n\n\n\n<ol class=\"wp-block-list\">\n<li>(Dysfonctionnement des organes otolithiques dans le vertige positionnel paroxystique b\u00e9nin) Dysfunktion der Otolithen-Organe beim benignen paroxysmalen Lagerungsschwindel pr\u00e9sent\u00e9 par l&rsquo;\u00e9tudiant I. Bertels pour le titre de M Med (2012)<\/li>\n\n\n\n<li>(Fonction du saccule et de l&rsquo;utricule \u00e9valu\u00e9e par des potentiels \u00e9voqu\u00e9s myog\u00e9niques vestibulaires dans divers troubles cochl\u00e9o-vestibulaires) Funktion von Sakkulus und Utrikulus gemessen mit Vestibul\u00e4r evozierten myogenen Potenzialen (VEMP) bei verschiedenen vestibul\u00e4ren St\u00f6rungen pr\u00e9sent\u00e9 par l&rsquo;\u00e9tudiant A. Bl\u00f6chlinger pour le titre de M Med (2013)<\/li>\n<\/ol>\n\n<\/div>\n\n\n<h2 class=\"gb-headline gb-headline-4c6e5bd9 gb-headline-text\">PUBLICATIONS<\/h2>\n\n\n\n<div class=\"d-flex justify-content-center mt-3 mb-3\" style=\"height: 3vh;\">\n    <svg preserveAspectRatio=\"xMidYMid meet\" width=\"25\" height=\"25\" viewBox=\"0 52.749 444 338.551\" xmlns=\"http:\/\/www.w3.org\/2000\/svg\" role=\"presentation\" aria-hidden=\"true\" aria-label=\"\">\n        <g>\n            <path d=\"M276.9 391.3h-1c-6.3-.5-11.5-4.7-13.6-10.4l-97.7-272.7L103 229.4c-2.6 5.2-7.8 8.4-14.1 8.4H15.7C6.8 237.7 0 231 0 222.1s6.8-15.7 15.7-15.7h63.7l74.2-145.2c2.6-5.7 8.9-8.9 15.2-8.4s11.5 4.7 13.6 10.4L279.5 336l61.6-121.2c2.6-5.2 7.8-8.4 14.1-8.4h73.1c8.9 0 15.7 6.8 15.7 15.7 0 8.9-6.8 15.7-15.7 15.7h-63.7L291 383c-2.6 5.2-8.4 8.3-14.1 8.3z\" fill=\"#006ad1\"><\/path>\n        <\/g>\n    <\/svg>\n<\/div>\n\n\n<div class=\"gb-container gb-container-6481f7d0\">\n\n<p><strong>Manuel de neurologie clinique (Volume 129, Chapitre 20)<\/strong><\/p>\n\n\n\n<p>Roth TN. Vieillissement du syst\u00e8me auditif Handb Clin Neurol. 2015;129:357-73&nbsp;&nbsp;<a href=\"https:\/\/otorinoticino.ch\/wp-content\/uploads\/2024\/10\/aging_of_the_auditory_system_compressed.pdf\" target=\"_blank\" rel=\"noreferrer noopener\"><strong>T\u00e9l\u00e9charger<\/strong><\/a><\/p>\n\n\n\n<p><strong>Publications scientifiques<\/strong><\/p>\n\n\n\n<p>Huber AM, Veraguth D, Schmid S,&nbsp;<strong>Roth T<\/strong>, Eiber A. Tight Stapes Prothesis Fixation Leads to Better Functional Results in Otosclerosis Surgery. Otol Neurotol 2008;29(7):893-9<\/p>\n\n\n\n<p><strong>Roth TN<\/strong>, H\u00e4usler R. Chirurgie du cholest\u00e9atome selon la technique Inside-out : une analyse r\u00e9trospective \u00e0 long terme de 604 oreilles op\u00e9r\u00e9es entre 1992 et 2006.&nbsp;Otol Neurotol 2009;30(1):59-63<\/p>\n\n\n\n<p><strong>Roth TN<\/strong>, Gengler C, Huber GF, Holzmann D. Outcome of sinonasal melanoma : clinical experience a review of the literature. Head Neck 2010 Oct;32(10):1385-92<\/p>\n\n\n\n<p><strong>Roth TN<\/strong>, Friedrich H, Schmid P, Blumstein N, B\u00fctikofer Y, Zb\u00e4ren P, Arnold A. Lokale und regionale Rezidivrate der oralen Zungenkarzinome pT1-2 N0-1 en amont de la th\u00e9rapie primaire. Schweiz Med Forum 2010:10 (Suppl. 51)<\/p>\n\n\n\n<p>Huber GF ; Gengler C ; Walter C ;&nbsp;<strong>Roth TN<\/strong>&nbsp;; Huber A ; Holzmann D. Ad\u00e9nocarcinome de la cavit\u00e9 nasale et des sinus paranasaux : une revue d&rsquo;une seule institution du diagnostic, de l&rsquo;histologie et du r\u00e9sultat. J Otolaryngol Head Neck Surg 2011 Feb;40(1):34-9<\/p>\n\n\n\n<p><strong>Roth TN<\/strong>, Hanebuth D, Probst R. Prevalence of age-related hearing loss (ARHL) in Europe &#8211; A Review. Eur Arch Otorhinolaryngol 268(8):1101-7.<\/p>\n\n\n\n<p>Lehner R, Stoupis C, Roth T, Andreisek G, Tamborrini G. Rare causes of acute neck pain. Praxis 2011 Nov 2;100(22):1371-3<\/p>\n\n\n\n<p><strong>Roth TN<\/strong>, Ziglinas P, Haeusler R, Caversaccio MD. Chirurgie du cholest\u00e9atome chez l&rsquo;enfant : r\u00e9sultats \u00e0 long terme de la technique inside-out. Int J Pediatr Otorhinolaryngol. 2013 Mai;77(5)<\/p>\n\n\n\n<p><strong>Roth TN<\/strong>,&gt; Weber KP, Wettstein VG, Marks GB, Rosengren SM, Hegemann SC. La consommation d&rsquo;\u00e9thanol alt\u00e8re la fonction du r\u00e9flexe vestibulo-oculaire mesur\u00e9e par le test d&rsquo;impulsion de la t\u00eate vid\u00e9o et le r\u00e9flexe vestibulo-oculaire. by the video head impulse test and dynamic visual acuity. J Vestib Res. 2014 Jan 1;24(4):289-95<\/p>\n\n\n\n<p>Rosengren SM, Weber KP, Hegemann SC,&nbsp;<strong>Roth TN<\/strong>. L&rsquo;effet de l&rsquo;alcool sur les potentiels myog\u00e9niques \u00e9voqu\u00e9s vestibulaires cervicaux et oculaires chez des volontaires sains. volontaires sains. Clin Neurophysiol. 2014 Aug;125(8):1700-8<\/p>\n\n\n\n<p>Stanimirov Rossi O, Vital D, Soyka MB,&nbsp;<strong>Roth TN<\/strong>, Huber GF, Holzmann D. Multilocular sinonasal malignant melanoma : a poor prognostic subgroup ?&nbsp;<\/p>\n\n\n\n<p>Eur Arch Otorhinolaryngol. 2015 Jan;272(1):123-9<\/p>\n\n\n\n<p>Laske RD,&nbsp;<strong>Roth TN<\/strong>, Bar\u00e1th K, Schuknecht B, Huber AM, R\u00f6\u00f6sli C. The role of non-echoplanar diffusion-weighted magnetic resonance imaging in<\/p>\n\n\n\n<p>diagnostic du cholest\u00e9atome primaire et de la r\u00e9cidive du cholest\u00e9atome comme adjuvant \u00e0 l&rsquo;\u00e9valuation clinique. Ann Otol Rhinol Laryngol.<\/p>\n\n\n\n<p>2018 Dec;127(12):919-925.<\/p>\n\n<\/div>\n\n\n<p><\/p>\n","protected":false},"excerpt":{"rendered":"<p>ACTIVIT\u00c9S SCIENTIFIQUES Activit\u00e9s d&rsquo;enseignement Depuis 2010 Charg\u00e9 de cours dans le cadre du Master Course \u00e0 la Facult\u00e9 de m\u00e9decine de l&rsquo;Universit\u00e9 de Zurich : divers cours pratiques et conf\u00e9rencesDepuis 2010 Examinateur \u00e0 la Facult\u00e9 de m\u00e9decine de l&rsquo;Universit\u00e9 de Zurich : OSCE (Objective Structured Clinical Examination) pour l&rsquo;examen d&rsquo;\u00c9tat2011 Auteur de l&rsquo;examen \u00e0 choix [&hellip;]<\/p>\n","protected":false},"author":1,"featured_media":0,"parent":0,"menu_order":0,"comment_status":"closed","ping_status":"closed","template":"content-template.php","meta":{"_acf_changed":false,"footnotes":""},"class_list":["post-552","page","type-page","status-publish","hentry"],"acf":[],"yoast_head":"<!-- This site is optimized with the Yoast SEO plugin v27.1.1 - https:\/\/yoast.com\/product\/yoast-seo-wordpress\/ -->\n<title>Le docteur, Lugano, Bellinzona | Studio Otorino Ticino<\/title>\n<meta name=\"robots\" content=\"index, follow, max-snippet:-1, max-image-preview:large, max-video-preview:-1\" \/>\n<link rel=\"canonical\" href=\"https:\/\/otorinoticino.ch\/fr\/dr-thomas-roth\/\" \/>\n<meta property=\"og:locale\" content=\"fr_FR\" \/>\n<meta property=\"og:type\" content=\"article\" \/>\n<meta property=\"og:title\" content=\"Le docteur, Lugano, Bellinzona | Studio Otorino Ticino\" \/>\n<meta property=\"og:description\" content=\"ACTIVIT\u00c9S SCIENTIFIQUES Activit\u00e9s d&rsquo;enseignement Depuis 2010 Charg\u00e9 de cours dans le cadre du Master Course \u00e0 la Facult\u00e9 de m\u00e9decine de l&rsquo;Universit\u00e9 de Zurich : divers cours pratiques et conf\u00e9rencesDepuis 2010 Examinateur \u00e0 la Facult\u00e9 de m\u00e9decine de l&rsquo;Universit\u00e9 de Zurich : OSCE (Objective Structured Clinical Examination) pour l&rsquo;examen d&rsquo;\u00c9tat2011 Auteur de l&rsquo;examen \u00e0 choix [&hellip;]\" \/>\n<meta property=\"og:url\" content=\"https:\/\/otorinoticino.ch\/fr\/dr-thomas-roth\/\" \/>\n<meta property=\"og:site_name\" content=\"Studio OTORINO Ticino\" \/>\n<meta property=\"article:modified_time\" content=\"2024-10-17T04:44:18+00:00\" \/>\n<meta property=\"og:image\" content=\"https:\/\/otorinoticino.ch\/wp-content\/uploads\/2024\/10\/dr-tomath-roth.webp\" \/>\n<meta name=\"twitter:card\" content=\"summary_large_image\" \/>\n<meta name=\"twitter:label1\" content=\"Dur\u00e9e de lecture estim\u00e9e\" \/>\n\t<meta name=\"twitter:data1\" content=\"6 minutes\" \/>\n<script type=\"application\/ld+json\" class=\"yoast-schema-graph\">{\"@context\":\"https:\/\/schema.org\",\"@graph\":[{\"@type\":\"WebPage\",\"@id\":\"https:\/\/otorinoticino.ch\/fr\/dr-thomas-roth\/\",\"url\":\"https:\/\/otorinoticino.ch\/fr\/dr-thomas-roth\/\",\"name\":\"Le docteur, Lugano, Bellinzona | Studio Otorino Ticino\",\"isPartOf\":{\"@id\":\"https:\/\/otorinoticino.ch\/fr\/#website\"},\"primaryImageOfPage\":{\"@id\":\"https:\/\/otorinoticino.ch\/fr\/dr-thomas-roth\/#primaryimage\"},\"image\":{\"@id\":\"https:\/\/otorinoticino.ch\/fr\/dr-thomas-roth\/#primaryimage\"},\"thumbnailUrl\":\"https:\/\/otorinoticino.ch\/wp-content\/uploads\/2024\/10\/dr-tomath-roth.webp\",\"datePublished\":\"2024-10-02T16:29:16+00:00\",\"dateModified\":\"2024-10-17T04:44:18+00:00\",\"breadcrumb\":{\"@id\":\"https:\/\/otorinoticino.ch\/fr\/dr-thomas-roth\/#breadcrumb\"},\"inLanguage\":\"fr-FR\",\"potentialAction\":[{\"@type\":\"ReadAction\",\"target\":[\"https:\/\/otorinoticino.ch\/fr\/dr-thomas-roth\/\"]}]},{\"@type\":\"ImageObject\",\"inLanguage\":\"fr-FR\",\"@id\":\"https:\/\/otorinoticino.ch\/fr\/dr-thomas-roth\/#primaryimage\",\"url\":\"https:\/\/otorinoticino.ch\/wp-content\/uploads\/2024\/10\/dr-tomath-roth.webp\",\"contentUrl\":\"https:\/\/otorinoticino.ch\/wp-content\/uploads\/2024\/10\/dr-tomath-roth.webp\"},{\"@type\":\"BreadcrumbList\",\"@id\":\"https:\/\/otorinoticino.ch\/fr\/dr-thomas-roth\/#breadcrumb\",\"itemListElement\":[{\"@type\":\"ListItem\",\"position\":1,\"name\":\"Home\",\"item\":\"https:\/\/otorinoticino.ch\/fr\/\"},{\"@type\":\"ListItem\",\"position\":2,\"name\":\"Dr. Thomas Roth\"}]},{\"@type\":\"WebSite\",\"@id\":\"https:\/\/otorinoticino.ch\/fr\/#website\",\"url\":\"https:\/\/otorinoticino.ch\/fr\/\",\"name\":\"Studio OTORINO Ticino\",\"description\":\"\",\"publisher\":{\"@id\":\"https:\/\/otorinoticino.ch\/fr\/#organization\"},\"potentialAction\":[{\"@type\":\"SearchAction\",\"target\":{\"@type\":\"EntryPoint\",\"urlTemplate\":\"https:\/\/otorinoticino.ch\/fr\/?s={search_term_string}\"},\"query-input\":{\"@type\":\"PropertyValueSpecification\",\"valueRequired\":true,\"valueName\":\"search_term_string\"}}],\"inLanguage\":\"fr-FR\"},{\"@type\":\"Organization\",\"@id\":\"https:\/\/otorinoticino.ch\/fr\/#organization\",\"name\":\"Studio OTORINO Ticino\",\"url\":\"https:\/\/otorinoticino.ch\/fr\/\",\"logo\":{\"@type\":\"ImageObject\",\"inLanguage\":\"fr-FR\",\"@id\":\"https:\/\/otorinoticino.ch\/fr\/#\/schema\/logo\/image\/\",\"url\":\"https:\/\/otorinoticino.ch\/wp-content\/uploads\/2024\/10\/cropped-logo.png\",\"contentUrl\":\"https:\/\/otorinoticino.ch\/wp-content\/uploads\/2024\/10\/cropped-logo.png\",\"width\":522,\"height\":278,\"caption\":\"Studio OTORINO Ticino\"},\"image\":{\"@id\":\"https:\/\/otorinoticino.ch\/fr\/#\/schema\/logo\/image\/\"}}]}<\/script>\n<!-- \/ Yoast SEO plugin. -->","yoast_head_json":{"title":"Le docteur, Lugano, Bellinzona | Studio Otorino Ticino","robots":{"index":"index","follow":"follow","max-snippet":"max-snippet:-1","max-image-preview":"max-image-preview:large","max-video-preview":"max-video-preview:-1"},"canonical":"https:\/\/otorinoticino.ch\/fr\/dr-thomas-roth\/","og_locale":"fr_FR","og_type":"article","og_title":"Le docteur, Lugano, Bellinzona | Studio Otorino Ticino","og_description":"ACTIVIT\u00c9S SCIENTIFIQUES Activit\u00e9s d&rsquo;enseignement Depuis 2010 Charg\u00e9 de cours dans le cadre du Master Course \u00e0 la Facult\u00e9 de m\u00e9decine de l&rsquo;Universit\u00e9 de Zurich : divers cours pratiques et conf\u00e9rencesDepuis 2010 Examinateur \u00e0 la Facult\u00e9 de m\u00e9decine de l&rsquo;Universit\u00e9 de Zurich : OSCE (Objective Structured Clinical Examination) pour l&rsquo;examen d&rsquo;\u00c9tat2011 Auteur de l&rsquo;examen \u00e0 choix [&hellip;]","og_url":"https:\/\/otorinoticino.ch\/fr\/dr-thomas-roth\/","og_site_name":"Studio OTORINO Ticino","article_modified_time":"2024-10-17T04:44:18+00:00","og_image":[{"url":"https:\/\/otorinoticino.ch\/wp-content\/uploads\/2024\/10\/dr-tomath-roth.webp","type":"","width":"","height":""}],"twitter_card":"summary_large_image","twitter_misc":{"Dur\u00e9e de lecture estim\u00e9e":"6 minutes"},"schema":{"@context":"https:\/\/schema.org","@graph":[{"@type":"WebPage","@id":"https:\/\/otorinoticino.ch\/fr\/dr-thomas-roth\/","url":"https:\/\/otorinoticino.ch\/fr\/dr-thomas-roth\/","name":"Le docteur, Lugano, Bellinzona | Studio Otorino Ticino","isPartOf":{"@id":"https:\/\/otorinoticino.ch\/fr\/#website"},"primaryImageOfPage":{"@id":"https:\/\/otorinoticino.ch\/fr\/dr-thomas-roth\/#primaryimage"},"image":{"@id":"https:\/\/otorinoticino.ch\/fr\/dr-thomas-roth\/#primaryimage"},"thumbnailUrl":"https:\/\/otorinoticino.ch\/wp-content\/uploads\/2024\/10\/dr-tomath-roth.webp","datePublished":"2024-10-02T16:29:16+00:00","dateModified":"2024-10-17T04:44:18+00:00","breadcrumb":{"@id":"https:\/\/otorinoticino.ch\/fr\/dr-thomas-roth\/#breadcrumb"},"inLanguage":"fr-FR","potentialAction":[{"@type":"ReadAction","target":["https:\/\/otorinoticino.ch\/fr\/dr-thomas-roth\/"]}]},{"@type":"ImageObject","inLanguage":"fr-FR","@id":"https:\/\/otorinoticino.ch\/fr\/dr-thomas-roth\/#primaryimage","url":"https:\/\/otorinoticino.ch\/wp-content\/uploads\/2024\/10\/dr-tomath-roth.webp","contentUrl":"https:\/\/otorinoticino.ch\/wp-content\/uploads\/2024\/10\/dr-tomath-roth.webp"},{"@type":"BreadcrumbList","@id":"https:\/\/otorinoticino.ch\/fr\/dr-thomas-roth\/#breadcrumb","itemListElement":[{"@type":"ListItem","position":1,"name":"Home","item":"https:\/\/otorinoticino.ch\/fr\/"},{"@type":"ListItem","position":2,"name":"Dr. Thomas Roth"}]},{"@type":"WebSite","@id":"https:\/\/otorinoticino.ch\/fr\/#website","url":"https:\/\/otorinoticino.ch\/fr\/","name":"Studio OTORINO Ticino","description":"","publisher":{"@id":"https:\/\/otorinoticino.ch\/fr\/#organization"},"potentialAction":[{"@type":"SearchAction","target":{"@type":"EntryPoint","urlTemplate":"https:\/\/otorinoticino.ch\/fr\/?s={search_term_string}"},"query-input":{"@type":"PropertyValueSpecification","valueRequired":true,"valueName":"search_term_string"}}],"inLanguage":"fr-FR"},{"@type":"Organization","@id":"https:\/\/otorinoticino.ch\/fr\/#organization","name":"Studio OTORINO Ticino","url":"https:\/\/otorinoticino.ch\/fr\/","logo":{"@type":"ImageObject","inLanguage":"fr-FR","@id":"https:\/\/otorinoticino.ch\/fr\/#\/schema\/logo\/image\/","url":"https:\/\/otorinoticino.ch\/wp-content\/uploads\/2024\/10\/cropped-logo.png","contentUrl":"https:\/\/otorinoticino.ch\/wp-content\/uploads\/2024\/10\/cropped-logo.png","width":522,"height":278,"caption":"Studio OTORINO Ticino"},"image":{"@id":"https:\/\/otorinoticino.ch\/fr\/#\/schema\/logo\/image\/"}}]}},"_links":{"self":[{"href":"https:\/\/otorinoticino.ch\/fr\/wp-json\/wp\/v2\/pages\/552","targetHints":{"allow":["GET"]}}],"collection":[{"href":"https:\/\/otorinoticino.ch\/fr\/wp-json\/wp\/v2\/pages"}],"about":[{"href":"https:\/\/otorinoticino.ch\/fr\/wp-json\/wp\/v2\/types\/page"}],"author":[{"embeddable":true,"href":"https:\/\/otorinoticino.ch\/fr\/wp-json\/wp\/v2\/users\/1"}],"replies":[{"embeddable":true,"href":"https:\/\/otorinoticino.ch\/fr\/wp-json\/wp\/v2\/comments?post=552"}],"version-history":[{"count":6,"href":"https:\/\/otorinoticino.ch\/fr\/wp-json\/wp\/v2\/pages\/552\/revisions"}],"predecessor-version":[{"id":1110,"href":"https:\/\/otorinoticino.ch\/fr\/wp-json\/wp\/v2\/pages\/552\/revisions\/1110"}],"wp:attachment":[{"href":"https:\/\/otorinoticino.ch\/fr\/wp-json\/wp\/v2\/media?parent=552"}],"curies":[{"name":"wp","href":"https:\/\/api.w.org\/{rel}","templated":true}]}}