{"id":541,"date":"2024-10-07T03:03:11","date_gmt":"2024-10-07T03:03:11","guid":{"rendered":"http:\/\/dev.otorinoticino.ch\/cou-et-thyroide\/"},"modified":"2024-10-17T04:56:59","modified_gmt":"2024-10-17T04:56:59","slug":"collo-e-tiroide","status":"publish","type":"page","link":"https:\/\/otorinoticino.ch\/fr\/collo-e-tiroide\/","title":{"rendered":"Cou et thyro\u00efde"},"content":{"rendered":"<div class=\"gb-container gb-container-91a56c38\">\n\n<h1 class=\"gb-headline gb-headline-845b527a gb-headline-text\">COU ET THYRO\u00cfDE<\/h1>\n\n\n\n<div class=\"d-flex justify-content-center mt-3 mb-3\" style=\"height: 3vh;\">\n    <svg xmlns=\"http:\/\/www.w3.org\/2000\/svg\" preserveaspectratio=\"xMidYMid meet\" width=\"25\" height=\"25\" viewbox=\"0 52.749 444 338.551\" role=\"presentation\" aria-hidden=\"true\" aria-label=\"\">\n        <g>\n            <path d=\"M276.9 391.3h-1c-6.3-.5-11.5-4.7-13.6-10.4l-97.7-272.7L103 229.4c-2.6 5.2-7.8 8.4-14.1 8.4H15.7C6.8 237.7 0 231 0 222.1s6.8-15.7 15.7-15.7h63.7l74.2-145.2c2.6-5.7 8.9-8.9 15.2-8.4s11.5 4.7 13.6 10.4L279.5 336l61.6-121.2c2.6-5.2 7.8-8.4 14.1-8.4h73.1c8.9 0 15.7 6.8 15.7 15.7 0 8.9-6.8 15.7-15.7 15.7h-63.7L291 383c-2.6 5.2-8.4 8.3-14.1 8.3z\" fill=\"#006ad1\"><\/path>\n        <\/g>\n    <\/svg>\n<\/div>\n\n\n\n<p class=\"has-text-align-center has-text-color has-link-color wp-elements-ffc9f4ae846fc967c4863efba7bcb0de\" style=\"color:#2f2b36;font-size:21px\">Chirurgie de la t\u00eate et du cou<\/p>\n\n\n\n<h2 class=\"gb-headline gb-headline-c8bddff0 gb-headline-text\">Vos troubles:<\/h2>\n\n\n\n<ul class=\"wp-block-list\">\n<li>Tumeurs et n\u00e9oplasies de la peau<\/li>\n\n\n\n<li>Kystes du cou<\/li>\n\n\n\n<li>Abc\u00e8s du cou<\/li>\n\n\n\n<li>Ganglions lymphatiques hypertrophi\u00e9s<\/li>\n\n\n\n<li>Tumeurs et n\u00e9oplasmes de toutes sortes dans le cou<\/li>\n\n\n\n<li>Kystes et nodules thyro\u00efdiens (goitre)<\/li>\n\n\n\n<li>Thyro\u00efdite aigu\u00eb ou chronique<\/li>\n\n\n\n<li>Tumeurs malignes de la thyro\u00efde<\/li>\n\n\n\n<li>Ad\u00e9nomes et n\u00e9oformations des glandes salivaires (parotides, sous-mandibulaires)<\/li>\n\n\n\n<li>Inflammation aigu\u00eb ou chronique des glandes salivaires (sialad\u00e9nite)<\/li>\n\n\n\n<li>Calculs salivaires (sialolithiase)<\/li>\n<\/ul>\n\n\n\n<h2 class=\"gb-headline gb-headline-f100d814 gb-headline-text\">Nos offres:<\/h2>\n\n\n\n<p><strong>Offre diagnostique:<\/strong><\/p>\n\n\n\n<ul class=\"wp-block-list\">\n<li>\u00c9valuation clinique approfondie<\/li>\n\n\n\n<li>Endoscopie flexible<\/li>\n\n\n\n<li>\u00c9chographie du cou<\/li>\n\n\n\n<li>\u00c9chographie de la thyro\u00efde<\/li>\n\n\n\n<li>Biopsie ou aspiration \u00e0 l&rsquo;aiguille \u00e0 ultrasons (PAF)<\/li>\n\n\n\n<li>Prise de sang<\/li>\n<\/ul>\n\n\n\n<p><strong>Traitement des tumeurs b\u00e9nignes et malignes:<\/strong><\/p>\n\n\n\n<ul class=\"wp-block-list\">\n<li>Sous-mandibulectomie<\/li>\n\n\n\n<li>Parotidectomie<\/li>\n\n\n\n<li>Cervicotomie exploratrice<\/li>\n\n\n\n<li>H\u00e9mithyro\u00efdectomie<\/li>\n\n\n\n<li>Thyro\u00efdectomie totale<\/li>\n\n\n\n<li>Panendoscopie (bronchoscopie et oesophagoscopie)<\/li>\n\n\n\n<li>Chirurgie oncologique ORL<\/li>\n\n\n\n<li>Dissection partielle ou radicale des ganglions lymphatiques Neck dissection<\/li>\n\n\n\n<li>Reconstruction par lambeaux cutan\u00e9s et musculaires<\/li>\n\n\n\n<li>Collaboration interdisciplinaire avec d&rsquo;autres sp\u00e9cialistes et centres universitaires<\/li>\n<\/ul>\n\n<\/div>","protected":false},"excerpt":{"rendered":"<p>COU ET THYRO\u00cfDE Chirurgie de la t\u00eate et du cou Vos troubles: Nos offres: Offre diagnostique: Traitement des tumeurs b\u00e9nignes et malignes:<\/p>\n","protected":false},"author":1,"featured_media":0,"parent":0,"menu_order":0,"comment_status":"closed","ping_status":"closed","template":"content-template.php","meta":{"_acf_changed":false,"footnotes":""},"class_list":["post-541","page","type-page","status-publish","hentry"],"acf":[],"yoast_head":"<!-- This site is optimized with the Yoast SEO plugin v27.1.1 - https:\/\/yoast.com\/product\/yoast-seo-wordpress\/ -->\n<title>Thyro\u00efde et cou: Th\u00e9rapie et chirurgie de la thyro\u00efde, Lugano, Bellinzona | Studio Otorino Ticino<\/title>\n<meta name=\"description\" content=\"La sant\u00e9 de la thyro\u00efde est \u00e0 la base du bien-\u00eatre de tout l&#039;organisme. D\u00e9couvrez la gamme compl\u00e8te de services pour le diagnostic et le traitement des troubles de la thyro\u00efde \u00e0 la clinique d&#039;oto-rhino-laryngologie du Tessin. Meilleurs prix pour la chirurgie plastique.\" \/>\n<meta name=\"robots\" content=\"index, follow, max-snippet:-1, max-image-preview:large, max-video-preview:-1\" \/>\n<link rel=\"canonical\" href=\"https:\/\/otorinoticino.ch\/fr\/collo-e-tiroide\/\" \/>\n<meta property=\"og:locale\" content=\"fr_FR\" \/>\n<meta property=\"og:type\" content=\"article\" \/>\n<meta property=\"og:title\" content=\"Thyro\u00efde et cou: Th\u00e9rapie et chirurgie de la thyro\u00efde, Lugano, Bellinzona | Studio Otorino Ticino\" \/>\n<meta property=\"og:description\" content=\"La sant\u00e9 de la thyro\u00efde est \u00e0 la base du bien-\u00eatre de tout l&#039;organisme. D\u00e9couvrez la gamme compl\u00e8te de services pour le diagnostic et le traitement des troubles de la thyro\u00efde \u00e0 la clinique d&#039;oto-rhino-laryngologie du Tessin. Meilleurs prix pour la chirurgie plastique.\" \/>\n<meta property=\"og:url\" content=\"https:\/\/otorinoticino.ch\/fr\/collo-e-tiroide\/\" \/>\n<meta property=\"og:site_name\" content=\"Studio OTORINO Ticino\" \/>\n<meta property=\"article:modified_time\" content=\"2024-10-17T04:56:59+00:00\" \/>\n<meta name=\"twitter:card\" content=\"summary_large_image\" \/>\n<meta name=\"twitter:label1\" content=\"Dur\u00e9e de lecture estim\u00e9e\" \/>\n\t<meta name=\"twitter:data1\" content=\"1 minute\" \/>\n<script type=\"application\/ld+json\" class=\"yoast-schema-graph\">{\"@context\":\"https:\/\/schema.org\",\"@graph\":[{\"@type\":\"WebPage\",\"@id\":\"https:\/\/otorinoticino.ch\/fr\/collo-e-tiroide\/\",\"url\":\"https:\/\/otorinoticino.ch\/fr\/collo-e-tiroide\/\",\"name\":\"Thyro\u00efde et cou: Th\u00e9rapie et chirurgie de la thyro\u00efde, Lugano, Bellinzona | Studio Otorino Ticino\",\"isPartOf\":{\"@id\":\"https:\/\/otorinoticino.ch\/fr\/#website\"},\"datePublished\":\"2024-10-07T03:03:11+00:00\",\"dateModified\":\"2024-10-17T04:56:59+00:00\",\"description\":\"La sant\u00e9 de la thyro\u00efde est \u00e0 la base du bien-\u00eatre de tout l'organisme. D\u00e9couvrez la gamme compl\u00e8te de services pour le diagnostic et le traitement des troubles de la thyro\u00efde \u00e0 la clinique d'oto-rhino-laryngologie du Tessin. Meilleurs prix pour la chirurgie plastique.\",\"breadcrumb\":{\"@id\":\"https:\/\/otorinoticino.ch\/fr\/collo-e-tiroide\/#breadcrumb\"},\"inLanguage\":\"fr-FR\",\"potentialAction\":[{\"@type\":\"ReadAction\",\"target\":[\"https:\/\/otorinoticino.ch\/fr\/collo-e-tiroide\/\"]}]},{\"@type\":\"BreadcrumbList\",\"@id\":\"https:\/\/otorinoticino.ch\/fr\/collo-e-tiroide\/#breadcrumb\",\"itemListElement\":[{\"@type\":\"ListItem\",\"position\":1,\"name\":\"Home\",\"item\":\"https:\/\/otorinoticino.ch\/fr\/\"},{\"@type\":\"ListItem\",\"position\":2,\"name\":\"Cou et thyro\u00efde\"}]},{\"@type\":\"WebSite\",\"@id\":\"https:\/\/otorinoticino.ch\/fr\/#website\",\"url\":\"https:\/\/otorinoticino.ch\/fr\/\",\"name\":\"Studio OTORINO Ticino\",\"description\":\"\",\"publisher\":{\"@id\":\"https:\/\/otorinoticino.ch\/fr\/#organization\"},\"potentialAction\":[{\"@type\":\"SearchAction\",\"target\":{\"@type\":\"EntryPoint\",\"urlTemplate\":\"https:\/\/otorinoticino.ch\/fr\/?s={search_term_string}\"},\"query-input\":{\"@type\":\"PropertyValueSpecification\",\"valueRequired\":true,\"valueName\":\"search_term_string\"}}],\"inLanguage\":\"fr-FR\"},{\"@type\":\"Organization\",\"@id\":\"https:\/\/otorinoticino.ch\/fr\/#organization\",\"name\":\"Studio OTORINO Ticino\",\"url\":\"https:\/\/otorinoticino.ch\/fr\/\",\"logo\":{\"@type\":\"ImageObject\",\"inLanguage\":\"fr-FR\",\"@id\":\"https:\/\/otorinoticino.ch\/fr\/#\/schema\/logo\/image\/\",\"url\":\"https:\/\/otorinoticino.ch\/wp-content\/uploads\/2024\/10\/cropped-logo.png\",\"contentUrl\":\"https:\/\/otorinoticino.ch\/wp-content\/uploads\/2024\/10\/cropped-logo.png\",\"width\":522,\"height\":278,\"caption\":\"Studio OTORINO Ticino\"},\"image\":{\"@id\":\"https:\/\/otorinoticino.ch\/fr\/#\/schema\/logo\/image\/\"}}]}<\/script>\n<!-- \/ Yoast SEO plugin. -->","yoast_head_json":{"title":"Thyro\u00efde et cou: Th\u00e9rapie et chirurgie de la thyro\u00efde, Lugano, Bellinzona | Studio Otorino Ticino","description":"La sant\u00e9 de la thyro\u00efde est \u00e0 la base du bien-\u00eatre de tout l'organisme. D\u00e9couvrez la gamme compl\u00e8te de services pour le diagnostic et le traitement des troubles de la thyro\u00efde \u00e0 la clinique d'oto-rhino-laryngologie du Tessin. Meilleurs prix pour la chirurgie plastique.","robots":{"index":"index","follow":"follow","max-snippet":"max-snippet:-1","max-image-preview":"max-image-preview:large","max-video-preview":"max-video-preview:-1"},"canonical":"https:\/\/otorinoticino.ch\/fr\/collo-e-tiroide\/","og_locale":"fr_FR","og_type":"article","og_title":"Thyro\u00efde et cou: Th\u00e9rapie et chirurgie de la thyro\u00efde, Lugano, Bellinzona | Studio Otorino Ticino","og_description":"La sant\u00e9 de la thyro\u00efde est \u00e0 la base du bien-\u00eatre de tout l'organisme. D\u00e9couvrez la gamme compl\u00e8te de services pour le diagnostic et le traitement des troubles de la thyro\u00efde \u00e0 la clinique d'oto-rhino-laryngologie du Tessin. Meilleurs prix pour la chirurgie plastique.","og_url":"https:\/\/otorinoticino.ch\/fr\/collo-e-tiroide\/","og_site_name":"Studio OTORINO Ticino","article_modified_time":"2024-10-17T04:56:59+00:00","twitter_card":"summary_large_image","twitter_misc":{"Dur\u00e9e de lecture estim\u00e9e":"1 minute"},"schema":{"@context":"https:\/\/schema.org","@graph":[{"@type":"WebPage","@id":"https:\/\/otorinoticino.ch\/fr\/collo-e-tiroide\/","url":"https:\/\/otorinoticino.ch\/fr\/collo-e-tiroide\/","name":"Thyro\u00efde et cou: Th\u00e9rapie et chirurgie de la thyro\u00efde, Lugano, Bellinzona | Studio Otorino Ticino","isPartOf":{"@id":"https:\/\/otorinoticino.ch\/fr\/#website"},"datePublished":"2024-10-07T03:03:11+00:00","dateModified":"2024-10-17T04:56:59+00:00","description":"La sant\u00e9 de la thyro\u00efde est \u00e0 la base du bien-\u00eatre de tout l'organisme. D\u00e9couvrez la gamme compl\u00e8te de services pour le diagnostic et le traitement des troubles de la thyro\u00efde \u00e0 la clinique d'oto-rhino-laryngologie du Tessin. Meilleurs prix pour la chirurgie plastique.","breadcrumb":{"@id":"https:\/\/otorinoticino.ch\/fr\/collo-e-tiroide\/#breadcrumb"},"inLanguage":"fr-FR","potentialAction":[{"@type":"ReadAction","target":["https:\/\/otorinoticino.ch\/fr\/collo-e-tiroide\/"]}]},{"@type":"BreadcrumbList","@id":"https:\/\/otorinoticino.ch\/fr\/collo-e-tiroide\/#breadcrumb","itemListElement":[{"@type":"ListItem","position":1,"name":"Home","item":"https:\/\/otorinoticino.ch\/fr\/"},{"@type":"ListItem","position":2,"name":"Cou et thyro\u00efde"}]},{"@type":"WebSite","@id":"https:\/\/otorinoticino.ch\/fr\/#website","url":"https:\/\/otorinoticino.ch\/fr\/","name":"Studio OTORINO Ticino","description":"","publisher":{"@id":"https:\/\/otorinoticino.ch\/fr\/#organization"},"potentialAction":[{"@type":"SearchAction","target":{"@type":"EntryPoint","urlTemplate":"https:\/\/otorinoticino.ch\/fr\/?s={search_term_string}"},"query-input":{"@type":"PropertyValueSpecification","valueRequired":true,"valueName":"search_term_string"}}],"inLanguage":"fr-FR"},{"@type":"Organization","@id":"https:\/\/otorinoticino.ch\/fr\/#organization","name":"Studio OTORINO Ticino","url":"https:\/\/otorinoticino.ch\/fr\/","logo":{"@type":"ImageObject","inLanguage":"fr-FR","@id":"https:\/\/otorinoticino.ch\/fr\/#\/schema\/logo\/image\/","url":"https:\/\/otorinoticino.ch\/wp-content\/uploads\/2024\/10\/cropped-logo.png","contentUrl":"https:\/\/otorinoticino.ch\/wp-content\/uploads\/2024\/10\/cropped-logo.png","width":522,"height":278,"caption":"Studio OTORINO Ticino"},"image":{"@id":"https:\/\/otorinoticino.ch\/fr\/#\/schema\/logo\/image\/"}}]}},"_links":{"self":[{"href":"https:\/\/otorinoticino.ch\/fr\/wp-json\/wp\/v2\/pages\/541","targetHints":{"allow":["GET"]}}],"collection":[{"href":"https:\/\/otorinoticino.ch\/fr\/wp-json\/wp\/v2\/pages"}],"about":[{"href":"https:\/\/otorinoticino.ch\/fr\/wp-json\/wp\/v2\/types\/page"}],"author":[{"embeddable":true,"href":"https:\/\/otorinoticino.ch\/fr\/wp-json\/wp\/v2\/users\/1"}],"replies":[{"embeddable":true,"href":"https:\/\/otorinoticino.ch\/fr\/wp-json\/wp\/v2\/comments?post=541"}],"version-history":[{"count":2,"href":"https:\/\/otorinoticino.ch\/fr\/wp-json\/wp\/v2\/pages\/541\/revisions"}],"predecessor-version":[{"id":1126,"href":"https:\/\/otorinoticino.ch\/fr\/wp-json\/wp\/v2\/pages\/541\/revisions\/1126"}],"wp:attachment":[{"href":"https:\/\/otorinoticino.ch\/fr\/wp-json\/wp\/v2\/media?parent=541"}],"curies":[{"name":"wp","href":"https:\/\/api.w.org\/{rel}","templated":true}]}}