{"id":522,"date":"2024-10-02T16:29:16","date_gmt":"2024-10-02T16:29:16","guid":{"rendered":"http:\/\/dev.otorinoticino.ch\/?page_id=522"},"modified":"2024-10-17T04:43:49","modified_gmt":"2024-10-17T04:43:49","slug":"dr-tomath-roth","status":"publish","type":"page","link":"https:\/\/otorinoticino.ch\/en\/dr-tomath-roth\/","title":{"rendered":"Dr. Tomath Roth"},"content":{"rendered":"<div class=\"gb-grid-wrapper gb-grid-wrapper-a24662e0 mt-4 mb-4\">\n<div class=\"gb-grid-column gb-grid-column-57671018\"><div class=\"gb-container gb-container-57671018 position-doc_pic\">\n\n<figure class=\"gb-block-image gb-block-image-3facee75\"><img loading=\"lazy\" decoding=\"async\" width=\"310\" height=\"410\" class=\"gb-image gb-image-3facee75\" src=\"https:\/\/otorinoticino.ch\/wp-content\/uploads\/2024\/10\/dr-tomath-roth.webp\" alt=\"dr tomath roth\" title=\"dr-tomath-roth\" srcset=\"https:\/\/otorinoticino.ch\/wp-content\/uploads\/2024\/10\/dr-tomath-roth.webp 310w, https:\/\/otorinoticino.ch\/wp-content\/uploads\/2024\/10\/dr-tomath-roth-227x300.webp 227w\" sizes=\"auto, (max-width: 310px) 100vw, 310px\" \/><\/figure>\n\n<\/div><\/div>\n\n<div class=\"gb-grid-column gb-grid-column-9e8fbf8d\"><div class=\"gb-container gb-container-9e8fbf8d\">\n\n<h1 class=\"gb-headline gb-headline-86eeb6e0 gb-headline-text\">KD DR. MED. THOMAS ROTH<\/h1>\n\n\n\n<div class=\"d-flex justify-content-center mt-3 mb-3\" style=\"height: 3vh;\">\n    <svg preserveAspectRatio=\"xMidYMid meet\" width=\"25\" height=\"25\" viewBox=\"0 52.749 444 338.551\" xmlns=\"http:\/\/www.w3.org\/2000\/svg\" role=\"presentation\" aria-hidden=\"true\" aria-label=\"\">\n        <g>\n            <path d=\"M276.9 391.3h-1c-6.3-.5-11.5-4.7-13.6-10.4l-97.7-272.7L103 229.4c-2.6 5.2-7.8 8.4-14.1 8.4H15.7C6.8 237.7 0 231 0 222.1s6.8-15.7 15.7-15.7h63.7l74.2-145.2c2.6-5.7 8.9-8.9 15.2-8.4s11.5 4.7 13.6 10.4L279.5 336l61.6-121.2c2.6-5.2 7.8-8.4 14.1-8.4h73.1c8.9 0 15.7 6.8 15.7 15.7 0 8.9-6.8 15.7-15.7 15.7h-63.7L291 383c-2.6 5.2-8.4 8.3-14.1 8.3z\" fill=\"#006ad1\"><\/path>\n        <\/g>\n    <\/svg>\n<\/div>\n\n\n\n<p><strong>&#8211; Specialist Otolaryngology and Cervicofacial Surgery (FMH).<br>&#8211; Ultrasound of the neck and thyroid (SSUM)<\/strong><br>&nbsp;<br>Dr Thomas Roth received his Federal Medical Diploma in 2003 and his medical degree from the University of Bern in 2008. During his educational career, he undertook specialist training in ENT at the Inselspital Bern and the University Hospital Zurich between 2004 and 2009. In 2012, he became an&nbsp;<strong>FMH<\/strong>&nbsp;specialist in cervicofacial surgery.<br>&nbsp;<br>He held the position senior physician at Inselspital Bern in 2009 and then also at the University Hospital Zurich from 2010 to 2016. Since 2016 he has also held the position of Clinical Lecturer at the same University of Zurich.<br>&nbsp;<br>He was deputy chief physician of the department of rhinology, otology and head neck.<br>&nbsp;<br>During his long career as senior physician, he acquired in-depth knowledge in all areas of ENT. At the same time as working as a doctor in the clinic, he devoted his passion to scientific research, which is reflected in numerous publications in different fields of his speciality. He had a particular interest in the vestibular organ and hearing with all its aspects related to communication, both neuro-physiologically, neuro-linguistically, interpersonally and psychosomatically.<br>&nbsp;<br>In addition to conservative aspects, he has gained extensive surgical experience, in addition to basic ENT surgery, such as:<\/p>\n\n\n\n<ul class=\"wp-block-list\">\n<li>Endoscopic surgery of the paranasal sinuses and skull base<\/li>\n\n\n\n<li>Functional, aesthetic and reconstructive rhinoplasty<\/li>\n\n\n\n<li>Ear microsurgery<\/li>\n\n\n\n<li>Aesthetic and reconstructive facial surgery<\/li>\n\n\n\n<li>Thyroid and parathyroid surgery<\/li>\n\n\n\n<li>Oncological neck surgery with reconstruction using skin and muscle flaps.<\/li>\n<\/ul>\n\n\n\n<p>&nbsp;<br>In 2016, he joined Centromedico in Ticino; in addition to contributing significantly to the organisation and development of ENT, he set up the cervicofacial surgery and outpatient surgery service.<br>&nbsp;<br>In 2020, he decided to strike out on his own and founded Studio OTORINO Ticino.<br>&nbsp;<br>In the consultation, not only factors that contribute to the disease are discussed, but aspects that support a person&#8217;s health and wellbeing (salutogenesis) are focused on.<br>&nbsp;<br>He speaks Italian, German, Swiss German, French, English and Greek fluently.<br>&nbsp;<br><strong>ENT training<\/strong><br>2004 General surgery at Bezirksspital Belp (BE)<br>2005 &#8211; 2009 Specialist ENT training at Inselspital Bern and University Hospital Zurich (USZ)<br>2009 Senior physician at Inselspital Bern<br>2010 &#8211; 2016 Senior physician at the University Hospital Zurich (USZ)<br>&nbsp;<br><strong>Examinations and qualifications<\/strong><br>2003 Swiss State Examination at the University of Bern<br>2008 Title of \u2018Doctor medicinae\u2019 (Dr. med.) at the University of Bern<br>2009 Specialty in Otolaryngology (FMH)<br>2012 Specialty in cervicofacial surgery (FMH)<br>2015 Certificate of competence in sonography of the neck and thyroid (SSUM)<br>2016 Clinical Lecturer (Klinischer Dozent) (KD) at the University of Zurich<\/p>\n\n<\/div><\/div>\n<\/div>\n\n<div class=\"gb-grid-wrapper gb-grid-wrapper-a55df9db mt-4 mb-4\">\n<div class=\"gb-grid-column gb-grid-column-0735a197\"><div class=\"gb-container gb-container-0735a197\">\n\n<h3 class=\"gb-headline gb-headline-c9a1a032 gb-headline-text\">Training courses<\/h3>\n\n\n\n<ul class=\"wp-block-list ms-2\">\n<li><strong>Rhinoplasty and Plastic Facial Surgery<\/strong><br>ORL Centre Hirslanden, Zurich: 7-8 June 2012 (Cadaver Dissection)<\/li>\n\n\n\n<li><strong>Petrous bone dissection course<\/strong><br>Institute of Pathology, Basel: 1 &#8211; 2 September 2011 (Cadaver Dissection)<\/li>\n\n\n\n<li><strong>Endonasal Microsurgery of the Paranasal Sinuses and the Anterior Skull Base<\/strong><br>ORL Centre Hirslanden, Zurich: 8-9 June 2011(Cadaver Dissection)<\/li>\n\n\n\n<li><strong>Aesthetic and Reconstructive Rhinoplasty<\/strong><br>International Milan Masterclass, Milan: 27-29 March 2011<\/li>\n\n\n\n<li><strong>Advanced Resident Temporal Bone Dissection Course<\/strong><br>Institute of Anatomy, Vienna: 4-6 October 2010 (Cadaver Dissection)<\/li>\n\n\n\n<li><strong>Endoscopic Course for Paranasal Sinus and Skull Base Surgery<\/strong>&nbsp;(PSSB)<br>Institute of Anatomy, Bern: 11-13 September 2008 (Cadaver Dissection)<\/li>\n\n\n\n<li><strong>Basic Ultrasound Courses I-III<\/strong><br>Section ORL of the SGUM (2006, 2009, 2011)<\/li>\n<\/ul>\n\n<\/div><\/div>\n\n<div class=\"gb-grid-column gb-grid-column-9526f2b3\"><div class=\"gb-container gb-container-9526f2b3\">\n\n<h3 class=\"gb-headline gb-headline-ca48ef8e gb-headline-text\">Teaching and management course<\/h3>\n\n\n\n<ul class=\"wp-block-list ms-2\">\n<li><strong>Leadership I des Universit\u00e4tsSpitals Z\u00fcrich (FMH-Approved)<\/strong><br>F\u00fchrungsseminar f\u00fcr Ober\u00e4rzte: 5.9.11 bis 1.3.12<\/li>\n\n\n\n<li><strong>Leadership II des Universit\u00e4tsSpitals Z\u00fcrich (FMH-Approved)<\/strong><br>F\u00fchrungsseminar for Leitende \u00c4rzte: 19.8.13 bis 19.12.13<\/li>\n\n\n\n<li><strong>Moderation von Lern- und Arbeitsprozessen<\/strong><br>Didaktik-Kurs der Universit\u00e4t Z\u00fcrich, 25.-26.9.2014<\/li>\n\n\n\n<li><strong>D\u00e9but &#8211; Einstieg in die Lehre<\/strong><br>Didaktik-Kurs der Universit\u00e4t Z\u00fcrich, 25.8.2014<\/li>\n\n\n\n<li><strong>Kognitive Aktivierung von Studierenden in interaktiv angelegten Lehrveranstaltungen<\/strong><br>Didaktik-Kurs der Universit\u00e4t Z\u00fcrich, 5.-6.6.2014<\/li>\n\n\n\n<li><strong>SGUM: Didaktik- und Tutorenkurs<\/strong><br>ENT-Sonographie, Stadtspital Triemli, 22.-23.3.13<\/li>\n\n\n\n<li><strong>Workshop Fallmanagment im Bereich Neuro-Kopf, USZ<\/strong><br>Prozessoptimierung Austrittsmanagment und Notf\u00e4lle: M\u00e4rz 2013<\/li>\n\n\n\n<li><strong>Angebots-, Entwicklungs- und Finanzplanung USZ<\/strong><br>medizinischen Leistungsportfolios auf Basis von klinischen Einsch\u00e4tzungen und statistischen Analysen: 2014<\/li>\n<\/ul>\n\n<\/div><\/div>\n<\/div>\n\n\n<h2 class=\"gb-headline gb-headline-37984482 gb-headline-text\">SCIENTIFIC ACTIVITIES<\/h2>\n\n\n\n<div class=\"d-flex justify-content-center mt-3 mb-3\" style=\"height: 3vh;\">\n    <svg preserveAspectRatio=\"xMidYMid meet\" width=\"25\" height=\"25\" viewBox=\"0 52.749 444 338.551\" xmlns=\"http:\/\/www.w3.org\/2000\/svg\" role=\"presentation\" aria-hidden=\"true\" aria-label=\"\">\n        <g>\n            <path d=\"M276.9 391.3h-1c-6.3-.5-11.5-4.7-13.6-10.4l-97.7-272.7L103 229.4c-2.6 5.2-7.8 8.4-14.1 8.4H15.7C6.8 237.7 0 231 0 222.1s6.8-15.7 15.7-15.7h63.7l74.2-145.2c2.6-5.7 8.9-8.9 15.2-8.4s11.5 4.7 13.6 10.4L279.5 336l61.6-121.2c2.6-5.2 7.8-8.4 14.1-8.4h73.1c8.9 0 15.7 6.8 15.7 15.7 0 8.9-6.8 15.7-15.7 15.7h-63.7L291 383c-2.6 5.2-8.4 8.3-14.1 8.3z\" fill=\"#006ad1\"><\/path>\n        <\/g>\n    <\/svg>\n<\/div>\n\n\n<div class=\"gb-container gb-container-23b87ff1\">\n\n<h3 class=\"gb-headline gb-headline-11972e1b gb-headline-text\">Teaching activities<\/h3>\n\n\n\n<p>Since 2010 Lecturer in the Master Course at the Faculty of Medicine at the University of Zurich: various practical courses and lectures<br>Since 2010 Examiner at the Faculty of Medicine at the University of Zurich: OSCE (Objective Structured Clinical Examination) for the state examination<br>2011 Author of Multiple Choice Examination for the state examination in Human Medicine (BAG)<\/p>\n\n<\/div>\n\n<div class=\"gb-container gb-container-16df18ed\">\n\n<h3 class=\"gb-headline gb-headline-7cf45d78 gb-headline-text\">Master&#8217;s degree in Medicine (M Med)<\/h3>\n\n\n\n<p>Master&#8217;s thesis in Otoneurology:<\/p>\n\n\n\n<ol class=\"wp-block-list\">\n<li>(Dysfunction of the otolithic organs in benign paroxysmal positional vertigo) Dysfunktion der Otolithen-Organe beim benignen paroxysmalen Lagerungsschwindel submitted by the student I. Bertels for the title of M Med (2012)<\/li>\n\n\n\n<li>(Function of the sacculus and utriculus assessed with vestibular myogenic evoked potentials in various cochleo-vestibular disorders) Funktion von Sakkulus und Utrikulus gemessen mit Vestibul\u00e4r evozierten myogenen Potenzialen (VEMP) bei verschiedenen vestibul\u00e4ren St\u00f6rungen presented by student A. Bl\u00f6chlinger for the title of M Med (2013)<\/li>\n<\/ol>\n\n<\/div>\n\n\n<h2 class=\"gb-headline gb-headline-b4e3b5f9 gb-headline-text\">PUBLICATIONS<\/h2>\n\n\n\n<div class=\"d-flex justify-content-center mt-3 mb-3\" style=\"height: 3vh;\">\n    <svg preserveAspectRatio=\"xMidYMid meet\" width=\"25\" height=\"25\" viewBox=\"0 52.749 444 338.551\" xmlns=\"http:\/\/www.w3.org\/2000\/svg\" role=\"presentation\" aria-hidden=\"true\" aria-label=\"\">\n        <g>\n            <path d=\"M276.9 391.3h-1c-6.3-.5-11.5-4.7-13.6-10.4l-97.7-272.7L103 229.4c-2.6 5.2-7.8 8.4-14.1 8.4H15.7C6.8 237.7 0 231 0 222.1s6.8-15.7 15.7-15.7h63.7l74.2-145.2c2.6-5.7 8.9-8.9 15.2-8.4s11.5 4.7 13.6 10.4L279.5 336l61.6-121.2c2.6-5.2 7.8-8.4 14.1-8.4h73.1c8.9 0 15.7 6.8 15.7 15.7 0 8.9-6.8 15.7-15.7 15.7h-63.7L291 383c-2.6 5.2-8.4 8.3-14.1 8.3z\" fill=\"#006ad1\"><\/path>\n        <\/g>\n    <\/svg>\n<\/div>\n\n\n<div class=\"gb-container gb-container-6481f7d0\">\n\n<p><strong>Handbook of Clinical Neurology (Volume 129, capitolo 20)<\/strong><\/p>\n\n\n\n<p><strong>Roth TN<\/strong>.&nbsp;Aging of the Auditory System Handb Clin Neurol. 2015;129:357-73&nbsp;&nbsp;<a href=\"https:\/\/otorinoticino.ch\/wp-content\/uploads\/2024\/10\/aging_of_the_auditory_system_compressed.pdf\" target=\"_blank\" rel=\"noreferrer noopener\"><strong>Download<\/strong><\/a><\/p>\n\n\n\n<p><strong>Pubblicazioni scentifiche<\/strong><\/p>\n\n\n\n<p>Huber AM, Veraguth D, Schmid S,&nbsp;<strong>Roth T<\/strong>, Eiber A.&nbsp;<em>Tight Stapes Prothesis Fixation Leads to Better Functional Results in Otosclerosis Surgery<\/em>.&nbsp;<br>Otol Neurotol 2008;29(7):893-9<\/p>\n\n\n\n<p><strong>Roth TN<\/strong>,&nbsp;H\u00e4usler R.&nbsp;<em>Inside-out technique cholesteatoma surgery: a retrospective long-term analysis of 604 operated ears between 1992 and 2006<\/em>.&nbsp;<br>Otol Neurotol 2009;30(1):59-63<\/p>\n\n\n\n<p><strong>Roth TN<\/strong>,&nbsp;Gengler C, Huber GF, Holzmann D.&nbsp;<em>Outcome of sinonasal melanoma: clinical experience a review of the literature<\/em>.&nbsp;Head Neck 2010<br>Oct;32(10):1385-92<\/p>\n\n\n\n<p><strong>Roth TN<\/strong>,&nbsp;Friedrich H, Schmid P, Blumstein N, B\u00fctikofer Y, Zb\u00e4ren P, Arnold A.&nbsp;Lokale und regionale Rezidivrate der oralen Zungenkarzinome pT1\u20132 N0\u20131<br>entsprechend der prim\u00e4ren Therapie.&nbsp;Schweiz Med Forum 2010:10 (Suppl. 51)<\/p>\n\n\n\n<p>Huber GF; Gengler C; Walter C;&nbsp;<strong>Roth TN<\/strong>;&nbsp;Huber A; Holzmann D.&nbsp;<em>Adenocarcinoma of the nasal cavity and paranasal sinuses: A single institution review<\/em><\/p>\n\n\n\n<p><em>of diagnosis, histology and outcome<\/em>.&nbsp;J Otolaryngol Head Neck Surg 2011 Feb;40(1):34-9<\/p>\n\n\n\n<p><strong>Roth TN<\/strong>,&nbsp;Hanebuth D, Probst R.&nbsp;<em>Prevalence of age-related hearing loss (ARHL) in Europe \u2013 A Review<\/em>.&nbsp;Eur Arch Otorhinolaryngol 268(8):1101-7<\/p>\n\n\n\n<p>Lehner R, Stoupis C,&nbsp;Roth T,&nbsp;Andreisek G, Tamborrini G.&nbsp;Rare cause of acute neck pain.&nbsp;Praxis 2011 Nov 2;100(22):1371-3<\/p>\n\n\n\n<p><strong>Roth TN<\/strong>,&nbsp;Ziglinas P, Haeusler R, Caversaccio MD.&nbsp;<em>Cholesteatoma surgery in children: long-term results of the inside-out technique<\/em>.&nbsp;Int J Pediatr<\/p>\n\n\n\n<p>Otorhinolaryngol. 2013 May;77(5)<\/p>\n\n\n\n<p><strong>Roth TN<\/strong>,&gt; Weber KP, Wettstein VG, Marks GB, Rosengren SM, Hegemann SC.&nbsp;<em>Ethanol consumption impairs vestibulo-ocular reflex function measured<\/em><\/p>\n\n\n\n<p><em>by the video head impulse test and dynamic visual acuity<\/em>.&nbsp;J Vestib Res. 2014 Jan 1;24(4):289-95<\/p>\n\n\n\n<p>Rosengren SM, Weber KP, Hegemann SC,&nbsp;<strong>Roth TN<\/strong>.&nbsp;<em>The effect of alcohol on cervical and ocular vestibular evoked myogenic potentials in healthy<\/em><\/p>\n\n\n\n<p><em>volunteers<\/em>.&nbsp;Clin Neurophysiol. 2014 Aug;125(8):1700-8<\/p>\n\n\n\n<p>Stanimirov Rossi O, Vital D, Soyka MB,&nbsp;<strong>Roth TN<\/strong>,&nbsp;Huber GF, Holzmann D.&nbsp;<em>Multilocular sinonasal malignant melanoma: a poor prognostic subgroup?<\/em>&nbsp;<\/p>\n\n\n\n<p>Eur Arch Otorhinolaryngol. 2015 Jan;272(1):123-9<\/p>\n\n\n\n<p>Laske RD,&nbsp;<strong>Roth TN<\/strong>,&nbsp;Bar\u00e1th K, Schuknecht B, Huber AM, R\u00f6\u00f6sli C.&nbsp;<em>The role of non-echoplanar diffusion-weighted magnetic resonance imaging in<\/em><\/p>\n\n\n\n<p><em>diagnosis of primary cholesteatoma and cholesteatoma recidivsm as an adjuvant to clinical evaluation<\/em>.&nbsp;Ann Otol Rhinol Laryngol.<\/p>\n\n\n\n<p>2018 Dec;127(12):919-925.<\/p>\n\n<\/div>","protected":false},"excerpt":{"rendered":"<p>SCIENTIFIC ACTIVITIES Teaching activities Since 2010 Lecturer in the Master Course at the Faculty of Medicine at the University of Zurich: various practical courses and lecturesSince 2010 Examiner at the Faculty of Medicine at the University of Zurich: OSCE (Objective Structured Clinical Examination) for the state examination2011 Author of Multiple Choice Examination for the state [&hellip;]<\/p>\n","protected":false},"author":1,"featured_media":0,"parent":0,"menu_order":0,"comment_status":"closed","ping_status":"closed","template":"content-template.php","meta":{"_acf_changed":false,"footnotes":""},"class_list":["post-522","page","type-page","status-publish","hentry"],"acf":[],"yoast_head":"<!-- This site is optimized with the Yoast SEO plugin v27.1.1 - https:\/\/yoast.com\/product\/yoast-seo-wordpress\/ -->\n<title>The Doctor, Lugano, Bellinzona | Studio Otorino Ticino<\/title>\n<meta name=\"robots\" content=\"index, follow, max-snippet:-1, max-image-preview:large, max-video-preview:-1\" \/>\n<link rel=\"canonical\" href=\"https:\/\/otorinoticino.ch\/en\/dr-tomath-roth\/\" \/>\n<meta property=\"og:locale\" content=\"en_US\" \/>\n<meta property=\"og:type\" content=\"article\" \/>\n<meta property=\"og:title\" content=\"The Doctor, Lugano, Bellinzona | Studio Otorino Ticino\" \/>\n<meta property=\"og:description\" content=\"SCIENTIFIC ACTIVITIES Teaching activities Since 2010 Lecturer in the Master Course at the Faculty of Medicine at the University of Zurich: various practical courses and lecturesSince 2010 Examiner at the Faculty of Medicine at the University of Zurich: OSCE (Objective Structured Clinical Examination) for the state examination2011 Author of Multiple Choice Examination for the state [&hellip;]\" \/>\n<meta property=\"og:url\" content=\"https:\/\/otorinoticino.ch\/en\/dr-tomath-roth\/\" \/>\n<meta property=\"og:site_name\" content=\"Studio OTORINO Ticino\" \/>\n<meta property=\"article:modified_time\" content=\"2024-10-17T04:43:49+00:00\" \/>\n<meta property=\"og:image\" content=\"https:\/\/otorinoticino.ch\/wp-content\/uploads\/2024\/10\/dr-tomath-roth.webp\" \/>\n<meta name=\"twitter:card\" content=\"summary_large_image\" \/>\n<meta name=\"twitter:label1\" content=\"Est. reading time\" \/>\n\t<meta name=\"twitter:data1\" content=\"6 minutes\" \/>\n<script type=\"application\/ld+json\" class=\"yoast-schema-graph\">{\"@context\":\"https:\/\/schema.org\",\"@graph\":[{\"@type\":\"WebPage\",\"@id\":\"https:\/\/otorinoticino.ch\/en\/dr-tomath-roth\/\",\"url\":\"https:\/\/otorinoticino.ch\/en\/dr-tomath-roth\/\",\"name\":\"The Doctor, Lugano, Bellinzona | Studio Otorino Ticino\",\"isPartOf\":{\"@id\":\"https:\/\/otorinoticino.ch\/en\/#website\"},\"primaryImageOfPage\":{\"@id\":\"https:\/\/otorinoticino.ch\/en\/dr-tomath-roth\/#primaryimage\"},\"image\":{\"@id\":\"https:\/\/otorinoticino.ch\/en\/dr-tomath-roth\/#primaryimage\"},\"thumbnailUrl\":\"https:\/\/otorinoticino.ch\/wp-content\/uploads\/2024\/10\/dr-tomath-roth.webp\",\"datePublished\":\"2024-10-02T16:29:16+00:00\",\"dateModified\":\"2024-10-17T04:43:49+00:00\",\"breadcrumb\":{\"@id\":\"https:\/\/otorinoticino.ch\/en\/dr-tomath-roth\/#breadcrumb\"},\"inLanguage\":\"en-US\",\"potentialAction\":[{\"@type\":\"ReadAction\",\"target\":[\"https:\/\/otorinoticino.ch\/en\/dr-tomath-roth\/\"]}]},{\"@type\":\"ImageObject\",\"inLanguage\":\"en-US\",\"@id\":\"https:\/\/otorinoticino.ch\/en\/dr-tomath-roth\/#primaryimage\",\"url\":\"https:\/\/otorinoticino.ch\/wp-content\/uploads\/2024\/10\/dr-tomath-roth.webp\",\"contentUrl\":\"https:\/\/otorinoticino.ch\/wp-content\/uploads\/2024\/10\/dr-tomath-roth.webp\"},{\"@type\":\"BreadcrumbList\",\"@id\":\"https:\/\/otorinoticino.ch\/en\/dr-tomath-roth\/#breadcrumb\",\"itemListElement\":[{\"@type\":\"ListItem\",\"position\":1,\"name\":\"Home\",\"item\":\"https:\/\/otorinoticino.ch\/en\/\"},{\"@type\":\"ListItem\",\"position\":2,\"name\":\"Dr. Tomath Roth\"}]},{\"@type\":\"WebSite\",\"@id\":\"https:\/\/otorinoticino.ch\/en\/#website\",\"url\":\"https:\/\/otorinoticino.ch\/en\/\",\"name\":\"Studio OTORINO Ticino\",\"description\":\"\",\"publisher\":{\"@id\":\"https:\/\/otorinoticino.ch\/en\/#organization\"},\"potentialAction\":[{\"@type\":\"SearchAction\",\"target\":{\"@type\":\"EntryPoint\",\"urlTemplate\":\"https:\/\/otorinoticino.ch\/en\/?s={search_term_string}\"},\"query-input\":{\"@type\":\"PropertyValueSpecification\",\"valueRequired\":true,\"valueName\":\"search_term_string\"}}],\"inLanguage\":\"en-US\"},{\"@type\":\"Organization\",\"@id\":\"https:\/\/otorinoticino.ch\/en\/#organization\",\"name\":\"Studio OTORINO Ticino\",\"url\":\"https:\/\/otorinoticino.ch\/en\/\",\"logo\":{\"@type\":\"ImageObject\",\"inLanguage\":\"en-US\",\"@id\":\"https:\/\/otorinoticino.ch\/en\/#\/schema\/logo\/image\/\",\"url\":\"https:\/\/otorinoticino.ch\/wp-content\/uploads\/2024\/10\/cropped-logo.png\",\"contentUrl\":\"https:\/\/otorinoticino.ch\/wp-content\/uploads\/2024\/10\/cropped-logo.png\",\"width\":522,\"height\":278,\"caption\":\"Studio OTORINO Ticino\"},\"image\":{\"@id\":\"https:\/\/otorinoticino.ch\/en\/#\/schema\/logo\/image\/\"}}]}<\/script>\n<!-- \/ Yoast SEO plugin. -->","yoast_head_json":{"title":"The Doctor, Lugano, Bellinzona | Studio Otorino Ticino","robots":{"index":"index","follow":"follow","max-snippet":"max-snippet:-1","max-image-preview":"max-image-preview:large","max-video-preview":"max-video-preview:-1"},"canonical":"https:\/\/otorinoticino.ch\/en\/dr-tomath-roth\/","og_locale":"en_US","og_type":"article","og_title":"The Doctor, Lugano, Bellinzona | Studio Otorino Ticino","og_description":"SCIENTIFIC ACTIVITIES Teaching activities Since 2010 Lecturer in the Master Course at the Faculty of Medicine at the University of Zurich: various practical courses and lecturesSince 2010 Examiner at the Faculty of Medicine at the University of Zurich: OSCE (Objective Structured Clinical Examination) for the state examination2011 Author of Multiple Choice Examination for the state [&hellip;]","og_url":"https:\/\/otorinoticino.ch\/en\/dr-tomath-roth\/","og_site_name":"Studio OTORINO Ticino","article_modified_time":"2024-10-17T04:43:49+00:00","og_image":[{"url":"https:\/\/otorinoticino.ch\/wp-content\/uploads\/2024\/10\/dr-tomath-roth.webp","type":"","width":"","height":""}],"twitter_card":"summary_large_image","twitter_misc":{"Est. reading time":"6 minutes"},"schema":{"@context":"https:\/\/schema.org","@graph":[{"@type":"WebPage","@id":"https:\/\/otorinoticino.ch\/en\/dr-tomath-roth\/","url":"https:\/\/otorinoticino.ch\/en\/dr-tomath-roth\/","name":"The Doctor, Lugano, Bellinzona | Studio Otorino Ticino","isPartOf":{"@id":"https:\/\/otorinoticino.ch\/en\/#website"},"primaryImageOfPage":{"@id":"https:\/\/otorinoticino.ch\/en\/dr-tomath-roth\/#primaryimage"},"image":{"@id":"https:\/\/otorinoticino.ch\/en\/dr-tomath-roth\/#primaryimage"},"thumbnailUrl":"https:\/\/otorinoticino.ch\/wp-content\/uploads\/2024\/10\/dr-tomath-roth.webp","datePublished":"2024-10-02T16:29:16+00:00","dateModified":"2024-10-17T04:43:49+00:00","breadcrumb":{"@id":"https:\/\/otorinoticino.ch\/en\/dr-tomath-roth\/#breadcrumb"},"inLanguage":"en-US","potentialAction":[{"@type":"ReadAction","target":["https:\/\/otorinoticino.ch\/en\/dr-tomath-roth\/"]}]},{"@type":"ImageObject","inLanguage":"en-US","@id":"https:\/\/otorinoticino.ch\/en\/dr-tomath-roth\/#primaryimage","url":"https:\/\/otorinoticino.ch\/wp-content\/uploads\/2024\/10\/dr-tomath-roth.webp","contentUrl":"https:\/\/otorinoticino.ch\/wp-content\/uploads\/2024\/10\/dr-tomath-roth.webp"},{"@type":"BreadcrumbList","@id":"https:\/\/otorinoticino.ch\/en\/dr-tomath-roth\/#breadcrumb","itemListElement":[{"@type":"ListItem","position":1,"name":"Home","item":"https:\/\/otorinoticino.ch\/en\/"},{"@type":"ListItem","position":2,"name":"Dr. Tomath Roth"}]},{"@type":"WebSite","@id":"https:\/\/otorinoticino.ch\/en\/#website","url":"https:\/\/otorinoticino.ch\/en\/","name":"Studio OTORINO Ticino","description":"","publisher":{"@id":"https:\/\/otorinoticino.ch\/en\/#organization"},"potentialAction":[{"@type":"SearchAction","target":{"@type":"EntryPoint","urlTemplate":"https:\/\/otorinoticino.ch\/en\/?s={search_term_string}"},"query-input":{"@type":"PropertyValueSpecification","valueRequired":true,"valueName":"search_term_string"}}],"inLanguage":"en-US"},{"@type":"Organization","@id":"https:\/\/otorinoticino.ch\/en\/#organization","name":"Studio OTORINO Ticino","url":"https:\/\/otorinoticino.ch\/en\/","logo":{"@type":"ImageObject","inLanguage":"en-US","@id":"https:\/\/otorinoticino.ch\/en\/#\/schema\/logo\/image\/","url":"https:\/\/otorinoticino.ch\/wp-content\/uploads\/2024\/10\/cropped-logo.png","contentUrl":"https:\/\/otorinoticino.ch\/wp-content\/uploads\/2024\/10\/cropped-logo.png","width":522,"height":278,"caption":"Studio OTORINO Ticino"},"image":{"@id":"https:\/\/otorinoticino.ch\/en\/#\/schema\/logo\/image\/"}}]}},"_links":{"self":[{"href":"https:\/\/otorinoticino.ch\/en\/wp-json\/wp\/v2\/pages\/522","targetHints":{"allow":["GET"]}}],"collection":[{"href":"https:\/\/otorinoticino.ch\/en\/wp-json\/wp\/v2\/pages"}],"about":[{"href":"https:\/\/otorinoticino.ch\/en\/wp-json\/wp\/v2\/types\/page"}],"author":[{"embeddable":true,"href":"https:\/\/otorinoticino.ch\/en\/wp-json\/wp\/v2\/users\/1"}],"replies":[{"embeddable":true,"href":"https:\/\/otorinoticino.ch\/en\/wp-json\/wp\/v2\/comments?post=522"}],"version-history":[{"count":2,"href":"https:\/\/otorinoticino.ch\/en\/wp-json\/wp\/v2\/pages\/522\/revisions"}],"predecessor-version":[{"id":1109,"href":"https:\/\/otorinoticino.ch\/en\/wp-json\/wp\/v2\/pages\/522\/revisions\/1109"}],"wp:attachment":[{"href":"https:\/\/otorinoticino.ch\/en\/wp-json\/wp\/v2\/media?parent=522"}],"curies":[{"name":"wp","href":"https:\/\/api.w.org\/{rel}","templated":true}]}}