{"id":922,"date":"2024-10-11T07:29:13","date_gmt":"2024-10-11T07:29:13","guid":{"rendered":"http:\/\/dev.otorinoticino.ch\/?page_id=922"},"modified":"2024-10-16T14:11:02","modified_gmt":"2024-10-16T14:11:02","slug":"link-utili","status":"publish","type":"page","link":"https:\/\/otorinoticino.ch\/de\/link-utili\/","title":{"rendered":"N\u00fctzliche Links"},"content":{"rendered":"<div class=\"gb-container gb-container-91a56c38\">\n\n<h2 class=\"gb-headline gb-headline-845b527a gb-headline-text\">N\u00dcTZLICHE LINKS<\/h2>\n\n\n\n<div class=\"d-flex justify-content-center mt-3 mb-3\" style=\"height: 3vh;\">\n    <svg preserveAspectRatio=\"xMidYMid meet\" width=\"25\" height=\"25\" viewBox=\"0 52.749 444 338.551\" xmlns=\"http:\/\/www.w3.org\/2000\/svg\" role=\"presentation\" aria-hidden=\"true\" aria-label=\"\">\n        <g>\n            <path d=\"M276.9 391.3h-1c-6.3-.5-11.5-4.7-13.6-10.4l-97.7-272.7L103 229.4c-2.6 5.2-7.8 8.4-14.1 8.4H15.7C6.8 237.7 0 231 0 222.1s6.8-15.7 15.7-15.7h63.7l74.2-145.2c2.6-5.7 8.9-8.9 15.2-8.4s11.5 4.7 13.6 10.4L279.5 336l61.6-121.2c2.6-5.2 7.8-8.4 14.1-8.4h73.1c8.9 0 15.7 6.8 15.7 15.7 0 8.9-6.8 15.7-15.7 15.7h-63.7L291 383c-2.6 5.2-8.4 8.3-14.1 8.3z\" fill=\"#006ad1\"><\/path>\n        <\/g>\n    <\/svg>\n<\/div>\n\n\n\n<h3 class=\"gb-headline gb-headline-c8bddff0 gb-headline-text\">Schweizer Verb\u00e4nde:<\/h3>\n\n\n\n<ul class=\"wp-block-list\">\n<li>FMH (Foederatio Medicorum Helvetiorum)\u00a0<a href=\"https:\/\/www.fmh.ch\/\" target=\"_blank\" rel=\"noreferrer noopener\">www.fmh.ch<\/a><\/li>\n\n\n\n<li>SSORL (Schweizerische Gesellschaft f\u00fcr HNO- und Kopf-Hals-Chirurgie)\u00a0<a href=\"https:\/\/www.orl-hno.ch\/home.html\" target=\"_blank\" rel=\"noreferrer noopener\">www.orl-hno.ch<\/a><\/li>\n\n\n\n<li>SSUM (Schweizerische Gesellschaft f\u00fcr Ultraschall in der Medizin)\u00a0<a href=\"https:\/\/sgum-ssum.ch\/\" target=\"_blank\" rel=\"noreferrer noopener\">www.sgum-ssum.ch<\/a><\/li>\n\n\n\n<li>OMCT (Orden der \u00c4rzte des Kantons Tessin)\u00a0<a href=\"https:\/\/www.omct.ch\/omct\/home\" target=\"_blank\" rel=\"noreferrer noopener\">www.omct.ch<\/a><\/li>\n\n\n\n<li>AOCS (Italienisch-Schweizerische HNO-Vereinigung)<\/li>\n<\/ul>\n\n\n\n<h3 class=\"gb-headline gb-headline-f100d814 gb-headline-text\">Europ\u00e4ische Verb\u00e4nde:<\/h3>\n\n\n\n<ul class=\"wp-block-list\">\n<li>EAFPS (Europ\u00e4ische Akademie f\u00fcr plastische Gesichtschirurgie)\u00a0<a href=\"https:\/\/eafps.org\/\" target=\"_blank\" rel=\"noreferrer noopener\">www.eafps.org<\/a><\/li>\n\n\n\n<li>ERS (Europ\u00e4ische Gesellschaft f\u00fcr Rhinologie)\u00a0<a href=\"https:\/\/www.europeanrhinologicsociety.org\/\" target=\"_blank\" rel=\"noreferrer noopener\">www.europeanrhinologicsociety.org<\/a><\/li>\n<\/ul>\n\n\n\n<h3 class=\"gb-headline gb-headline-201f9c83 gb-headline-text\">N\u00fctzliche Seiten:<\/h3>\n\n\n\n<ul class=\"wp-block-list\">\n<li>Pollen und Allergien:\u00a0<a href=\"http:\/\/www.pollenundallergie.ch\/\" target=\"_blank\" rel=\"noreferrer noopener\">www.pollenundallergie.ch<\/a><\/li>\n<\/ul>\n\n\n\n<h3 class=\"gb-headline gb-headline-ddf815db gb-headline-text\">Kooperationen:<\/h3>\n\n\n\n<ul class=\"wp-block-list\">\n<li>Clinica Luganese Moncucco\u00a0<a href=\"https:\/\/moncucco.ch\/\" target=\"_blank\" rel=\"noreferrer noopener\">www.moncucco.ch<\/a><\/li>\n\n\n\n<li>Universit\u00e4tsspital Z\u00fcrich (USZ)\u00a0<a href=\"https:\/\/www.usz.ch\/fachbereich\/ohren-nasen-hals-gesichtschirurgie\/team\/\" target=\"_blank\" rel=\"noreferrer noopener\">https:\/\/www.usz.ch<\/a><\/li>\n\n\n\n<li>Inselspital Bern\u00a0<a href=\"http:\/\/www.hno.insel.ch\/\" target=\"_blank\" rel=\"noreferrer noopener\">www.hno.insel.ch<\/a><\/li>\n\n\n\n<li>Kantonsspital St. Gallen\u00a0<a href=\"https:\/\/www.kssg.ch\/hno\" target=\"_blank\" rel=\"noreferrer noopener\">www.kssg.ch\/hno<\/a><\/li>\n\n\n\n<li>Luzerner Kantonsspital\u00a0<a href=\"https:\/\/www.luks.ch\/standorte\/standort-luzern\/klinik-fuer-hals-nasen-ohren-hno\" target=\"_blank\" rel=\"noreferrer noopener\">www.luks.ch\/hno<\/a><\/li>\n<\/ul>\n\n<\/div>","protected":false},"excerpt":{"rendered":"<p>N\u00dcTZLICHE LINKS Schweizer Verb\u00e4nde: Europ\u00e4ische Verb\u00e4nde: N\u00fctzliche Seiten: Kooperationen:<\/p>\n","protected":false},"author":1,"featured_media":0,"parent":0,"menu_order":0,"comment_status":"closed","ping_status":"closed","template":"content-template.php","meta":{"_acf_changed":false,"footnotes":""},"class_list":["post-922","page","type-page","status-publish","hentry"],"acf":[],"yoast_head":"<!-- This site is optimized with the Yoast SEO plugin v27.1.1 - https:\/\/yoast.com\/product\/yoast-seo-wordpress\/ -->\n<title>N\u00fctzliche Links | Studio Otorino Ticino<\/title>\n<meta name=\"robots\" content=\"index, follow, max-snippet:-1, max-image-preview:large, max-video-preview:-1\" \/>\n<link rel=\"canonical\" href=\"https:\/\/otorinoticino.ch\/de\/link-utili\/\" \/>\n<meta property=\"og:locale\" content=\"de_DE\" \/>\n<meta property=\"og:type\" content=\"article\" \/>\n<meta property=\"og:title\" content=\"N\u00fctzliche Links | Studio Otorino Ticino\" \/>\n<meta property=\"og:description\" content=\"N\u00dcTZLICHE LINKS Schweizer Verb\u00e4nde: Europ\u00e4ische Verb\u00e4nde: N\u00fctzliche Seiten: Kooperationen:\" \/>\n<meta property=\"og:url\" content=\"https:\/\/otorinoticino.ch\/de\/link-utili\/\" \/>\n<meta property=\"og:site_name\" content=\"Studio OTORINO Ticino\" \/>\n<meta property=\"article:modified_time\" content=\"2024-10-16T14:11:02+00:00\" \/>\n<meta name=\"twitter:card\" content=\"summary_large_image\" \/>\n<meta name=\"twitter:label1\" content=\"Gesch\u00e4tzte Lesezeit\" \/>\n\t<meta name=\"twitter:data1\" content=\"1\u00a0Minute\" \/>\n<script type=\"application\/ld+json\" class=\"yoast-schema-graph\">{\"@context\":\"https:\/\/schema.org\",\"@graph\":[{\"@type\":\"WebPage\",\"@id\":\"https:\/\/otorinoticino.ch\/de\/link-utili\/\",\"url\":\"https:\/\/otorinoticino.ch\/de\/link-utili\/\",\"name\":\"N\u00fctzliche Links | Studio Otorino Ticino\",\"isPartOf\":{\"@id\":\"https:\/\/otorinoticino.ch\/de\/#website\"},\"datePublished\":\"2024-10-11T07:29:13+00:00\",\"dateModified\":\"2024-10-16T14:11:02+00:00\",\"breadcrumb\":{\"@id\":\"https:\/\/otorinoticino.ch\/de\/link-utili\/#breadcrumb\"},\"inLanguage\":\"de\",\"potentialAction\":[{\"@type\":\"ReadAction\",\"target\":[\"https:\/\/otorinoticino.ch\/de\/link-utili\/\"]}]},{\"@type\":\"BreadcrumbList\",\"@id\":\"https:\/\/otorinoticino.ch\/de\/link-utili\/#breadcrumb\",\"itemListElement\":[{\"@type\":\"ListItem\",\"position\":1,\"name\":\"Home\",\"item\":\"https:\/\/otorinoticino.ch\/de\/\"},{\"@type\":\"ListItem\",\"position\":2,\"name\":\"N\u00fctzliche Links\"}]},{\"@type\":\"WebSite\",\"@id\":\"https:\/\/otorinoticino.ch\/de\/#website\",\"url\":\"https:\/\/otorinoticino.ch\/de\/\",\"name\":\"Studio OTORINO Ticino\",\"description\":\"\",\"publisher\":{\"@id\":\"https:\/\/otorinoticino.ch\/de\/#organization\"},\"potentialAction\":[{\"@type\":\"SearchAction\",\"target\":{\"@type\":\"EntryPoint\",\"urlTemplate\":\"https:\/\/otorinoticino.ch\/de\/?s={search_term_string}\"},\"query-input\":{\"@type\":\"PropertyValueSpecification\",\"valueRequired\":true,\"valueName\":\"search_term_string\"}}],\"inLanguage\":\"de\"},{\"@type\":\"Organization\",\"@id\":\"https:\/\/otorinoticino.ch\/de\/#organization\",\"name\":\"Studio OTORINO Ticino\",\"url\":\"https:\/\/otorinoticino.ch\/de\/\",\"logo\":{\"@type\":\"ImageObject\",\"inLanguage\":\"de\",\"@id\":\"https:\/\/otorinoticino.ch\/de\/#\/schema\/logo\/image\/\",\"url\":\"https:\/\/otorinoticino.ch\/wp-content\/uploads\/2024\/10\/cropped-logo.png\",\"contentUrl\":\"https:\/\/otorinoticino.ch\/wp-content\/uploads\/2024\/10\/cropped-logo.png\",\"width\":522,\"height\":278,\"caption\":\"Studio OTORINO Ticino\"},\"image\":{\"@id\":\"https:\/\/otorinoticino.ch\/de\/#\/schema\/logo\/image\/\"}}]}<\/script>\n<!-- \/ Yoast SEO plugin. -->","yoast_head_json":{"title":"N\u00fctzliche Links | Studio Otorino Ticino","robots":{"index":"index","follow":"follow","max-snippet":"max-snippet:-1","max-image-preview":"max-image-preview:large","max-video-preview":"max-video-preview:-1"},"canonical":"https:\/\/otorinoticino.ch\/de\/link-utili\/","og_locale":"de_DE","og_type":"article","og_title":"N\u00fctzliche Links | Studio Otorino Ticino","og_description":"N\u00dcTZLICHE LINKS Schweizer Verb\u00e4nde: Europ\u00e4ische Verb\u00e4nde: N\u00fctzliche Seiten: Kooperationen:","og_url":"https:\/\/otorinoticino.ch\/de\/link-utili\/","og_site_name":"Studio OTORINO Ticino","article_modified_time":"2024-10-16T14:11:02+00:00","twitter_card":"summary_large_image","twitter_misc":{"Gesch\u00e4tzte Lesezeit":"1\u00a0Minute"},"schema":{"@context":"https:\/\/schema.org","@graph":[{"@type":"WebPage","@id":"https:\/\/otorinoticino.ch\/de\/link-utili\/","url":"https:\/\/otorinoticino.ch\/de\/link-utili\/","name":"N\u00fctzliche Links | Studio Otorino Ticino","isPartOf":{"@id":"https:\/\/otorinoticino.ch\/de\/#website"},"datePublished":"2024-10-11T07:29:13+00:00","dateModified":"2024-10-16T14:11:02+00:00","breadcrumb":{"@id":"https:\/\/otorinoticino.ch\/de\/link-utili\/#breadcrumb"},"inLanguage":"de","potentialAction":[{"@type":"ReadAction","target":["https:\/\/otorinoticino.ch\/de\/link-utili\/"]}]},{"@type":"BreadcrumbList","@id":"https:\/\/otorinoticino.ch\/de\/link-utili\/#breadcrumb","itemListElement":[{"@type":"ListItem","position":1,"name":"Home","item":"https:\/\/otorinoticino.ch\/de\/"},{"@type":"ListItem","position":2,"name":"N\u00fctzliche Links"}]},{"@type":"WebSite","@id":"https:\/\/otorinoticino.ch\/de\/#website","url":"https:\/\/otorinoticino.ch\/de\/","name":"Studio OTORINO Ticino","description":"","publisher":{"@id":"https:\/\/otorinoticino.ch\/de\/#organization"},"potentialAction":[{"@type":"SearchAction","target":{"@type":"EntryPoint","urlTemplate":"https:\/\/otorinoticino.ch\/de\/?s={search_term_string}"},"query-input":{"@type":"PropertyValueSpecification","valueRequired":true,"valueName":"search_term_string"}}],"inLanguage":"de"},{"@type":"Organization","@id":"https:\/\/otorinoticino.ch\/de\/#organization","name":"Studio OTORINO Ticino","url":"https:\/\/otorinoticino.ch\/de\/","logo":{"@type":"ImageObject","inLanguage":"de","@id":"https:\/\/otorinoticino.ch\/de\/#\/schema\/logo\/image\/","url":"https:\/\/otorinoticino.ch\/wp-content\/uploads\/2024\/10\/cropped-logo.png","contentUrl":"https:\/\/otorinoticino.ch\/wp-content\/uploads\/2024\/10\/cropped-logo.png","width":522,"height":278,"caption":"Studio OTORINO Ticino"},"image":{"@id":"https:\/\/otorinoticino.ch\/de\/#\/schema\/logo\/image\/"}}]}},"_links":{"self":[{"href":"https:\/\/otorinoticino.ch\/de\/wp-json\/wp\/v2\/pages\/922","targetHints":{"allow":["GET"]}}],"collection":[{"href":"https:\/\/otorinoticino.ch\/de\/wp-json\/wp\/v2\/pages"}],"about":[{"href":"https:\/\/otorinoticino.ch\/de\/wp-json\/wp\/v2\/types\/page"}],"author":[{"embeddable":true,"href":"https:\/\/otorinoticino.ch\/de\/wp-json\/wp\/v2\/users\/1"}],"replies":[{"embeddable":true,"href":"https:\/\/otorinoticino.ch\/de\/wp-json\/wp\/v2\/comments?post=922"}],"version-history":[{"count":1,"href":"https:\/\/otorinoticino.ch\/de\/wp-json\/wp\/v2\/pages\/922\/revisions"}],"predecessor-version":[{"id":923,"href":"https:\/\/otorinoticino.ch\/de\/wp-json\/wp\/v2\/pages\/922\/revisions\/923"}],"wp:attachment":[{"href":"https:\/\/otorinoticino.ch\/de\/wp-json\/wp\/v2\/media?parent=922"}],"curies":[{"name":"wp","href":"https:\/\/api.w.org\/{rel}","templated":true}]}}