{"id":84,"date":"2024-09-29T16:26:57","date_gmt":"2024-09-29T16:26:57","guid":{"rendered":"http:\/\/dev.otorinoticino.ch\/startseite\/"},"modified":"2025-02-02T10:01:40","modified_gmt":"2025-02-02T10:01:40","slug":"startseite","status":"publish","type":"page","link":"https:\/\/otorinoticino.ch\/de\/","title":{"rendered":"Startseite"},"content":{"rendered":"<div class=\"gb-grid-wrapper gb-grid-wrapper-224fed30 mt-4\">\n<div class=\"gb-grid-column gb-grid-column-5504cd5a\"><div class=\"gb-container gb-container-5504cd5a\">\n\n<figure class=\"gb-block-image gb-block-image-d4d3ba23\"><img loading=\"lazy\" decoding=\"async\" width=\"282\" height=\"347\" class=\"gb-image gb-image-d4d3ba23\" src=\"https:\/\/otorinoticino.ch\/wp-content\/uploads\/2024\/09\/otorino_logo-2.webp\" alt=\"\" title=\"otorino_logo-2\" srcset=\"https:\/\/otorinoticino.ch\/wp-content\/uploads\/2024\/09\/otorino_logo-2.webp 282w, https:\/\/otorinoticino.ch\/wp-content\/uploads\/2024\/09\/otorino_logo-2-244x300.webp 244w\" sizes=\"auto, (max-width: 282px) 100vw, 282px\" \/><\/figure>\n\n<\/div><\/div>\n\n<div class=\"gb-grid-column gb-grid-column-42a3a79d\"><div class=\"gb-container gb-container-42a3a79d\">\n\n<h2 class=\"gb-headline gb-headline-366d3214 gb-headline-text\">Bellinzona \u2013 Lugano &#8211; Chiasso<\/h2>\n\n\n\n<ul style=\"font-size:18px;font-style:normal;font-weight:400\" class=\"wp-block-list has-black-color has-text-color has-link-color wp-elements-4cc06163e55a54558a9a5ecee8f80cfc\">\n<li>Hals-Nasen-Ohrenheilkunde<\/li>\n\n\n\n<li>Hals-, Nasen- und Gesichtschirurgie<\/li>\n\n\n\n<li>Audiologie und H\u00f6rst\u00f6rungen<\/li>\n\n\n\n<li>Zentrum f\u00fcr Gleichgewichtsst\u00f6rungen (Otoneurologie)<\/li>\n\n\n\n<li>P\u00e4diatrische HNO<\/li>\n\n\n\n<li>\u00c4sthetische Gesichtschirurgie<\/li>\n\n\n\n<li>Ultraschall des Halses und der Schilddr\u00fcse<\/li>\n<\/ul>\n\n<\/div><\/div>\n<\/div>\n\n<div class=\"gb-grid-wrapper gb-grid-wrapper-42a5d542 mt-4\">\n<div class=\"gb-grid-column gb-grid-column-2eeee3e1\"><div class=\"gb-container gb-container-2eeee3e1\">\n\n<h2 class=\"gb-headline gb-headline-5c4da6af gb-headline-text\">KD Dr. med. Thomas Roth<\/h2>\n\n\n\n<ul style=\"font-size:18px;font-style:normal;font-weight:400\" class=\"wp-block-list has-black-color has-text-color has-link-color wp-elements-04513f98b2ce3acb91c7c2356d28a056\">\n<li>Klinischer Dozent an der Universit\u00e4t Z\u00fcrich<\/li>\n\n\n\n<li>Facharzt f\u00fcr Hals-Nasen-Ohren-Heilkunde&nbsp;(<strong>FMH<\/strong>)<\/li>\n\n\n\n<li>Facharzt f\u00fcr Hals- und Gesichtschirurgie&nbsp;(<strong>FMH<\/strong>)<\/li>\n\n\n\n<li>Ultraschall des Halses und der Schilddr\u00fcse (<strong>SSUM<\/strong>)<\/li>\n<\/ul>\n\n<\/div><\/div>\n\n<div class=\"gb-grid-column gb-grid-column-7a046435\"><div class=\"gb-container gb-container-7a046435\">\n\n<figure class=\"gb-block-image gb-block-image-7c92a569\"><img loading=\"lazy\" decoding=\"async\" width=\"619\" height=\"293\" class=\"gb-image gb-image-7c92a569\" src=\"https:\/\/otorinoticino.ch\/wp-content\/uploads\/2024\/09\/Dr-Thomas-services.webp\" alt=\"\" title=\"Dr-Thomas-services\" srcset=\"https:\/\/otorinoticino.ch\/wp-content\/uploads\/2024\/09\/Dr-Thomas-services.webp 619w, https:\/\/otorinoticino.ch\/wp-content\/uploads\/2024\/09\/Dr-Thomas-services-300x142.webp 300w\" sizes=\"auto, (max-width: 619px) 100vw, 619px\" \/><\/figure>\n\n<\/div><\/div>\n<\/div>\n\n\n<h2 class=\"gb-headline gb-headline-14742816 gb-headline-text\">DIE VORTEILE UNSERES ZENTRUMS<\/h2>\n\n\n\n<div class=\"d-flex justify-content-center mb-4\" style=\"height: 3vh;\">\n    <svg preserveaspectratio=\"xMidYMid meet\" width=\"25\" height=\"25\" viewbox=\"0 52.749 444 338.551\" xmlns=\"http:\/\/www.w3.org\/2000\/svg\" role=\"presentation\" aria-hidden=\"true\" aria-label=\"\">\n        <g>\n            <path d=\"M276.9 391.3h-1c-6.3-.5-11.5-4.7-13.6-10.4l-97.7-272.7L103 229.4c-2.6 5.2-7.8 8.4-14.1 8.4H15.7C6.8 237.7 0 231 0 222.1s6.8-15.7 15.7-15.7h63.7l74.2-145.2c2.6-5.7 8.9-8.9 15.2-8.4s11.5 4.7 13.6 10.4L279.5 336l61.6-121.2c2.6-5.2 7.8-8.4 14.1-8.4h73.1c8.9 0 15.7 6.8 15.7 15.7 0 8.9-6.8 15.7-15.7 15.7h-63.7L291 383c-2.6 5.2-8.4 8.3-14.1 8.3z\" fill=\"#006ad1\"><\/path>\n        <\/g>\n    <\/svg>\n<\/div>\n\n\n<div class=\"gb-grid-wrapper gb-grid-wrapper-8516c9e6 bg-light pt-2 pb-2\">\n<div class=\"gb-grid-column gb-grid-column-489930ec\"><div class=\"gb-container gb-container-489930ec\">\n<div class=\"gb-container gb-container-e6f032d3 d-flex justify-content-center\">\n\n<figure class=\"gb-block-image gb-block-image-6771b50d\"><img loading=\"lazy\" decoding=\"async\" width=\"126\" height=\"114\" class=\"gb-image gb-image-6771b50d\" src=\"https:\/\/otorinoticino.ch\/wp-content\/uploads\/2024\/09\/Heart.webp\" alt=\"\" title=\"Heart\"\/><\/figure>\n\n<\/div>\n\n\n<h3 class=\"gb-headline gb-headline-520a4713 gb-headline-text\">Moderne Diagnostik<\/h3>\n\n\n\n<p class=\"has-text-align-center\">Um den besten Service bieten zu k\u00f6nnen, sind wir mit der neuesten Technologie ausgestattet. Die neueste Technologie erm\u00f6glicht eine genaue und pr\u00e4zise Diagnose, um eine vollst\u00e4ndige und gr\u00fcndliche Bewertung zu gew\u00e4hrleisten.<\/p>\n\n<\/div><\/div>\n\n<div class=\"gb-grid-column gb-grid-column-bec8d104\"><div class=\"gb-container gb-container-bec8d104\">\n<div class=\"gb-container gb-container-a75a3733 d-flex justify-content-center\">\n\n<figure class=\"gb-block-image gb-block-image-3352de64\"><img loading=\"lazy\" decoding=\"async\" width=\"126\" height=\"114\" class=\"gb-image gb-image-3352de64\" src=\"https:\/\/otorinoticino.ch\/wp-content\/uploads\/2024\/09\/Doc2.webp\" alt=\"Doc2\" title=\"Doc2\"\/><\/figure>\n\n<\/div>\n\n\n<h3 class=\"gb-headline gb-headline-31ba0679 gb-headline-text\">Personal<\/h3>\n\n\n\n<p class=\"has-text-align-center\">Das Team unter der Leitung von Dr. Thomas Roth besteht aus hochqualifizierten Mitarbeitern, denen Ihre Gesundheit und Ihr Wohlbefinden am Herzen liegen. Wir k\u00f6nnen Sie auch auf Deutsch, Franz\u00f6sisch, Englisch, Spanisch, Griechisch und Finnisch empfangen.<\/p>\n\n<\/div><\/div>\n\n<div class=\"gb-grid-column gb-grid-column-a7572d5a\"><div class=\"gb-container gb-container-a7572d5a\">\n<div class=\"gb-container gb-container-a3e127f1 d-flex justify-content-center\">\n\n<figure class=\"gb-block-image gb-block-image-0d1541c1\"><img loading=\"lazy\" decoding=\"async\" width=\"126\" height=\"114\" class=\"gb-image gb-image-0d1541c1\" src=\"https:\/\/otorinoticino.ch\/wp-content\/uploads\/2024\/09\/Map.webp\" alt=\"Map\" title=\"Map\"\/><\/figure>\n\n<\/div>\n\n\n<h3 class=\"gb-headline gb-headline-f483b2ee gb-headline-text\">Bequemer Standort<\/h3>\n\n\n\n<p class=\"has-text-align-center\">Wir sind in Bellinzona, Lugano und Chiasso pr\u00e4sent. An Standorten, die auch mit \u00f6ffentlichen Verkehrsmitteln gut erreichbar sind. In den verschiedenen Zentren gibt es kostenlose oder kostenpflichtige Parkpl\u00e4tze.<\/p>\n\n<\/div><\/div>\n<\/div>\n\n<div class=\"gb-container gb-container-c29657bc\">\n\n<figure class=\"gb-block-image gb-block-image-84a06a0f\"><img loading=\"lazy\" decoding=\"async\" width=\"919\" height=\"517\" class=\"gb-image gb-image-84a06a0f\" src=\"https:\/\/otorinoticino.ch\/wp-content\/uploads\/2024\/09\/team.webp\" alt=\"\" title=\"team\" srcset=\"https:\/\/otorinoticino.ch\/wp-content\/uploads\/2024\/09\/team.webp 919w, https:\/\/otorinoticino.ch\/wp-content\/uploads\/2024\/09\/team-300x169.webp 300w, https:\/\/otorinoticino.ch\/wp-content\/uploads\/2024\/09\/team-768x432.webp 768w\" sizes=\"auto, (max-width: 919px) 100vw, 919px\" \/><\/figure>\n\n<\/div>","protected":false},"excerpt":{"rendered":"<p>DIE VORTEILE UNSERES ZENTRUMS<\/p>\n","protected":false},"author":1,"featured_media":0,"parent":0,"menu_order":0,"comment_status":"closed","ping_status":"closed","template":"homepage.php","meta":{"_acf_changed":false,"footnotes":""},"class_list":["post-84","page","type-page","status-publish","hentry"],"acf":[],"yoast_head":"<!-- This site is optimized with the Yoast SEO plugin v27.1.1 - https:\/\/yoast.com\/product\/yoast-seo-wordpress\/ -->\n<title>Hals-Nasen-Ohrenarzt und Gesichts\u00e4sthetik. Lugano, Bellinzona \u2022 Studio Otorino Ticino<\/title>\n<meta name=\"description\" content=\"Studiospecializzato in chirurgia estetica facciale e otorinolaringoiatria. Offriamo i servizi per curare tutte le patologie otorinolaringoiatriche di naso-gola-orecchie, incluse la rinoplastica e blefaroplastica.\" \/>\n<meta name=\"robots\" content=\"index, follow, max-snippet:-1, max-image-preview:large, max-video-preview:-1\" \/>\n<link rel=\"canonical\" href=\"https:\/\/otorinoticino.ch\/de\/\" \/>\n<meta property=\"og:locale\" content=\"de_DE\" \/>\n<meta property=\"og:type\" content=\"article\" \/>\n<meta property=\"og:title\" content=\"Hals-Nasen-Ohrenarzt und Gesichts\u00e4sthetik. Lugano, Bellinzona \u2022 Studio Otorino Ticino\" \/>\n<meta property=\"og:description\" content=\"Studiospecializzato in chirurgia estetica facciale e otorinolaringoiatria. Offriamo i servizi per curare tutte le patologie otorinolaringoiatriche di naso-gola-orecchie, incluse la rinoplastica e blefaroplastica.\" \/>\n<meta property=\"og:url\" content=\"https:\/\/otorinoticino.ch\/de\/\" \/>\n<meta property=\"og:site_name\" content=\"Studio OTORINO Ticino\" \/>\n<meta property=\"article:modified_time\" content=\"2025-02-02T10:01:40+00:00\" \/>\n<meta property=\"og:image\" content=\"https:\/\/otorinoticino.ch\/wp-content\/uploads\/2024\/09\/otorino_logo-2.webp\" \/>\n<meta name=\"twitter:card\" content=\"summary_large_image\" \/>\n<meta name=\"twitter:label1\" content=\"Gesch\u00e4tzte Lesezeit\" \/>\n\t<meta name=\"twitter:data1\" content=\"2\u00a0Minuten\" \/>\n<script type=\"application\/ld+json\" class=\"yoast-schema-graph\">{\"@context\":\"https:\/\/schema.org\",\"@graph\":[{\"@type\":\"WebPage\",\"@id\":\"https:\/\/otorinoticino.ch\/de\/\",\"url\":\"https:\/\/otorinoticino.ch\/de\/\",\"name\":\"Hals-Nasen-Ohrenarzt und Gesichts\u00e4sthetik. Lugano, Bellinzona \u2022 Studio Otorino Ticino\",\"isPartOf\":{\"@id\":\"https:\/\/otorinoticino.ch\/de\/#website\"},\"primaryImageOfPage\":{\"@id\":\"https:\/\/otorinoticino.ch\/de\/#primaryimage\"},\"image\":{\"@id\":\"https:\/\/otorinoticino.ch\/de\/#primaryimage\"},\"thumbnailUrl\":\"https:\/\/otorinoticino.ch\/wp-content\/uploads\/2024\/09\/otorino_logo-2.webp\",\"datePublished\":\"2024-09-29T16:26:57+00:00\",\"dateModified\":\"2025-02-02T10:01:40+00:00\",\"description\":\"Studiospecializzato in chirurgia estetica facciale e otorinolaringoiatria. Offriamo i servizi per curare tutte le patologie otorinolaringoiatriche di naso-gola-orecchie, incluse la rinoplastica e blefaroplastica.\",\"breadcrumb\":{\"@id\":\"https:\/\/otorinoticino.ch\/de\/#breadcrumb\"},\"inLanguage\":\"de\",\"potentialAction\":[{\"@type\":\"ReadAction\",\"target\":[\"https:\/\/otorinoticino.ch\/de\/\"]}]},{\"@type\":\"ImageObject\",\"inLanguage\":\"de\",\"@id\":\"https:\/\/otorinoticino.ch\/de\/#primaryimage\",\"url\":\"https:\/\/otorinoticino.ch\/wp-content\/uploads\/2024\/09\/otorino_logo-2.webp\",\"contentUrl\":\"https:\/\/otorinoticino.ch\/wp-content\/uploads\/2024\/09\/otorino_logo-2.webp\"},{\"@type\":\"BreadcrumbList\",\"@id\":\"https:\/\/otorinoticino.ch\/de\/#breadcrumb\",\"itemListElement\":[{\"@type\":\"ListItem\",\"position\":1,\"name\":\"Home\",\"item\":\"https:\/\/otorinoticino.ch\/de\/\"},{\"@type\":\"ListItem\",\"position\":2,\"name\":\"Startseite\"}]},{\"@type\":\"WebSite\",\"@id\":\"https:\/\/otorinoticino.ch\/de\/#website\",\"url\":\"https:\/\/otorinoticino.ch\/de\/\",\"name\":\"Studio OTORINO Ticino\",\"description\":\"\",\"publisher\":{\"@id\":\"https:\/\/otorinoticino.ch\/de\/#organization\"},\"potentialAction\":[{\"@type\":\"SearchAction\",\"target\":{\"@type\":\"EntryPoint\",\"urlTemplate\":\"https:\/\/otorinoticino.ch\/de\/?s={search_term_string}\"},\"query-input\":{\"@type\":\"PropertyValueSpecification\",\"valueRequired\":true,\"valueName\":\"search_term_string\"}}],\"inLanguage\":\"de\"},{\"@type\":\"Organization\",\"@id\":\"https:\/\/otorinoticino.ch\/de\/#organization\",\"name\":\"Studio OTORINO Ticino\",\"url\":\"https:\/\/otorinoticino.ch\/de\/\",\"logo\":{\"@type\":\"ImageObject\",\"inLanguage\":\"de\",\"@id\":\"https:\/\/otorinoticino.ch\/de\/#\/schema\/logo\/image\/\",\"url\":\"https:\/\/otorinoticino.ch\/wp-content\/uploads\/2024\/10\/cropped-logo.png\",\"contentUrl\":\"https:\/\/otorinoticino.ch\/wp-content\/uploads\/2024\/10\/cropped-logo.png\",\"width\":522,\"height\":278,\"caption\":\"Studio OTORINO Ticino\"},\"image\":{\"@id\":\"https:\/\/otorinoticino.ch\/de\/#\/schema\/logo\/image\/\"}}]}<\/script>\n<!-- \/ Yoast SEO plugin. -->","yoast_head_json":{"title":"Hals-Nasen-Ohrenarzt und Gesichts\u00e4sthetik. Lugano, Bellinzona \u2022 Studio Otorino Ticino","description":"Studiospecializzato in chirurgia estetica facciale e otorinolaringoiatria. Offriamo i servizi per curare tutte le patologie otorinolaringoiatriche di naso-gola-orecchie, incluse la rinoplastica e blefaroplastica.","robots":{"index":"index","follow":"follow","max-snippet":"max-snippet:-1","max-image-preview":"max-image-preview:large","max-video-preview":"max-video-preview:-1"},"canonical":"https:\/\/otorinoticino.ch\/de\/","og_locale":"de_DE","og_type":"article","og_title":"Hals-Nasen-Ohrenarzt und Gesichts\u00e4sthetik. Lugano, Bellinzona \u2022 Studio Otorino Ticino","og_description":"Studiospecializzato in chirurgia estetica facciale e otorinolaringoiatria. Offriamo i servizi per curare tutte le patologie otorinolaringoiatriche di naso-gola-orecchie, incluse la rinoplastica e blefaroplastica.","og_url":"https:\/\/otorinoticino.ch\/de\/","og_site_name":"Studio OTORINO Ticino","article_modified_time":"2025-02-02T10:01:40+00:00","og_image":[{"url":"https:\/\/otorinoticino.ch\/wp-content\/uploads\/2024\/09\/otorino_logo-2.webp","type":"","width":"","height":""}],"twitter_card":"summary_large_image","twitter_misc":{"Gesch\u00e4tzte Lesezeit":"2\u00a0Minuten"},"schema":{"@context":"https:\/\/schema.org","@graph":[{"@type":"WebPage","@id":"https:\/\/otorinoticino.ch\/de\/","url":"https:\/\/otorinoticino.ch\/de\/","name":"Hals-Nasen-Ohrenarzt und Gesichts\u00e4sthetik. Lugano, Bellinzona \u2022 Studio Otorino Ticino","isPartOf":{"@id":"https:\/\/otorinoticino.ch\/de\/#website"},"primaryImageOfPage":{"@id":"https:\/\/otorinoticino.ch\/de\/#primaryimage"},"image":{"@id":"https:\/\/otorinoticino.ch\/de\/#primaryimage"},"thumbnailUrl":"https:\/\/otorinoticino.ch\/wp-content\/uploads\/2024\/09\/otorino_logo-2.webp","datePublished":"2024-09-29T16:26:57+00:00","dateModified":"2025-02-02T10:01:40+00:00","description":"Studiospecializzato in chirurgia estetica facciale e otorinolaringoiatria. Offriamo i servizi per curare tutte le patologie otorinolaringoiatriche di naso-gola-orecchie, incluse la rinoplastica e blefaroplastica.","breadcrumb":{"@id":"https:\/\/otorinoticino.ch\/de\/#breadcrumb"},"inLanguage":"de","potentialAction":[{"@type":"ReadAction","target":["https:\/\/otorinoticino.ch\/de\/"]}]},{"@type":"ImageObject","inLanguage":"de","@id":"https:\/\/otorinoticino.ch\/de\/#primaryimage","url":"https:\/\/otorinoticino.ch\/wp-content\/uploads\/2024\/09\/otorino_logo-2.webp","contentUrl":"https:\/\/otorinoticino.ch\/wp-content\/uploads\/2024\/09\/otorino_logo-2.webp"},{"@type":"BreadcrumbList","@id":"https:\/\/otorinoticino.ch\/de\/#breadcrumb","itemListElement":[{"@type":"ListItem","position":1,"name":"Home","item":"https:\/\/otorinoticino.ch\/de\/"},{"@type":"ListItem","position":2,"name":"Startseite"}]},{"@type":"WebSite","@id":"https:\/\/otorinoticino.ch\/de\/#website","url":"https:\/\/otorinoticino.ch\/de\/","name":"Studio OTORINO Ticino","description":"","publisher":{"@id":"https:\/\/otorinoticino.ch\/de\/#organization"},"potentialAction":[{"@type":"SearchAction","target":{"@type":"EntryPoint","urlTemplate":"https:\/\/otorinoticino.ch\/de\/?s={search_term_string}"},"query-input":{"@type":"PropertyValueSpecification","valueRequired":true,"valueName":"search_term_string"}}],"inLanguage":"de"},{"@type":"Organization","@id":"https:\/\/otorinoticino.ch\/de\/#organization","name":"Studio OTORINO Ticino","url":"https:\/\/otorinoticino.ch\/de\/","logo":{"@type":"ImageObject","inLanguage":"de","@id":"https:\/\/otorinoticino.ch\/de\/#\/schema\/logo\/image\/","url":"https:\/\/otorinoticino.ch\/wp-content\/uploads\/2024\/10\/cropped-logo.png","contentUrl":"https:\/\/otorinoticino.ch\/wp-content\/uploads\/2024\/10\/cropped-logo.png","width":522,"height":278,"caption":"Studio OTORINO Ticino"},"image":{"@id":"https:\/\/otorinoticino.ch\/de\/#\/schema\/logo\/image\/"}}]}},"_links":{"self":[{"href":"https:\/\/otorinoticino.ch\/de\/wp-json\/wp\/v2\/pages\/84","targetHints":{"allow":["GET"]}}],"collection":[{"href":"https:\/\/otorinoticino.ch\/de\/wp-json\/wp\/v2\/pages"}],"about":[{"href":"https:\/\/otorinoticino.ch\/de\/wp-json\/wp\/v2\/types\/page"}],"author":[{"embeddable":true,"href":"https:\/\/otorinoticino.ch\/de\/wp-json\/wp\/v2\/users\/1"}],"replies":[{"embeddable":true,"href":"https:\/\/otorinoticino.ch\/de\/wp-json\/wp\/v2\/comments?post=84"}],"version-history":[{"count":12,"href":"https:\/\/otorinoticino.ch\/de\/wp-json\/wp\/v2\/pages\/84\/revisions"}],"predecessor-version":[{"id":1502,"href":"https:\/\/otorinoticino.ch\/de\/wp-json\/wp\/v2\/pages\/84\/revisions\/1502"}],"wp:attachment":[{"href":"https:\/\/otorinoticino.ch\/de\/wp-json\/wp\/v2\/media?parent=84"}],"curies":[{"name":"wp","href":"https:\/\/api.w.org\/{rel}","templated":true}]}}