{"id":630,"date":"2024-10-06T17:07:10","date_gmt":"2024-10-06T17:07:10","guid":{"rendered":"http:\/\/dev.otorinoticino.ch\/?page_id=630"},"modified":"2024-10-17T05:59:05","modified_gmt":"2024-10-17T05:59:05","slug":"team","status":"publish","type":"page","link":"https:\/\/otorinoticino.ch\/de\/team\/","title":{"rendered":"Team"},"content":{"rendered":"<div class=\"gb-container gb-container-91a56c38\">\n\n<h1 class=\"gb-headline gb-headline-845b527a gb-headline-text\">DAS OTORINO TICINO TEAM<\/h1>\n\n\n\n<div class=\"d-flex justify-content-center mt-3 mb-3\" style=\"height: 3vh;\">\n    <svg preserveAspectRatio=\"xMidYMid meet\" width=\"25\" height=\"25\" viewBox=\"0 52.749 444 338.551\" xmlns=\"http:\/\/www.w3.org\/2000\/svg\" role=\"presentation\" aria-hidden=\"true\" aria-label=\"\">\n        <g>\n            <path d=\"M276.9 391.3h-1c-6.3-.5-11.5-4.7-13.6-10.4l-97.7-272.7L103 229.4c-2.6 5.2-7.8 8.4-14.1 8.4H15.7C6.8 237.7 0 231 0 222.1s6.8-15.7 15.7-15.7h63.7l74.2-145.2c2.6-5.7 8.9-8.9 15.2-8.4s11.5 4.7 13.6 10.4L279.5 336l61.6-121.2c2.6-5.2 7.8-8.4 14.1-8.4h73.1c8.9 0 15.7 6.8 15.7 15.7 0 8.9-6.8 15.7-15.7 15.7h-63.7L291 383c-2.6 5.2-8.4 8.3-14.1 8.3z\" fill=\"#006ad1\"><\/path>\n        <\/g>\n    <\/svg>\n<\/div>\n\n<\/div>\n\n<div class=\"gb-grid-wrapper gb-grid-wrapper-b4377633\">\n<div class=\"gb-grid-column gb-grid-column-a5d9ef21\"><div class=\"gb-container gb-container-a5d9ef21\">\n\n<figure class=\"gb-block-image gb-block-image-f54c0f96\"><img loading=\"lazy\" decoding=\"async\" width=\"402\" height=\"214\" class=\"gb-image gb-image-f54c0f96\" src=\"https:\/\/otorinoticino.ch\/wp-content\/uploads\/2024\/10\/otoricino_big_logo_text.webp\" alt=\"otoricino logo\" title=\"otoricino_big_logo_text\" srcset=\"https:\/\/otorinoticino.ch\/wp-content\/uploads\/2024\/10\/otoricino_big_logo_text.webp 402w, https:\/\/otorinoticino.ch\/wp-content\/uploads\/2024\/10\/otoricino_big_logo_text-300x160.webp 300w\" sizes=\"auto, (max-width: 402px) 100vw, 402px\" \/><\/figure>\n\n<\/div><\/div>\n\n<div class=\"gb-grid-column gb-grid-column-e6a369d3\"><div class=\"gb-container gb-container-e6a369d3\">\n\n<figure class=\"gb-block-image gb-block-image-4096e429\"><img loading=\"lazy\" decoding=\"async\" width=\"919\" height=\"517\" class=\"gb-image gb-image-4096e429\" src=\"https:\/\/otorinoticino.ch\/wp-content\/uploads\/2024\/10\/team.webp\" alt=\"otorinoticino team\" title=\"team\" srcset=\"https:\/\/otorinoticino.ch\/wp-content\/uploads\/2024\/10\/team.webp 919w, https:\/\/otorinoticino.ch\/wp-content\/uploads\/2024\/10\/team-300x169.webp 300w, https:\/\/otorinoticino.ch\/wp-content\/uploads\/2024\/10\/team-768x432.webp 768w\" sizes=\"auto, (max-width: 919px) 100vw, 919px\" \/><\/figure>\n\n<\/div><\/div>\n<\/div>\n\n\n<h2 class=\"gb-headline gb-headline-51de2d2b gb-headline-text\"><strong>\u00c4RZTE<\/strong><div id=\"comp-lkiq4qpf\" role=\"\" class=\"rM7ckN YJEKQk comp-lkiq4qpf-container comp-lkiq4qpf wixui-box\" style=\"margin: 0px; padding: 0px; vertical-align: baseline; --container-corvid-border-color: rgba(var(--brd,var(--color_15,color_15)),var(--alpha-brd,1)); --container-corvid-border-size: var(--brw,1px); --container-corvid-background-color: rgba(var(--bg,var(--color_11,color_11)),var(--alpha-bg,1)); --overflow-wrapper-border-radius: var(--rd); --backdrop-filter: $backdrop-filter; box-sizing: border-box; display: var(--l_display,var(--container-display)); grid-template-rows: 1fr; grid-template-columns: minmax(0px, 1fr); --container-layout-type: grid-container-layout; --container-display: grid; min-height: 0px; height: auto; min-width: 0px; width: auto; --comp-display: unset; place-self: stretch; grid-area: 2 \/ 1 \/ 3 \/ 2; position: relative; --brw: 0px; --brd: var(--color_15); --bg: var(--color_11); --rd: 0px; --shd: none; --gradient: none; --alpha-brd: 0; --alpha-bg: 0; --boxShadowToggleOn-shd: none; --static-spx: 0.1 * var(--one-unit); --bg-gradient: none; --shc-mutated-brightness: 128,128,128; font-family: Arial, Helvetica, sans-serif; font-size: 10px; font-weight: 400; text-align: start; white-space-collapse: collapse; background: none !important; border: none !important; box-shadow: none !important;\"><\/div><\/h2>\n\n\n<div class=\"gb-grid-wrapper gb-grid-wrapper-e5d47f8c\">\n<div class=\"gb-grid-column gb-grid-column-e05c0e9f\"><div class=\"gb-container gb-container-e05c0e9f\">\n<div class=\"gb-container gb-container-c128e693\">\n\n<figure class=\"gb-block-image gb-block-image-422f1921\"><a href=\"http:\/\/wordpress-example.dvl.to\/dr-thomas-roth\/\" target=\"_blank\" rel=\"noopener noreferrer\"><img loading=\"lazy\" decoding=\"async\" width=\"310\" height=\"410\" class=\"gb-image gb-image-422f1921\" src=\"https:\/\/otorinoticino.ch\/wp-content\/uploads\/2024\/10\/dr-tomath-roth.webp\" alt=\"dr tomath roth\" title=\"dr-tomath-roth\" srcset=\"https:\/\/otorinoticino.ch\/wp-content\/uploads\/2024\/10\/dr-tomath-roth.webp 310w, https:\/\/otorinoticino.ch\/wp-content\/uploads\/2024\/10\/dr-tomath-roth-227x300.webp 227w\" sizes=\"auto, (max-width: 310px) 100vw, 310px\" \/><\/a><\/figure>\n\n<\/div>\n\n<div class=\"gb-container gb-container-07647df8\">\n\n<h3 class=\"gb-headline gb-headline-c8bddff0 gb-headline-text text-decoration-none text-dark\"><a href=\"https:\/\/otorinoticino.ch\/de\/dr-thomas-roth\/\">KD DR. MED. THOMAS ROTH<\/a><\/h3>\n\n\n\n<p class=\"has-text-align-left\">Klinischer Dozent an der Universit\u00e4t Z\u00fcrich. Facharzt f\u00fcr Hals-Nasen-Ohrenheilkunde und Kopf- und Halschirurgie (<strong>FMH<\/strong>). Hals- und Schilddr\u00fcsenultraschall (<strong>SSUM<\/strong>)<\/p>\n\n<\/div>\n<\/div><\/div>\n\n<div class=\"gb-grid-column gb-grid-column-bbfb4f98\"><div class=\"gb-container gb-container-bbfb4f98\">\n<div class=\"gb-container gb-container-d3c4b8a9\">\n\n<figure class=\"gb-block-image gb-block-image-f40df381\"><a href=\"http:\/\/wordpress-example.dvl.to\/dr-ssa-isenschmid\/\"><img loading=\"lazy\" decoding=\"async\" width=\"314\" height=\"402\" class=\"gb-image gb-image-f40df381\" src=\"https:\/\/otorinoticino.ch\/wp-content\/uploads\/2024\/10\/dr-ssa-isenschmid.webp\" alt=\"Dr Ssa Isenschmid\" title=\"dr-ssa-isenschmid\" srcset=\"https:\/\/otorinoticino.ch\/wp-content\/uploads\/2024\/10\/dr-ssa-isenschmid.webp 314w, https:\/\/otorinoticino.ch\/wp-content\/uploads\/2024\/10\/dr-ssa-isenschmid-234x300.webp 234w\" sizes=\"auto, (max-width: 314px) 100vw, 314px\" \/><\/a><\/figure>\n\n<\/div>\n\n<div class=\"gb-container gb-container-61274cfb\">\n\n<h3 class=\"gb-headline gb-headline-a51eb692 gb-headline-text text-decoration-none text-dark\"><a href=\"https:\/\/otorinoticino.ch\/de\/dr-ssa-isenschmid\/\">DR.&nbsp;MED. FLORENCE ISENSCHMID<\/a><\/h3>\n\n\n\n<p>Fach\u00e4rztin f\u00fcr Hals-Nasen-Ohrenheilkunde (<strong>FMH<\/strong>)Hals- und Schilddr\u00fcsenultraschall (<strong>SSUM<\/strong>)<\/p>\n\n<\/div>\n<\/div><\/div>\n<\/div>\n\n\n<h2 class=\"gb-headline gb-headline-62bceed9 gb-headline-text\">PERSONAL<\/h2>\n\n\n<div class=\"gb-grid-wrapper gb-grid-wrapper-99d1f7e7\">\n<div class=\"gb-grid-column gb-grid-column-6002cf91\"><div class=\"gb-container gb-container-6002cf91\">\n\n<figure class=\"gb-block-image gb-block-image-79f5ef4f\"><img loading=\"lazy\" decoding=\"async\" width=\"296\" height=\"356\" class=\"gb-image gb-image-79f5ef4f\" src=\"https:\/\/otorinoticino.ch\/wp-content\/uploads\/2024\/10\/Nadja.webp\" alt=\"Infermiera Nadja\" title=\"Nadja\" srcset=\"https:\/\/otorinoticino.ch\/wp-content\/uploads\/2024\/10\/Nadja.webp 296w, https:\/\/otorinoticino.ch\/wp-content\/uploads\/2024\/10\/Nadja-249x300.webp 249w\" sizes=\"auto, (max-width: 296px) 100vw, 296px\" \/><\/figure>\n\n\n<div class=\"gb-container gb-container-d479f430\">\n\n<h3 class=\"gb-headline gb-headline-bcb402ad gb-headline-text\">NADJA<\/h3>\n\n\n\n<p>Dipl. Pflegefachfrau HF<br>Verantwortlich f\u00fcr die Organisation<br>Gesundheitscoach<br>Expertin f\u00fcr Stoffwechseloptimierung und Nahrungserg\u00e4nzungsmittel<\/p>\n\n<\/div>\n<\/div><\/div>\n\n<div class=\"gb-grid-column gb-grid-column-2a458bfc\"><div class=\"gb-container gb-container-2a458bfc\">\n\n<figure class=\"gb-block-image gb-block-image-0fad683d\"><img loading=\"lazy\" decoding=\"async\" width=\"296\" height=\"356\" class=\"gb-image gb-image-0fad683d\" src=\"https:\/\/otorinoticino.ch\/wp-content\/uploads\/2024\/10\/Sabrina.webp\" alt=\"Assistente Studio medico Sabrina\n\" title=\"Sabrina\" srcset=\"https:\/\/otorinoticino.ch\/wp-content\/uploads\/2024\/10\/Sabrina.webp 296w, https:\/\/otorinoticino.ch\/wp-content\/uploads\/2024\/10\/Sabrina-249x300.webp 249w\" sizes=\"auto, (max-width: 296px) 100vw, 296px\" \/><\/figure>\n\n\n<div class=\"gb-container gb-container-85a5502e\">\n\n<h3 class=\"gb-headline gb-headline-7c53e78a gb-headline-text\">SABRINA<\/h3>\n\n\n\n<p>Medizinische Praxisassistentin (MPA)<br>Diplomierte Ausbildnerin f\u00fcr lernende MPA<br>Audiometristin<br>Fakturierung<br>Planung chirurgischer Eingriffe<\/p>\n\n<\/div>\n<\/div><\/div>\n\n<div class=\"gb-grid-column gb-grid-column-4a56cae5\"><div class=\"gb-container gb-container-4a56cae5\">\n\n<figure class=\"gb-block-image gb-block-image-a4996487\"><img loading=\"lazy\" decoding=\"async\" width=\"296\" height=\"356\" class=\"gb-image gb-image-a4996487\" src=\"https:\/\/otorinoticino.ch\/wp-content\/uploads\/2024\/10\/Maite.webp\" alt=\"Segretaria\nResponsabile gestione amministrativa  Maite\" title=\"Maite\" srcset=\"https:\/\/otorinoticino.ch\/wp-content\/uploads\/2024\/10\/Maite.webp 296w, https:\/\/otorinoticino.ch\/wp-content\/uploads\/2024\/10\/Maite-249x300.webp 249w\" sizes=\"auto, (max-width: 296px) 100vw, 296px\" \/><\/figure>\n\n\n<div class=\"gb-container gb-container-1b9606fa\">\n\n<h3 class=\"gb-headline gb-headline-42ce9d3b gb-headline-text\">MAIT\u00c9<\/h3>\n\n\n\n<p>Sekret\u00e4rin<br>Verantwortliche Back-office<br>Gr\u00fcnderin von &#8222;tinsapono &#8211; natural cosmetics&#8220;&nbsp;<a href=\"https:\/\/tinsapono.com\/\" target=\"_blank\" rel=\"noreferrer noopener\">tinsapono.com<\/a><\/p>\n\n<\/div>\n<\/div><\/div>\n\n<div class=\"gb-grid-column gb-grid-column-233f92f0\"><div class=\"gb-container gb-container-233f92f0\">\n\n<figure class=\"gb-block-image gb-block-image-f7c836c8\"><img loading=\"lazy\" decoding=\"async\" width=\"296\" height=\"356\" class=\"gb-image gb-image-f7c836c8\" src=\"https:\/\/otorinoticino.ch\/wp-content\/uploads\/2024\/10\/Giulia.webp\" alt=\"Tecnico audiometrista Giulia\" title=\"Giulia\" srcset=\"https:\/\/otorinoticino.ch\/wp-content\/uploads\/2024\/10\/Giulia.webp 296w, https:\/\/otorinoticino.ch\/wp-content\/uploads\/2024\/10\/Giulia-249x300.webp 249w\" sizes=\"auto, (max-width: 296px) 100vw, 296px\" \/><\/figure>\n\n\n<div class=\"gb-container gb-container-a5124391\">\n\n<h3 class=\"gb-headline gb-headline-d28ad076 gb-headline-text\">GIULIA<br><\/h3>\n\n\n\n<p>Audiometristin mit universit\u00e4rem Abschluss (Abschluss an der Universit\u00e4t Mailand)<br>Sprechstundenhilfe<\/p>\n\n<\/div>\n<\/div><\/div>\n<\/div>\n\n<div class=\"gb-container gb-container-1ae8f207\">\n\n<h2 class=\"gb-headline gb-headline-94c202cd gb-headline-text\">INTERESSE AN EINER ZUSAMMENARBEIT?<\/h2>\n\n\n\n<p class=\"has-text-align-center\">Sind Sie interessiert an einer Zusammenarbeit mit uns, dann senden Sie uns gerne Ihre Bewerbung per Email an&nbsp;<a href=\"mailto:info@otorinoticino.ch\">info@otorinoticino.ch<\/a>&nbsp;oder per Post an&nbsp;<strong>Viale Stazione 8 a, 6500 Bellinzona.<\/strong><br><\/p>\n\n<\/div>","protected":false},"excerpt":{"rendered":"<p>DAS OTORINO TICINO TEAM \u00c4RZTE PERSONAL INTERESSE AN EINER ZUSAMMENARBEIT? Sind Sie interessiert an einer Zusammenarbeit mit uns, dann senden Sie uns gerne Ihre Bewerbung per Email an&nbsp;info@otorinoticino.ch&nbsp;oder per Post an&nbsp;Viale Stazione 8 a, 6500 Bellinzona.<\/p>\n","protected":false},"author":1,"featured_media":0,"parent":0,"menu_order":0,"comment_status":"closed","ping_status":"closed","template":"content-template.php","meta":{"_acf_changed":false,"footnotes":""},"class_list":["post-630","page","type-page","status-publish","hentry"],"acf":[],"yoast_head":"<!-- This site is optimized with the Yoast SEO plugin v27.1.1 - https:\/\/yoast.com\/product\/yoast-seo-wordpress\/ -->\n<title>DAS OTORINOTICINO TEAM - Studio Otorino Ticino<\/title>\n<meta name=\"robots\" content=\"index, follow, max-snippet:-1, max-image-preview:large, max-video-preview:-1\" \/>\n<link rel=\"canonical\" href=\"https:\/\/otorinoticino.ch\/de\/team\/\" \/>\n<meta property=\"og:locale\" content=\"de_DE\" \/>\n<meta property=\"og:type\" content=\"article\" \/>\n<meta property=\"og:title\" content=\"DAS OTORINOTICINO TEAM - Studio Otorino Ticino\" \/>\n<meta property=\"og:description\" content=\"DAS OTORINO TICINO TEAM \u00c4RZTE PERSONAL INTERESSE AN EINER ZUSAMMENARBEIT? Sind Sie interessiert an einer Zusammenarbeit mit uns, dann senden Sie uns gerne Ihre Bewerbung per Email an&nbsp;info@otorinoticino.ch&nbsp;oder per Post an&nbsp;Viale Stazione 8 a, 6500 Bellinzona.\" \/>\n<meta property=\"og:url\" content=\"https:\/\/otorinoticino.ch\/de\/team\/\" \/>\n<meta property=\"og:site_name\" content=\"Studio OTORINO Ticino\" \/>\n<meta property=\"article:modified_time\" content=\"2024-10-17T05:59:05+00:00\" \/>\n<meta property=\"og:image\" content=\"https:\/\/otorinoticino.ch\/wp-content\/uploads\/2024\/10\/otoricino_big_logo_text.webp\" \/>\n<meta name=\"twitter:card\" content=\"summary_large_image\" \/>\n<meta name=\"twitter:label1\" content=\"Gesch\u00e4tzte Lesezeit\" \/>\n\t<meta name=\"twitter:data1\" content=\"3\u00a0Minuten\" \/>\n<script type=\"application\/ld+json\" class=\"yoast-schema-graph\">{\"@context\":\"https:\/\/schema.org\",\"@graph\":[{\"@type\":\"WebPage\",\"@id\":\"https:\/\/otorinoticino.ch\/de\/team\/\",\"url\":\"https:\/\/otorinoticino.ch\/de\/team\/\",\"name\":\"DAS OTORINOTICINO TEAM - Studio Otorino Ticino\",\"isPartOf\":{\"@id\":\"https:\/\/otorinoticino.ch\/de\/#website\"},\"primaryImageOfPage\":{\"@id\":\"https:\/\/otorinoticino.ch\/de\/team\/#primaryimage\"},\"image\":{\"@id\":\"https:\/\/otorinoticino.ch\/de\/team\/#primaryimage\"},\"thumbnailUrl\":\"https:\/\/otorinoticino.ch\/wp-content\/uploads\/2024\/10\/otoricino_big_logo_text.webp\",\"datePublished\":\"2024-10-06T17:07:10+00:00\",\"dateModified\":\"2024-10-17T05:59:05+00:00\",\"breadcrumb\":{\"@id\":\"https:\/\/otorinoticino.ch\/de\/team\/#breadcrumb\"},\"inLanguage\":\"de\",\"potentialAction\":[{\"@type\":\"ReadAction\",\"target\":[\"https:\/\/otorinoticino.ch\/de\/team\/\"]}]},{\"@type\":\"ImageObject\",\"inLanguage\":\"de\",\"@id\":\"https:\/\/otorinoticino.ch\/de\/team\/#primaryimage\",\"url\":\"https:\/\/otorinoticino.ch\/wp-content\/uploads\/2024\/10\/otoricino_big_logo_text.webp\",\"contentUrl\":\"https:\/\/otorinoticino.ch\/wp-content\/uploads\/2024\/10\/otoricino_big_logo_text.webp\"},{\"@type\":\"BreadcrumbList\",\"@id\":\"https:\/\/otorinoticino.ch\/de\/team\/#breadcrumb\",\"itemListElement\":[{\"@type\":\"ListItem\",\"position\":1,\"name\":\"Home\",\"item\":\"https:\/\/otorinoticino.ch\/de\/\"},{\"@type\":\"ListItem\",\"position\":2,\"name\":\"Team\"}]},{\"@type\":\"WebSite\",\"@id\":\"https:\/\/otorinoticino.ch\/de\/#website\",\"url\":\"https:\/\/otorinoticino.ch\/de\/\",\"name\":\"Studio OTORINO Ticino\",\"description\":\"\",\"publisher\":{\"@id\":\"https:\/\/otorinoticino.ch\/de\/#organization\"},\"potentialAction\":[{\"@type\":\"SearchAction\",\"target\":{\"@type\":\"EntryPoint\",\"urlTemplate\":\"https:\/\/otorinoticino.ch\/de\/?s={search_term_string}\"},\"query-input\":{\"@type\":\"PropertyValueSpecification\",\"valueRequired\":true,\"valueName\":\"search_term_string\"}}],\"inLanguage\":\"de\"},{\"@type\":\"Organization\",\"@id\":\"https:\/\/otorinoticino.ch\/de\/#organization\",\"name\":\"Studio OTORINO Ticino\",\"url\":\"https:\/\/otorinoticino.ch\/de\/\",\"logo\":{\"@type\":\"ImageObject\",\"inLanguage\":\"de\",\"@id\":\"https:\/\/otorinoticino.ch\/de\/#\/schema\/logo\/image\/\",\"url\":\"https:\/\/otorinoticino.ch\/wp-content\/uploads\/2024\/10\/cropped-logo.png\",\"contentUrl\":\"https:\/\/otorinoticino.ch\/wp-content\/uploads\/2024\/10\/cropped-logo.png\",\"width\":522,\"height\":278,\"caption\":\"Studio OTORINO Ticino\"},\"image\":{\"@id\":\"https:\/\/otorinoticino.ch\/de\/#\/schema\/logo\/image\/\"}}]}<\/script>\n<!-- \/ Yoast SEO plugin. -->","yoast_head_json":{"title":"DAS OTORINOTICINO TEAM - Studio Otorino Ticino","robots":{"index":"index","follow":"follow","max-snippet":"max-snippet:-1","max-image-preview":"max-image-preview:large","max-video-preview":"max-video-preview:-1"},"canonical":"https:\/\/otorinoticino.ch\/de\/team\/","og_locale":"de_DE","og_type":"article","og_title":"DAS OTORINOTICINO TEAM - Studio Otorino Ticino","og_description":"DAS OTORINO TICINO TEAM \u00c4RZTE PERSONAL INTERESSE AN EINER ZUSAMMENARBEIT? Sind Sie interessiert an einer Zusammenarbeit mit uns, dann senden Sie uns gerne Ihre Bewerbung per Email an&nbsp;info@otorinoticino.ch&nbsp;oder per Post an&nbsp;Viale Stazione 8 a, 6500 Bellinzona.","og_url":"https:\/\/otorinoticino.ch\/de\/team\/","og_site_name":"Studio OTORINO Ticino","article_modified_time":"2024-10-17T05:59:05+00:00","og_image":[{"url":"https:\/\/otorinoticino.ch\/wp-content\/uploads\/2024\/10\/otoricino_big_logo_text.webp","type":"","width":"","height":""}],"twitter_card":"summary_large_image","twitter_misc":{"Gesch\u00e4tzte Lesezeit":"3\u00a0Minuten"},"schema":{"@context":"https:\/\/schema.org","@graph":[{"@type":"WebPage","@id":"https:\/\/otorinoticino.ch\/de\/team\/","url":"https:\/\/otorinoticino.ch\/de\/team\/","name":"DAS OTORINOTICINO TEAM - Studio Otorino Ticino","isPartOf":{"@id":"https:\/\/otorinoticino.ch\/de\/#website"},"primaryImageOfPage":{"@id":"https:\/\/otorinoticino.ch\/de\/team\/#primaryimage"},"image":{"@id":"https:\/\/otorinoticino.ch\/de\/team\/#primaryimage"},"thumbnailUrl":"https:\/\/otorinoticino.ch\/wp-content\/uploads\/2024\/10\/otoricino_big_logo_text.webp","datePublished":"2024-10-06T17:07:10+00:00","dateModified":"2024-10-17T05:59:05+00:00","breadcrumb":{"@id":"https:\/\/otorinoticino.ch\/de\/team\/#breadcrumb"},"inLanguage":"de","potentialAction":[{"@type":"ReadAction","target":["https:\/\/otorinoticino.ch\/de\/team\/"]}]},{"@type":"ImageObject","inLanguage":"de","@id":"https:\/\/otorinoticino.ch\/de\/team\/#primaryimage","url":"https:\/\/otorinoticino.ch\/wp-content\/uploads\/2024\/10\/otoricino_big_logo_text.webp","contentUrl":"https:\/\/otorinoticino.ch\/wp-content\/uploads\/2024\/10\/otoricino_big_logo_text.webp"},{"@type":"BreadcrumbList","@id":"https:\/\/otorinoticino.ch\/de\/team\/#breadcrumb","itemListElement":[{"@type":"ListItem","position":1,"name":"Home","item":"https:\/\/otorinoticino.ch\/de\/"},{"@type":"ListItem","position":2,"name":"Team"}]},{"@type":"WebSite","@id":"https:\/\/otorinoticino.ch\/de\/#website","url":"https:\/\/otorinoticino.ch\/de\/","name":"Studio OTORINO Ticino","description":"","publisher":{"@id":"https:\/\/otorinoticino.ch\/de\/#organization"},"potentialAction":[{"@type":"SearchAction","target":{"@type":"EntryPoint","urlTemplate":"https:\/\/otorinoticino.ch\/de\/?s={search_term_string}"},"query-input":{"@type":"PropertyValueSpecification","valueRequired":true,"valueName":"search_term_string"}}],"inLanguage":"de"},{"@type":"Organization","@id":"https:\/\/otorinoticino.ch\/de\/#organization","name":"Studio OTORINO Ticino","url":"https:\/\/otorinoticino.ch\/de\/","logo":{"@type":"ImageObject","inLanguage":"de","@id":"https:\/\/otorinoticino.ch\/de\/#\/schema\/logo\/image\/","url":"https:\/\/otorinoticino.ch\/wp-content\/uploads\/2024\/10\/cropped-logo.png","contentUrl":"https:\/\/otorinoticino.ch\/wp-content\/uploads\/2024\/10\/cropped-logo.png","width":522,"height":278,"caption":"Studio OTORINO Ticino"},"image":{"@id":"https:\/\/otorinoticino.ch\/de\/#\/schema\/logo\/image\/"}}]}},"_links":{"self":[{"href":"https:\/\/otorinoticino.ch\/de\/wp-json\/wp\/v2\/pages\/630","targetHints":{"allow":["GET"]}}],"collection":[{"href":"https:\/\/otorinoticino.ch\/de\/wp-json\/wp\/v2\/pages"}],"about":[{"href":"https:\/\/otorinoticino.ch\/de\/wp-json\/wp\/v2\/types\/page"}],"author":[{"embeddable":true,"href":"https:\/\/otorinoticino.ch\/de\/wp-json\/wp\/v2\/users\/1"}],"replies":[{"embeddable":true,"href":"https:\/\/otorinoticino.ch\/de\/wp-json\/wp\/v2\/comments?post=630"}],"version-history":[{"count":10,"href":"https:\/\/otorinoticino.ch\/de\/wp-json\/wp\/v2\/pages\/630\/revisions"}],"predecessor-version":[{"id":1168,"href":"https:\/\/otorinoticino.ch\/de\/wp-json\/wp\/v2\/pages\/630\/revisions\/1168"}],"wp:attachment":[{"href":"https:\/\/otorinoticino.ch\/de\/wp-json\/wp\/v2\/media?parent=630"}],"curies":[{"name":"wp","href":"https:\/\/api.w.org\/{rel}","templated":true}]}}