{"id":620,"date":"2024-10-06T15:15:24","date_gmt":"2024-10-06T15:15:24","guid":{"rendered":"http:\/\/dev.otorinoticino.ch\/?page_id=620"},"modified":"2024-10-17T05:04:18","modified_gmt":"2024-10-17T05:04:18","slug":"vertigine-ed-equilibrio","status":"publish","type":"page","link":"https:\/\/otorinoticino.ch\/de\/vertigine-ed-equilibrio\/","title":{"rendered":"Schwindel + Gleichgewicht"},"content":{"rendered":"<div class=\"gb-container gb-container-91a56c38\">\n\n<h1 class=\"gb-headline gb-headline-845b527a gb-headline-text\">SCHWINDEL UND GLEICHGEWICHT<\/h1>\n\n\n\n<div class=\"d-flex justify-content-center mt-3 mb-3\" style=\"height: 3vh;\">\n    <svg preserveAspectRatio=\"xMidYMid meet\" width=\"25\" height=\"25\" viewBox=\"0 52.749 444 338.551\" xmlns=\"http:\/\/www.w3.org\/2000\/svg\" role=\"presentation\" aria-hidden=\"true\" aria-label=\"\">\n        <g>\n            <path d=\"M276.9 391.3h-1c-6.3-.5-11.5-4.7-13.6-10.4l-97.7-272.7L103 229.4c-2.6 5.2-7.8 8.4-14.1 8.4H15.7C6.8 237.7 0 231 0 222.1s6.8-15.7 15.7-15.7h63.7l74.2-145.2c2.6-5.7 8.9-8.9 15.2-8.4s11.5 4.7 13.6 10.4L279.5 336l61.6-121.2c2.6-5.2 7.8-8.4 14.1-8.4h73.1c8.9 0 15.7 6.8 15.7 15.7 0 8.9-6.8 15.7-15.7 15.7h-63.7L291 383c-2.6 5.2-8.4 8.3-14.1 8.3z\" fill=\"#006ad1\"><\/path>\n        <\/g>\n    <\/svg>\n<\/div>\n\n\n\n<p class=\"has-text-align-center has-text-color has-link-color wp-elements-bab69f222e15a9d8a4d5ea6e814fc1a8\" style=\"color:#2f2b36;font-size:21px\">Gleichgewicht in jeder Hinsicht<\/p>\n\n\n\n<h2 class=\"gb-headline gb-headline-c8bddff0 gb-headline-text\">Ihre Beschwerden:<\/h2>\n\n\n\n<ul class=\"wp-block-list\">\n<li>Akuter und chronischer Schwindel<\/li>\n\n\n\n<li>Gleichgewichtsst\u00f6rungen<\/li>\n\n\n\n<li>Gangunsicherheit und Gef\u00fchl von Trunkenheit<\/li>\n\n\n\n<li>Rezidivierende Schwindelbeschwerden (Drehschwindel oder Schwankschwindel)<\/li>\n\n\n\n<li>Paroxysmaler Lagerungsschwindel (BPLS)<\/li>\n\n\n\n<li>Hydrops und Morbus Meni\u00e8re<\/li>\n\n\n\n<li>Vestibul\u00e4re Migr\u00e4ne<\/li>\n<\/ul>\n\n\n\n<h2 class=\"gb-headline gb-headline-f100d814 gb-headline-text\">Unser Angebot:<\/h2>\n\n\n\n<p><strong>Umfassende Diagnostik<\/strong>:<\/p>\n\n\n\n<ul class=\"wp-block-list\">\n<li>Klinische vestibul\u00e4re Untersuchung<\/li>\n\n\n\n<li>H\u00f6rtests (Audiogramm und Tympanogramm)<\/li>\n\n\n\n<li>Erweiterter H\u00f6rtest (Stapediusreflexe)<\/li>\n\n\n\n<li>Otoakustische Emissionen<\/li>\n\n\n\n<li>Evozierte Potentiale (zervikale und okulare VEMP)<\/li>\n\n\n\n<li>Video-Kopf-Impuls-Test<\/li>\n\n\n\n<li>Kalorische Pr\u00fcfung<\/li>\n<\/ul>\n\n\n\n<p><strong>Therapeutisches Angebot<\/strong>:<\/p>\n\n\n\n<ul class=\"wp-block-list\">\n<li>Medikament\u00f6se Therapie<\/li>\n\n\n\n<li>Vestibul\u00e4re Rehabilitation<\/li>\n\n\n\n<li>Individuelles Coaching<\/li>\n\n\n\n<li>Pr\u00e4vention<\/li>\n<\/ul>\n\n<\/div>","protected":false},"excerpt":{"rendered":"<p>SCHWINDEL UND GLEICHGEWICHT Gleichgewicht in jeder Hinsicht Ihre Beschwerden: Unser Angebot: Umfassende Diagnostik: Therapeutisches Angebot:<\/p>\n","protected":false},"author":1,"featured_media":0,"parent":0,"menu_order":0,"comment_status":"closed","ping_status":"closed","template":"content-template.php","meta":{"_acf_changed":false,"footnotes":""},"class_list":["post-620","page","type-page","status-publish","hentry"],"acf":[],"yoast_head":"<!-- This site is optimized with the Yoast SEO plugin v27.1.1 - https:\/\/yoast.com\/product\/yoast-seo-wordpress\/ -->\n<title>Spezialisierte vestibul\u00e4re Dienstleistungen, Lugano, Bellinzona | Studio Otorino Ticino<\/title>\n<meta name=\"description\" content=\"Ausgestattete Praxis f\u00fcr vestibul\u00e4re Funktionsuntersuchungen und Behandlung von vestibul\u00e4ren St\u00f6rungen und verschiedenen Problemen wie Schwindel und Gleichgewichtsst\u00f6rungen. Entdecken Sie die Dienstleistungen der Vestibologie im Tessin.\" \/>\n<meta name=\"robots\" content=\"index, follow, max-snippet:-1, max-image-preview:large, max-video-preview:-1\" \/>\n<link rel=\"canonical\" href=\"https:\/\/otorinoticino.ch\/de\/vertigine-ed-equilibrio\/\" \/>\n<meta property=\"og:locale\" content=\"de_DE\" \/>\n<meta property=\"og:type\" content=\"article\" \/>\n<meta property=\"og:title\" content=\"Spezialisierte vestibul\u00e4re Dienstleistungen, Lugano, Bellinzona | Studio Otorino Ticino\" \/>\n<meta property=\"og:description\" content=\"Ausgestattete Praxis f\u00fcr vestibul\u00e4re Funktionsuntersuchungen und Behandlung von vestibul\u00e4ren St\u00f6rungen und verschiedenen Problemen wie Schwindel und Gleichgewichtsst\u00f6rungen. Entdecken Sie die Dienstleistungen der Vestibologie im Tessin.\" \/>\n<meta property=\"og:url\" content=\"https:\/\/otorinoticino.ch\/de\/vertigine-ed-equilibrio\/\" \/>\n<meta property=\"og:site_name\" content=\"Studio OTORINO Ticino\" \/>\n<meta property=\"article:modified_time\" content=\"2024-10-17T05:04:18+00:00\" \/>\n<meta name=\"twitter:card\" content=\"summary_large_image\" \/>\n<meta name=\"twitter:label1\" content=\"Gesch\u00e4tzte Lesezeit\" \/>\n\t<meta name=\"twitter:data1\" content=\"1\u00a0Minute\" \/>\n<script type=\"application\/ld+json\" class=\"yoast-schema-graph\">{\"@context\":\"https:\/\/schema.org\",\"@graph\":[{\"@type\":\"WebPage\",\"@id\":\"https:\/\/otorinoticino.ch\/de\/vertigine-ed-equilibrio\/\",\"url\":\"https:\/\/otorinoticino.ch\/de\/vertigine-ed-equilibrio\/\",\"name\":\"Spezialisierte vestibul\u00e4re Dienstleistungen, Lugano, Bellinzona | Studio Otorino Ticino\",\"isPartOf\":{\"@id\":\"https:\/\/otorinoticino.ch\/de\/#website\"},\"datePublished\":\"2024-10-06T15:15:24+00:00\",\"dateModified\":\"2024-10-17T05:04:18+00:00\",\"description\":\"Ausgestattete Praxis f\u00fcr vestibul\u00e4re Funktionsuntersuchungen und Behandlung von vestibul\u00e4ren St\u00f6rungen und verschiedenen Problemen wie Schwindel und Gleichgewichtsst\u00f6rungen. Entdecken Sie die Dienstleistungen der Vestibologie im Tessin.\",\"breadcrumb\":{\"@id\":\"https:\/\/otorinoticino.ch\/de\/vertigine-ed-equilibrio\/#breadcrumb\"},\"inLanguage\":\"de\",\"potentialAction\":[{\"@type\":\"ReadAction\",\"target\":[\"https:\/\/otorinoticino.ch\/de\/vertigine-ed-equilibrio\/\"]}]},{\"@type\":\"BreadcrumbList\",\"@id\":\"https:\/\/otorinoticino.ch\/de\/vertigine-ed-equilibrio\/#breadcrumb\",\"itemListElement\":[{\"@type\":\"ListItem\",\"position\":1,\"name\":\"Home\",\"item\":\"https:\/\/otorinoticino.ch\/de\/\"},{\"@type\":\"ListItem\",\"position\":2,\"name\":\"Schwindel + Gleichgewicht\"}]},{\"@type\":\"WebSite\",\"@id\":\"https:\/\/otorinoticino.ch\/de\/#website\",\"url\":\"https:\/\/otorinoticino.ch\/de\/\",\"name\":\"Studio OTORINO Ticino\",\"description\":\"\",\"publisher\":{\"@id\":\"https:\/\/otorinoticino.ch\/de\/#organization\"},\"potentialAction\":[{\"@type\":\"SearchAction\",\"target\":{\"@type\":\"EntryPoint\",\"urlTemplate\":\"https:\/\/otorinoticino.ch\/de\/?s={search_term_string}\"},\"query-input\":{\"@type\":\"PropertyValueSpecification\",\"valueRequired\":true,\"valueName\":\"search_term_string\"}}],\"inLanguage\":\"de\"},{\"@type\":\"Organization\",\"@id\":\"https:\/\/otorinoticino.ch\/de\/#organization\",\"name\":\"Studio OTORINO Ticino\",\"url\":\"https:\/\/otorinoticino.ch\/de\/\",\"logo\":{\"@type\":\"ImageObject\",\"inLanguage\":\"de\",\"@id\":\"https:\/\/otorinoticino.ch\/de\/#\/schema\/logo\/image\/\",\"url\":\"https:\/\/otorinoticino.ch\/wp-content\/uploads\/2024\/10\/cropped-logo.png\",\"contentUrl\":\"https:\/\/otorinoticino.ch\/wp-content\/uploads\/2024\/10\/cropped-logo.png\",\"width\":522,\"height\":278,\"caption\":\"Studio OTORINO Ticino\"},\"image\":{\"@id\":\"https:\/\/otorinoticino.ch\/de\/#\/schema\/logo\/image\/\"}}]}<\/script>\n<!-- \/ Yoast SEO plugin. -->","yoast_head_json":{"title":"Spezialisierte vestibul\u00e4re Dienstleistungen, Lugano, Bellinzona | Studio Otorino Ticino","description":"Ausgestattete Praxis f\u00fcr vestibul\u00e4re Funktionsuntersuchungen und Behandlung von vestibul\u00e4ren St\u00f6rungen und verschiedenen Problemen wie Schwindel und Gleichgewichtsst\u00f6rungen. Entdecken Sie die Dienstleistungen der Vestibologie im Tessin.","robots":{"index":"index","follow":"follow","max-snippet":"max-snippet:-1","max-image-preview":"max-image-preview:large","max-video-preview":"max-video-preview:-1"},"canonical":"https:\/\/otorinoticino.ch\/de\/vertigine-ed-equilibrio\/","og_locale":"de_DE","og_type":"article","og_title":"Spezialisierte vestibul\u00e4re Dienstleistungen, Lugano, Bellinzona | Studio Otorino Ticino","og_description":"Ausgestattete Praxis f\u00fcr vestibul\u00e4re Funktionsuntersuchungen und Behandlung von vestibul\u00e4ren St\u00f6rungen und verschiedenen Problemen wie Schwindel und Gleichgewichtsst\u00f6rungen. Entdecken Sie die Dienstleistungen der Vestibologie im Tessin.","og_url":"https:\/\/otorinoticino.ch\/de\/vertigine-ed-equilibrio\/","og_site_name":"Studio OTORINO Ticino","article_modified_time":"2024-10-17T05:04:18+00:00","twitter_card":"summary_large_image","twitter_misc":{"Gesch\u00e4tzte Lesezeit":"1\u00a0Minute"},"schema":{"@context":"https:\/\/schema.org","@graph":[{"@type":"WebPage","@id":"https:\/\/otorinoticino.ch\/de\/vertigine-ed-equilibrio\/","url":"https:\/\/otorinoticino.ch\/de\/vertigine-ed-equilibrio\/","name":"Spezialisierte vestibul\u00e4re Dienstleistungen, Lugano, Bellinzona | Studio Otorino Ticino","isPartOf":{"@id":"https:\/\/otorinoticino.ch\/de\/#website"},"datePublished":"2024-10-06T15:15:24+00:00","dateModified":"2024-10-17T05:04:18+00:00","description":"Ausgestattete Praxis f\u00fcr vestibul\u00e4re Funktionsuntersuchungen und Behandlung von vestibul\u00e4ren St\u00f6rungen und verschiedenen Problemen wie Schwindel und Gleichgewichtsst\u00f6rungen. Entdecken Sie die Dienstleistungen der Vestibologie im Tessin.","breadcrumb":{"@id":"https:\/\/otorinoticino.ch\/de\/vertigine-ed-equilibrio\/#breadcrumb"},"inLanguage":"de","potentialAction":[{"@type":"ReadAction","target":["https:\/\/otorinoticino.ch\/de\/vertigine-ed-equilibrio\/"]}]},{"@type":"BreadcrumbList","@id":"https:\/\/otorinoticino.ch\/de\/vertigine-ed-equilibrio\/#breadcrumb","itemListElement":[{"@type":"ListItem","position":1,"name":"Home","item":"https:\/\/otorinoticino.ch\/de\/"},{"@type":"ListItem","position":2,"name":"Schwindel + Gleichgewicht"}]},{"@type":"WebSite","@id":"https:\/\/otorinoticino.ch\/de\/#website","url":"https:\/\/otorinoticino.ch\/de\/","name":"Studio OTORINO Ticino","description":"","publisher":{"@id":"https:\/\/otorinoticino.ch\/de\/#organization"},"potentialAction":[{"@type":"SearchAction","target":{"@type":"EntryPoint","urlTemplate":"https:\/\/otorinoticino.ch\/de\/?s={search_term_string}"},"query-input":{"@type":"PropertyValueSpecification","valueRequired":true,"valueName":"search_term_string"}}],"inLanguage":"de"},{"@type":"Organization","@id":"https:\/\/otorinoticino.ch\/de\/#organization","name":"Studio OTORINO Ticino","url":"https:\/\/otorinoticino.ch\/de\/","logo":{"@type":"ImageObject","inLanguage":"de","@id":"https:\/\/otorinoticino.ch\/de\/#\/schema\/logo\/image\/","url":"https:\/\/otorinoticino.ch\/wp-content\/uploads\/2024\/10\/cropped-logo.png","contentUrl":"https:\/\/otorinoticino.ch\/wp-content\/uploads\/2024\/10\/cropped-logo.png","width":522,"height":278,"caption":"Studio OTORINO Ticino"},"image":{"@id":"https:\/\/otorinoticino.ch\/de\/#\/schema\/logo\/image\/"}}]}},"_links":{"self":[{"href":"https:\/\/otorinoticino.ch\/de\/wp-json\/wp\/v2\/pages\/620","targetHints":{"allow":["GET"]}}],"collection":[{"href":"https:\/\/otorinoticino.ch\/de\/wp-json\/wp\/v2\/pages"}],"about":[{"href":"https:\/\/otorinoticino.ch\/de\/wp-json\/wp\/v2\/types\/page"}],"author":[{"embeddable":true,"href":"https:\/\/otorinoticino.ch\/de\/wp-json\/wp\/v2\/users\/1"}],"replies":[{"embeddable":true,"href":"https:\/\/otorinoticino.ch\/de\/wp-json\/wp\/v2\/comments?post=620"}],"version-history":[{"count":2,"href":"https:\/\/otorinoticino.ch\/de\/wp-json\/wp\/v2\/pages\/620\/revisions"}],"predecessor-version":[{"id":1135,"href":"https:\/\/otorinoticino.ch\/de\/wp-json\/wp\/v2\/pages\/620\/revisions\/1135"}],"wp:attachment":[{"href":"https:\/\/otorinoticino.ch\/de\/wp-json\/wp\/v2\/media?parent=620"}],"curies":[{"name":"wp","href":"https:\/\/api.w.org\/{rel}","templated":true}]}}