{"id":613,"date":"2024-10-06T15:11:28","date_gmt":"2024-10-06T15:11:28","guid":{"rendered":"http:\/\/dev.otorinoticino.ch\/?page_id=613"},"modified":"2024-10-17T05:00:56","modified_gmt":"2024-10-17T05:00:56","slug":"orecchio-e-udito","status":"publish","type":"page","link":"https:\/\/otorinoticino.ch\/de\/orecchio-e-udito\/","title":{"rendered":"Ohren und Geh\u00f6r"},"content":{"rendered":"<div class=\"gb-container gb-container-91a56c38\">\n\n<h1 class=\"gb-headline gb-headline-845b527a gb-headline-text\">OHR UND GEH\u00d6R<\/h1>\n\n\n\n<div class=\"d-flex justify-content-center mt-3 mb-3\" style=\"height: 3vh;\">\n    <svg preserveAspectRatio=\"xMidYMid meet\" width=\"25\" height=\"25\" viewBox=\"0 52.749 444 338.551\" xmlns=\"http:\/\/www.w3.org\/2000\/svg\" role=\"presentation\" aria-hidden=\"true\" aria-label=\"\">\n        <g>\n            <path d=\"M276.9 391.3h-1c-6.3-.5-11.5-4.7-13.6-10.4l-97.7-272.7L103 229.4c-2.6 5.2-7.8 8.4-14.1 8.4H15.7C6.8 237.7 0 231 0 222.1s6.8-15.7 15.7-15.7h63.7l74.2-145.2c2.6-5.7 8.9-8.9 15.2-8.4s11.5 4.7 13.6 10.4L279.5 336l61.6-121.2c2.6-5.2 7.8-8.4 14.1-8.4h73.1c8.9 0 15.7 6.8 15.7 15.7 0 8.9-6.8 15.7-15.7 15.7h-63.7L291 383c-2.6 5.2-8.4 8.3-14.1 8.3z\" fill=\"#006ad1\"><\/path>\n        <\/g>\n    <\/svg>\n<\/div>\n\n\n\n<p class=\"has-text-align-center has-text-color has-link-color wp-elements-1ba0f1a0dd8349269248e35db4d503c6\" style=\"color:#2f2b36;font-size:21px\">Ein gutes Geh\u00f6r stellt die Basis f\u00fcr die Sprachentwicklung und unsere verbale Kommunikation dar<\/p>\n\n\n\n<h2 class=\"gb-headline gb-headline-c8bddff0 gb-headline-text\">Ihre St\u00f6rungen:<\/h2>\n\n\n\n<ul class=\"wp-block-list\">\n<li>H\u00f6rminderung<\/li>\n\n\n\n<li>Akuter und fortschreitender H\u00f6rverlust<\/li>\n\n\n\n<li>Tinnitus und Ohrger\u00e4usche<\/li>\n\n\n\n<li>Akuter und chronischer H\u00f6rverlust<\/li>\n\n\n\n<li>Hydrops und Morbus Meni\u00e8re<\/li>\n\n\n\n<li>Funktionsst\u00f6rung der Eustachischen R\u00f6hre (Tubenfunktionsst\u00f6rung)<\/li>\n\n\n\n<li>Ohrenschmerzen<\/li>\n\n\n\n<li>Ohrenschmalzpfropfen<\/li>\n\n\n\n<li>Akute und chronische Mittelohrentz\u00fcndung<\/li>\n\n\n\n<li>Entz\u00fcndung des \u00e4usseren Geh\u00f6rganges (Otitis externa)<\/li>\n\n\n\n<li>Perforation des Trommelfells<\/li>\n\n\n\n<li>Otosklerose: (Versteifung des Steigb\u00fcgels)<\/li>\n<\/ul>\n\n\n\n<h2 class=\"gb-headline gb-headline-f100d814 gb-headline-text\">Unser Angebot:<\/h2>\n\n\n\n<p><strong>Beurteilungen<\/strong>:<\/p>\n\n\n\n<ul class=\"wp-block-list\">\n<li>Erweiterte klinische Untersuchung<\/li>\n\n\n\n<li>H\u00f6rtest (Audiogramm)&nbsp;und erweiterte H\u00f6rpr\u00fcfungen (bei Bedarf)<\/li>\n\n\n\n<li>H\u00f6rtest f\u00fcr H\u00f6rger\u00e4te Expertise<\/li>\n\n\n\n<li>Zusammenarbeit mit universit\u00e4ren Zentren f\u00fcr H\u00f6rrehabilitation (z. B. Sound-bridge, Cochlea-Implantat)<\/li>\n<\/ul>\n\n\n\n<p>&nbsp;<strong>Chirurgische Therapie<\/strong>:<\/p>\n\n\n\n<ul class=\"wp-block-list\">\n<li>Mikrochirurgie des Mittelohrs und Geh\u00f6rganges<\/li>\n\n\n\n<li>Tympanoplastik (endaural oder retroaurikul\u00e4r): (Trommelfellverschluss)<\/li>\n\n\n\n<li>Ossikuloplastik: (h\u00f6rverbessernde Operation bei Geh\u00f6rkn\u00f6chelchen-Versteifung)<\/li>\n\n\n\n<li>Partielle oder radikale Mastoidektomie (bei Cholesteatom oder chronischer Infektion)<\/li>\n\n\n\n<li>Meatoplastik Erweiterung des Geh\u00f6rganges bei engem Geh\u00f6rgang<\/li>\n\n\n\n<li>Otoplastik Ohranlegeplastik bei abstehenden Ohren<\/li>\n<\/ul>\n\n<\/div>","protected":false},"excerpt":{"rendered":"<p>OHR UND GEH\u00d6R Ein gutes Geh\u00f6r stellt die Basis f\u00fcr die Sprachentwicklung und unsere verbale Kommunikation dar Ihre St\u00f6rungen: Unser Angebot: Beurteilungen: &nbsp;Chirurgische Therapie:<\/p>\n","protected":false},"author":1,"featured_media":0,"parent":0,"menu_order":0,"comment_status":"closed","ping_status":"closed","template":"content-template.php","meta":{"_acf_changed":false,"footnotes":""},"class_list":["post-613","page","type-page","status-publish","hentry"],"acf":[],"yoast_head":"<!-- This site is optimized with the Yoast SEO plugin v27.1.1 - https:\/\/yoast.com\/product\/yoast-seo-wordpress\/ -->\n<title>Ohr und Geh\u00f6r, Lugano, Bellinzona | Studio Otorino Ticino<\/title>\n<meta name=\"robots\" content=\"index, follow, max-snippet:-1, max-image-preview:large, max-video-preview:-1\" \/>\n<link rel=\"canonical\" href=\"https:\/\/otorinoticino.ch\/de\/orecchio-e-udito\/\" \/>\n<meta property=\"og:locale\" content=\"de_DE\" \/>\n<meta property=\"og:type\" content=\"article\" \/>\n<meta property=\"og:title\" content=\"Ohr und Geh\u00f6r, Lugano, Bellinzona | Studio Otorino Ticino\" \/>\n<meta property=\"og:description\" content=\"OHR UND GEH\u00d6R Ein gutes Geh\u00f6r stellt die Basis f\u00fcr die Sprachentwicklung und unsere verbale Kommunikation dar Ihre St\u00f6rungen: Unser Angebot: Beurteilungen: &nbsp;Chirurgische Therapie:\" \/>\n<meta property=\"og:url\" content=\"https:\/\/otorinoticino.ch\/de\/orecchio-e-udito\/\" \/>\n<meta property=\"og:site_name\" content=\"Studio OTORINO Ticino\" \/>\n<meta property=\"article:modified_time\" content=\"2024-10-17T05:00:56+00:00\" \/>\n<meta name=\"twitter:card\" content=\"summary_large_image\" \/>\n<meta name=\"twitter:label1\" content=\"Gesch\u00e4tzte Lesezeit\" \/>\n\t<meta name=\"twitter:data1\" content=\"1\u00a0Minute\" \/>\n<script type=\"application\/ld+json\" class=\"yoast-schema-graph\">{\"@context\":\"https:\/\/schema.org\",\"@graph\":[{\"@type\":\"WebPage\",\"@id\":\"https:\/\/otorinoticino.ch\/de\/orecchio-e-udito\/\",\"url\":\"https:\/\/otorinoticino.ch\/de\/orecchio-e-udito\/\",\"name\":\"Ohr und Geh\u00f6r, Lugano, Bellinzona | Studio Otorino Ticino\",\"isPartOf\":{\"@id\":\"https:\/\/otorinoticino.ch\/de\/#website\"},\"datePublished\":\"2024-10-06T15:11:28+00:00\",\"dateModified\":\"2024-10-17T05:00:56+00:00\",\"breadcrumb\":{\"@id\":\"https:\/\/otorinoticino.ch\/de\/orecchio-e-udito\/#breadcrumb\"},\"inLanguage\":\"de\",\"potentialAction\":[{\"@type\":\"ReadAction\",\"target\":[\"https:\/\/otorinoticino.ch\/de\/orecchio-e-udito\/\"]}]},{\"@type\":\"BreadcrumbList\",\"@id\":\"https:\/\/otorinoticino.ch\/de\/orecchio-e-udito\/#breadcrumb\",\"itemListElement\":[{\"@type\":\"ListItem\",\"position\":1,\"name\":\"Home\",\"item\":\"https:\/\/otorinoticino.ch\/de\/\"},{\"@type\":\"ListItem\",\"position\":2,\"name\":\"Ohren und Geh\u00f6r\"}]},{\"@type\":\"WebSite\",\"@id\":\"https:\/\/otorinoticino.ch\/de\/#website\",\"url\":\"https:\/\/otorinoticino.ch\/de\/\",\"name\":\"Studio OTORINO Ticino\",\"description\":\"\",\"publisher\":{\"@id\":\"https:\/\/otorinoticino.ch\/de\/#organization\"},\"potentialAction\":[{\"@type\":\"SearchAction\",\"target\":{\"@type\":\"EntryPoint\",\"urlTemplate\":\"https:\/\/otorinoticino.ch\/de\/?s={search_term_string}\"},\"query-input\":{\"@type\":\"PropertyValueSpecification\",\"valueRequired\":true,\"valueName\":\"search_term_string\"}}],\"inLanguage\":\"de\"},{\"@type\":\"Organization\",\"@id\":\"https:\/\/otorinoticino.ch\/de\/#organization\",\"name\":\"Studio OTORINO Ticino\",\"url\":\"https:\/\/otorinoticino.ch\/de\/\",\"logo\":{\"@type\":\"ImageObject\",\"inLanguage\":\"de\",\"@id\":\"https:\/\/otorinoticino.ch\/de\/#\/schema\/logo\/image\/\",\"url\":\"https:\/\/otorinoticino.ch\/wp-content\/uploads\/2024\/10\/cropped-logo.png\",\"contentUrl\":\"https:\/\/otorinoticino.ch\/wp-content\/uploads\/2024\/10\/cropped-logo.png\",\"width\":522,\"height\":278,\"caption\":\"Studio OTORINO Ticino\"},\"image\":{\"@id\":\"https:\/\/otorinoticino.ch\/de\/#\/schema\/logo\/image\/\"}}]}<\/script>\n<!-- \/ Yoast SEO plugin. -->","yoast_head_json":{"title":"Ohr und Geh\u00f6r, Lugano, Bellinzona | Studio Otorino Ticino","robots":{"index":"index","follow":"follow","max-snippet":"max-snippet:-1","max-image-preview":"max-image-preview:large","max-video-preview":"max-video-preview:-1"},"canonical":"https:\/\/otorinoticino.ch\/de\/orecchio-e-udito\/","og_locale":"de_DE","og_type":"article","og_title":"Ohr und Geh\u00f6r, Lugano, Bellinzona | Studio Otorino Ticino","og_description":"OHR UND GEH\u00d6R Ein gutes Geh\u00f6r stellt die Basis f\u00fcr die Sprachentwicklung und unsere verbale Kommunikation dar Ihre St\u00f6rungen: Unser Angebot: Beurteilungen: &nbsp;Chirurgische Therapie:","og_url":"https:\/\/otorinoticino.ch\/de\/orecchio-e-udito\/","og_site_name":"Studio OTORINO Ticino","article_modified_time":"2024-10-17T05:00:56+00:00","twitter_card":"summary_large_image","twitter_misc":{"Gesch\u00e4tzte Lesezeit":"1\u00a0Minute"},"schema":{"@context":"https:\/\/schema.org","@graph":[{"@type":"WebPage","@id":"https:\/\/otorinoticino.ch\/de\/orecchio-e-udito\/","url":"https:\/\/otorinoticino.ch\/de\/orecchio-e-udito\/","name":"Ohr und Geh\u00f6r, Lugano, Bellinzona | Studio Otorino Ticino","isPartOf":{"@id":"https:\/\/otorinoticino.ch\/de\/#website"},"datePublished":"2024-10-06T15:11:28+00:00","dateModified":"2024-10-17T05:00:56+00:00","breadcrumb":{"@id":"https:\/\/otorinoticino.ch\/de\/orecchio-e-udito\/#breadcrumb"},"inLanguage":"de","potentialAction":[{"@type":"ReadAction","target":["https:\/\/otorinoticino.ch\/de\/orecchio-e-udito\/"]}]},{"@type":"BreadcrumbList","@id":"https:\/\/otorinoticino.ch\/de\/orecchio-e-udito\/#breadcrumb","itemListElement":[{"@type":"ListItem","position":1,"name":"Home","item":"https:\/\/otorinoticino.ch\/de\/"},{"@type":"ListItem","position":2,"name":"Ohren und Geh\u00f6r"}]},{"@type":"WebSite","@id":"https:\/\/otorinoticino.ch\/de\/#website","url":"https:\/\/otorinoticino.ch\/de\/","name":"Studio OTORINO Ticino","description":"","publisher":{"@id":"https:\/\/otorinoticino.ch\/de\/#organization"},"potentialAction":[{"@type":"SearchAction","target":{"@type":"EntryPoint","urlTemplate":"https:\/\/otorinoticino.ch\/de\/?s={search_term_string}"},"query-input":{"@type":"PropertyValueSpecification","valueRequired":true,"valueName":"search_term_string"}}],"inLanguage":"de"},{"@type":"Organization","@id":"https:\/\/otorinoticino.ch\/de\/#organization","name":"Studio OTORINO Ticino","url":"https:\/\/otorinoticino.ch\/de\/","logo":{"@type":"ImageObject","inLanguage":"de","@id":"https:\/\/otorinoticino.ch\/de\/#\/schema\/logo\/image\/","url":"https:\/\/otorinoticino.ch\/wp-content\/uploads\/2024\/10\/cropped-logo.png","contentUrl":"https:\/\/otorinoticino.ch\/wp-content\/uploads\/2024\/10\/cropped-logo.png","width":522,"height":278,"caption":"Studio OTORINO Ticino"},"image":{"@id":"https:\/\/otorinoticino.ch\/de\/#\/schema\/logo\/image\/"}}]}},"_links":{"self":[{"href":"https:\/\/otorinoticino.ch\/de\/wp-json\/wp\/v2\/pages\/613","targetHints":{"allow":["GET"]}}],"collection":[{"href":"https:\/\/otorinoticino.ch\/de\/wp-json\/wp\/v2\/pages"}],"about":[{"href":"https:\/\/otorinoticino.ch\/de\/wp-json\/wp\/v2\/types\/page"}],"author":[{"embeddable":true,"href":"https:\/\/otorinoticino.ch\/de\/wp-json\/wp\/v2\/users\/1"}],"replies":[{"embeddable":true,"href":"https:\/\/otorinoticino.ch\/de\/wp-json\/wp\/v2\/comments?post=613"}],"version-history":[{"count":2,"href":"https:\/\/otorinoticino.ch\/de\/wp-json\/wp\/v2\/pages\/613\/revisions"}],"predecessor-version":[{"id":1131,"href":"https:\/\/otorinoticino.ch\/de\/wp-json\/wp\/v2\/pages\/613\/revisions\/1131"}],"wp:attachment":[{"href":"https:\/\/otorinoticino.ch\/de\/wp-json\/wp\/v2\/media?parent=613"}],"curies":[{"name":"wp","href":"https:\/\/api.w.org\/{rel}","templated":true}]}}