{"id":609,"date":"2024-10-06T15:02:14","date_gmt":"2024-10-06T15:02:14","guid":{"rendered":"http:\/\/dev.otorinoticino.ch\/?page_id=609"},"modified":"2024-10-17T04:48:12","modified_gmt":"2024-10-17T04:48:12","slug":"naso-ed-estetica-facciale","status":"publish","type":"page","link":"https:\/\/otorinoticino.ch\/de\/naso-ed-estetica-facciale\/","title":{"rendered":"Nase + Gesicht"},"content":{"rendered":"<div class=\"gb-container gb-container-91a56c38\">\n\n<h1 class=\"gb-headline gb-headline-845b527a gb-headline-text\">NASE UND \u00c4STHETISCHE GESICHTSCHIRURGIE<\/h1>\n\n\n\n<div class=\"d-flex justify-content-center mt-3 mb-3\" style=\"height: 3vh;\">\n    <svg preserveAspectRatio=\"xMidYMid meet\" width=\"25\" height=\"25\" viewBox=\"0 52.749 444 338.551\" xmlns=\"http:\/\/www.w3.org\/2000\/svg\" role=\"presentation\" aria-hidden=\"true\" aria-label=\"\">\n        <g>\n            <path d=\"M276.9 391.3h-1c-6.3-.5-11.5-4.7-13.6-10.4l-97.7-272.7L103 229.4c-2.6 5.2-7.8 8.4-14.1 8.4H15.7C6.8 237.7 0 231 0 222.1s6.8-15.7 15.7-15.7h63.7l74.2-145.2c2.6-5.7 8.9-8.9 15.2-8.4s11.5 4.7 13.6 10.4L279.5 336l61.6-121.2c2.6-5.2 7.8-8.4 14.1-8.4h73.1c8.9 0 15.7 6.8 15.7 15.7 0 8.9-6.8 15.7-15.7 15.7h-63.7L291 383c-2.6 5.2-8.4 8.3-14.1 8.3z\" fill=\"#006ad1\"><\/path>\n        <\/g>\n    <\/svg>\n<\/div>\n\n\n\n<p class=\"has-text-align-center has-text-color has-link-color wp-elements-2a9b9714f573e0989653d0747ad3f002\" style=\"color:#2f2b36;font-size:21px\">Alles rund um die Nase<\/p>\n\n\n\n<h3 class=\"gb-headline gb-headline-c8bddff0 gb-headline-text\">Ihre Beschwerden:<\/h3>\n\n\n\n<ul class=\"wp-block-list\">\n<li>Rezidivierende und chronische Nasennebenh\u00f6hlenentz\u00fcndungen<\/li>\n\n\n\n<li>Nasenpolypen<\/li>\n\n\n\n<li>Saisonale und ganzj\u00e4hrige allergische Rhinitis<\/li>\n\n\n\n<li>Toxische Rhinitis (Exposition gegen\u00fcber St\u00e4uben, D\u00e4mpfen usw.)<\/li>\n\n\n\n<li>Chronischer Schnupfen<\/li>\n\n\n\n<li>Chronische Erk\u00e4ltung<\/li>\n\n\n\n<li>Schleim und Schleim im hinteren Rachenraum<\/li>\n\n\n\n<li>Wiederkehrende Kopfschmerzen und Migr\u00e4ne (Stirn, Wangenknochen, um by \u201cdie Augen\u201d)<\/li>\n\n\n\n<li>Schwierigkeiten mit dem Druckausgleich (im Flugzeug, in den Bergen, unter Wasser)<\/li>\n\n\n\n<li>Husten, Asthma, rezidivierende Bronchitis<\/li>\n\n\n\n<li>Hyposmie (Geruchsst\u00f6rungen)<\/li>\n<\/ul>\n\n\n\n<h3 class=\"gb-headline gb-headline-f100d814 gb-headline-text\">Unser Angebot:<\/h3>\n\n\n\n<p><strong><br><\/strong><strong>Erweiterte klinische Untersuchung:<\/strong><\/p>\n\n\n\n<ul class=\"wp-block-list\">\n<li>Videoendoskopie der Nasenh\u00f6hle<\/li>\n\n\n\n<li>Beurteilung der Gesichtsharmonie und -symmetrie<\/li>\n\n\n\n<li>Funktionelle Beurteilung der Nasenatmung (Rhinomanometrie, Riechtest)<\/li>\n<\/ul>\n\n\n\n<p><strong>Konservative Therapie:<\/strong><\/p>\n\n\n\n<ul class=\"wp-block-list\">\n<li>Pflege der Schleimh\u00e4ute (Sp\u00fclungen)<\/li>\n\n\n\n<li>lokale (topische) und systemisch Therapie<\/li>\n\n\n\n<li>Immuntherapie<\/li>\n\n\n\n<li>Mikron\u00e4hrstofftherapie auf nat\u00fcrlicher Basis<\/li>\n\n\n\n<li>Phytotherapie<\/li>\n<\/ul>\n\n\n\n<p><strong>Chirurgische Therapie<\/strong>:<\/p>\n\n\n\n<ul class=\"wp-block-list\">\n<li>Turbinoplastik<\/li>\n\n\n\n<li>Septumplastik<\/li>\n\n\n\n<li>Endoskopische Nasennebenh\u00f6hlenchirurgie (chronische Nasennebenh\u00f6hlenentz\u00fcndung, Nasenpolypen, gutartige und b\u00f6sartige Neubildungen)<\/li>\n\n\n\n<li>Endoskopische Sch\u00e4delbasischirurgie<\/li>\n\n\n\n<li>: endoskopische Er\u00f6ffnung der Tr\u00e4nenkan\u00e4le (endoskopische Dacrocystorhinostomie)<\/li>\n\n\n\n<li>\u00c4sthetische Rhinoplastik<\/li>\n\n\n\n<li>Funktionelle Rhinoplastik<\/li>\n\n\n\n<li>Revisions-Rhinoplastik<\/li>\n\n\n\n<li>Rekonstruktion der Nase (nach Trauma oder Nasenkorrektur)<\/li>\n\n\n\n<li>Nicht-chirurgische Rhinoplastik: mit Filler<\/li>\n<\/ul>\n\n<\/div>\n\n<div class=\"gb-container gb-container-d5acc674\">\n\n<h2 class=\"gb-headline gb-headline-a071b335 gb-headline-text\"><strong>\u00c4STHETIK DES GESICHTS<path d=\"M276.9 391.3h-1c-6.3-.5-11.5-4.7-13.6-10.4l-97.7-272.7L103 229.4c-2.6 5.2-7.8 8.4-14.1 8.4H15.7C6.8 237.7 0 231 0 222.1s6.8-15.7 15.7-15.7h63.7l74.2-145.2c2.6-5.7 8.9-8.9 15.2-8.4s11.5 4.7 13.6 10.4L279.5 336l61.6-121.2c2.6-5.2 7.8-8.4 14.1-8.4h73.1c8.9 0 15.7 6.8 15.7 15.7 0 8.9-6.8 15.7-15.7 15.7h-63.7L291 383c-2.6 5.2-8.4 8.3-14.1 8.3z\" fill=\"#006ad1\" data-color=\"1\"><\/path><\/strong><div id=\"comp-lykbysxc1\" class=\"HcOXKn c9GqVL QxJLC3 lq2cno comp-lykbysxc1 wixui-rich-text\" data-testid=\"richTextElement\" style=\"background: transparent; border: 0px; margin: 0px 0px 42.7656px; padding: 0px; vertical-align: baseline; text-size-adjust: 100%; direction: var(--text-direction); min-height: 0px; min-width: 0px; mix-blend-mode: var(--blendMode,normal); overflow-wrap: break-word; pointer-events: none; text-align: start; text-shadow: var(--textOutline,0 0 transparent),var(--textShadow,0 0 transparent); --l_display: unset; height: auto; width: 723.234px; max-width: 99999px; max-height: 99999px; --comp-display: unset; display: var(--l_display,var(--display)); align-self: center; order: 3; position: relative; --blendMode: normal; --textShadow: 0px 0px transparent; --textOutline: 0px 0px transparent; --minFontSize: 20px; --textDecoration: none; --maxFontSize: 72px; --color: 0,0,0; --alpha-color: 1; --textAlign: center; --lineHeight: 1.2em; --fontSize: 20spx; --static-spx: 0.1 * var(--one-unit); font-family: Arial, Helvetica, sans-serif; font-size: 10px; font-weight: 400; white-space-collapse: collapse;\"><\/div><\/h2>\n\n\n\n<div class=\"d-flex justify-content-center mt-3 mb-3\" style=\"height: 3vh;\">\n    <svg preserveAspectRatio=\"xMidYMid meet\" width=\"25\" height=\"25\" viewBox=\"0 52.749 444 338.551\" xmlns=\"http:\/\/www.w3.org\/2000\/svg\" role=\"presentation\" aria-hidden=\"true\" aria-label=\"\">\n        <g>\n            <path d=\"M276.9 391.3h-1c-6.3-.5-11.5-4.7-13.6-10.4l-97.7-272.7L103 229.4c-2.6 5.2-7.8 8.4-14.1 8.4H15.7C6.8 237.7 0 231 0 222.1s6.8-15.7 15.7-15.7h63.7l74.2-145.2c2.6-5.7 8.9-8.9 15.2-8.4s11.5 4.7 13.6 10.4L279.5 336l61.6-121.2c2.6-5.2 7.8-8.4 14.1-8.4h73.1c8.9 0 15.7 6.8 15.7 15.7 0 8.9-6.8 15.7-15.7 15.7h-63.7L291 383c-2.6 5.2-8.4 8.3-14.1 8.3z\" fill=\"#006ad1\"><\/path>\n        <\/g>\n    <\/svg>\n<\/div>\n\n\n\n<p class=\"has-text-align-center has-text-color has-link-color wp-elements-615bdb7ad84e29ce8c078ab9504d79b4\" style=\"color:#2f2b36;font-size:21px\">Individualit\u00e4t und Harmonie<\/p>\n\n\n\n<h3 class=\"gb-headline gb-headline-1f823bc0 gb-headline-text\">Ihre W\u00fcnsche:<\/h3>\n\n\n\n<p>\u00c4sthetik ist das Streben nach Sch\u00f6nheit. Sch\u00f6nheit findet sich nicht in statischer und momentaner Perfektion, sondern in individueller und dynamischer Harmonie. Gemeinsam bewerten wir Ihre W\u00fcnsche, um Ihr Gesicht harmonischer und ausdrucksst\u00e4rker zu gestalten.<\/p>\n\n\n\n<h3 class=\"gb-headline gb-headline-9beeedbf gb-headline-text\">Unsere Leistungen:<\/h3>\n\n\n\n<ul class=\"wp-block-list\">\n<li>Offene oder geschlossene Rhinoplastik<\/li>\n\n\n\n<li>Blepharoplastik<\/li>\n\n\n\n<li>Straffung: der Haut (Lifting)<\/li>\n\n\n\n<li>Filler<\/li>\n\n\n\n<li>Botox<\/li>\n\n\n\n<li>Otoplastik<\/li>\n<\/ul>\n\n<\/div>","protected":false},"excerpt":{"rendered":"<p>NASE UND \u00c4STHETISCHE GESICHTSCHIRURGIE Alles rund um die Nase Ihre Beschwerden: Unser Angebot: Erweiterte klinische Untersuchung: Konservative Therapie: Chirurgische Therapie: \u00c4STHETIK DES GESICHTS Individualit\u00e4t und Harmonie Ihre W\u00fcnsche: \u00c4sthetik ist das Streben nach Sch\u00f6nheit. Sch\u00f6nheit findet sich nicht in statischer und momentaner Perfektion, sondern in individueller und dynamischer Harmonie. Gemeinsam bewerten wir Ihre W\u00fcnsche, um [&hellip;]<\/p>\n","protected":false},"author":1,"featured_media":0,"parent":0,"menu_order":0,"comment_status":"closed","ping_status":"closed","template":"content-template.php","meta":{"_acf_changed":false,"footnotes":""},"class_list":["post-609","page","type-page","status-publish","hentry"],"acf":[],"yoast_head":"<!-- This site is optimized with the Yoast SEO plugin v27.1.1 - https:\/\/yoast.com\/product\/yoast-seo-wordpress\/ -->\n<title>Nase: \u00c4sthetische und plastische Chirurgie, Lugano, Bellinzona | Studio Otorino Ticino<\/title>\n<meta name=\"description\" content=\"Die Nasenkorrektur ist eine der beliebtesten Leistungen im Bereich der Hals-Nasen-Ohrenheilkunde. Eine Nasenkorrektur im Studio Otorino Ticino ist eine Garantie f\u00fcr Ihre Sch\u00f6nheit und Ihr Wohlbefinden. Entdecken Sie die Preise f\u00fcr Nasenkorrekturen.\" \/>\n<meta name=\"robots\" content=\"index, follow, max-snippet:-1, max-image-preview:large, max-video-preview:-1\" \/>\n<link rel=\"canonical\" href=\"https:\/\/otorinoticino.ch\/de\/naso-ed-estetica-facciale\/\" \/>\n<meta property=\"og:locale\" content=\"de_DE\" \/>\n<meta property=\"og:type\" content=\"article\" \/>\n<meta property=\"og:title\" content=\"Nase: \u00c4sthetische und plastische Chirurgie, Lugano, Bellinzona | Studio Otorino Ticino\" \/>\n<meta property=\"og:description\" content=\"Die Nasenkorrektur ist eine der beliebtesten Leistungen im Bereich der Hals-Nasen-Ohrenheilkunde. Eine Nasenkorrektur im Studio Otorino Ticino ist eine Garantie f\u00fcr Ihre Sch\u00f6nheit und Ihr Wohlbefinden. Entdecken Sie die Preise f\u00fcr Nasenkorrekturen.\" \/>\n<meta property=\"og:url\" content=\"https:\/\/otorinoticino.ch\/de\/naso-ed-estetica-facciale\/\" \/>\n<meta property=\"og:site_name\" content=\"Studio OTORINO Ticino\" \/>\n<meta property=\"article:modified_time\" content=\"2024-10-17T04:48:12+00:00\" \/>\n<meta name=\"twitter:card\" content=\"summary_large_image\" \/>\n<meta name=\"twitter:label1\" content=\"Gesch\u00e4tzte Lesezeit\" \/>\n\t<meta name=\"twitter:data1\" content=\"1\u00a0Minute\" \/>\n<script type=\"application\/ld+json\" class=\"yoast-schema-graph\">{\"@context\":\"https:\/\/schema.org\",\"@graph\":[{\"@type\":\"WebPage\",\"@id\":\"https:\/\/otorinoticino.ch\/de\/naso-ed-estetica-facciale\/\",\"url\":\"https:\/\/otorinoticino.ch\/de\/naso-ed-estetica-facciale\/\",\"name\":\"Nase: \u00c4sthetische und plastische Chirurgie, Lugano, Bellinzona | Studio Otorino Ticino\",\"isPartOf\":{\"@id\":\"https:\/\/otorinoticino.ch\/de\/#website\"},\"datePublished\":\"2024-10-06T15:02:14+00:00\",\"dateModified\":\"2024-10-17T04:48:12+00:00\",\"description\":\"Die Nasenkorrektur ist eine der beliebtesten Leistungen im Bereich der Hals-Nasen-Ohrenheilkunde. Eine Nasenkorrektur im Studio Otorino Ticino ist eine Garantie f\u00fcr Ihre Sch\u00f6nheit und Ihr Wohlbefinden. Entdecken Sie die Preise f\u00fcr Nasenkorrekturen.\",\"breadcrumb\":{\"@id\":\"https:\/\/otorinoticino.ch\/de\/naso-ed-estetica-facciale\/#breadcrumb\"},\"inLanguage\":\"de\",\"potentialAction\":[{\"@type\":\"ReadAction\",\"target\":[\"https:\/\/otorinoticino.ch\/de\/naso-ed-estetica-facciale\/\"]}]},{\"@type\":\"BreadcrumbList\",\"@id\":\"https:\/\/otorinoticino.ch\/de\/naso-ed-estetica-facciale\/#breadcrumb\",\"itemListElement\":[{\"@type\":\"ListItem\",\"position\":1,\"name\":\"Home\",\"item\":\"https:\/\/otorinoticino.ch\/de\/\"},{\"@type\":\"ListItem\",\"position\":2,\"name\":\"Nase + Gesicht\"}]},{\"@type\":\"WebSite\",\"@id\":\"https:\/\/otorinoticino.ch\/de\/#website\",\"url\":\"https:\/\/otorinoticino.ch\/de\/\",\"name\":\"Studio OTORINO Ticino\",\"description\":\"\",\"publisher\":{\"@id\":\"https:\/\/otorinoticino.ch\/de\/#organization\"},\"potentialAction\":[{\"@type\":\"SearchAction\",\"target\":{\"@type\":\"EntryPoint\",\"urlTemplate\":\"https:\/\/otorinoticino.ch\/de\/?s={search_term_string}\"},\"query-input\":{\"@type\":\"PropertyValueSpecification\",\"valueRequired\":true,\"valueName\":\"search_term_string\"}}],\"inLanguage\":\"de\"},{\"@type\":\"Organization\",\"@id\":\"https:\/\/otorinoticino.ch\/de\/#organization\",\"name\":\"Studio OTORINO Ticino\",\"url\":\"https:\/\/otorinoticino.ch\/de\/\",\"logo\":{\"@type\":\"ImageObject\",\"inLanguage\":\"de\",\"@id\":\"https:\/\/otorinoticino.ch\/de\/#\/schema\/logo\/image\/\",\"url\":\"https:\/\/otorinoticino.ch\/wp-content\/uploads\/2024\/10\/cropped-logo.png\",\"contentUrl\":\"https:\/\/otorinoticino.ch\/wp-content\/uploads\/2024\/10\/cropped-logo.png\",\"width\":522,\"height\":278,\"caption\":\"Studio OTORINO Ticino\"},\"image\":{\"@id\":\"https:\/\/otorinoticino.ch\/de\/#\/schema\/logo\/image\/\"}}]}<\/script>\n<!-- \/ Yoast SEO plugin. -->","yoast_head_json":{"title":"Nase: \u00c4sthetische und plastische Chirurgie, Lugano, Bellinzona | Studio Otorino Ticino","description":"Die Nasenkorrektur ist eine der beliebtesten Leistungen im Bereich der Hals-Nasen-Ohrenheilkunde. Eine Nasenkorrektur im Studio Otorino Ticino ist eine Garantie f\u00fcr Ihre Sch\u00f6nheit und Ihr Wohlbefinden. Entdecken Sie die Preise f\u00fcr Nasenkorrekturen.","robots":{"index":"index","follow":"follow","max-snippet":"max-snippet:-1","max-image-preview":"max-image-preview:large","max-video-preview":"max-video-preview:-1"},"canonical":"https:\/\/otorinoticino.ch\/de\/naso-ed-estetica-facciale\/","og_locale":"de_DE","og_type":"article","og_title":"Nase: \u00c4sthetische und plastische Chirurgie, Lugano, Bellinzona | Studio Otorino Ticino","og_description":"Die Nasenkorrektur ist eine der beliebtesten Leistungen im Bereich der Hals-Nasen-Ohrenheilkunde. Eine Nasenkorrektur im Studio Otorino Ticino ist eine Garantie f\u00fcr Ihre Sch\u00f6nheit und Ihr Wohlbefinden. Entdecken Sie die Preise f\u00fcr Nasenkorrekturen.","og_url":"https:\/\/otorinoticino.ch\/de\/naso-ed-estetica-facciale\/","og_site_name":"Studio OTORINO Ticino","article_modified_time":"2024-10-17T04:48:12+00:00","twitter_card":"summary_large_image","twitter_misc":{"Gesch\u00e4tzte Lesezeit":"1\u00a0Minute"},"schema":{"@context":"https:\/\/schema.org","@graph":[{"@type":"WebPage","@id":"https:\/\/otorinoticino.ch\/de\/naso-ed-estetica-facciale\/","url":"https:\/\/otorinoticino.ch\/de\/naso-ed-estetica-facciale\/","name":"Nase: \u00c4sthetische und plastische Chirurgie, Lugano, Bellinzona | Studio Otorino Ticino","isPartOf":{"@id":"https:\/\/otorinoticino.ch\/de\/#website"},"datePublished":"2024-10-06T15:02:14+00:00","dateModified":"2024-10-17T04:48:12+00:00","description":"Die Nasenkorrektur ist eine der beliebtesten Leistungen im Bereich der Hals-Nasen-Ohrenheilkunde. Eine Nasenkorrektur im Studio Otorino Ticino ist eine Garantie f\u00fcr Ihre Sch\u00f6nheit und Ihr Wohlbefinden. Entdecken Sie die Preise f\u00fcr Nasenkorrekturen.","breadcrumb":{"@id":"https:\/\/otorinoticino.ch\/de\/naso-ed-estetica-facciale\/#breadcrumb"},"inLanguage":"de","potentialAction":[{"@type":"ReadAction","target":["https:\/\/otorinoticino.ch\/de\/naso-ed-estetica-facciale\/"]}]},{"@type":"BreadcrumbList","@id":"https:\/\/otorinoticino.ch\/de\/naso-ed-estetica-facciale\/#breadcrumb","itemListElement":[{"@type":"ListItem","position":1,"name":"Home","item":"https:\/\/otorinoticino.ch\/de\/"},{"@type":"ListItem","position":2,"name":"Nase + Gesicht"}]},{"@type":"WebSite","@id":"https:\/\/otorinoticino.ch\/de\/#website","url":"https:\/\/otorinoticino.ch\/de\/","name":"Studio OTORINO Ticino","description":"","publisher":{"@id":"https:\/\/otorinoticino.ch\/de\/#organization"},"potentialAction":[{"@type":"SearchAction","target":{"@type":"EntryPoint","urlTemplate":"https:\/\/otorinoticino.ch\/de\/?s={search_term_string}"},"query-input":{"@type":"PropertyValueSpecification","valueRequired":true,"valueName":"search_term_string"}}],"inLanguage":"de"},{"@type":"Organization","@id":"https:\/\/otorinoticino.ch\/de\/#organization","name":"Studio OTORINO Ticino","url":"https:\/\/otorinoticino.ch\/de\/","logo":{"@type":"ImageObject","inLanguage":"de","@id":"https:\/\/otorinoticino.ch\/de\/#\/schema\/logo\/image\/","url":"https:\/\/otorinoticino.ch\/wp-content\/uploads\/2024\/10\/cropped-logo.png","contentUrl":"https:\/\/otorinoticino.ch\/wp-content\/uploads\/2024\/10\/cropped-logo.png","width":522,"height":278,"caption":"Studio OTORINO Ticino"},"image":{"@id":"https:\/\/otorinoticino.ch\/de\/#\/schema\/logo\/image\/"}}]}},"_links":{"self":[{"href":"https:\/\/otorinoticino.ch\/de\/wp-json\/wp\/v2\/pages\/609","targetHints":{"allow":["GET"]}}],"collection":[{"href":"https:\/\/otorinoticino.ch\/de\/wp-json\/wp\/v2\/pages"}],"about":[{"href":"https:\/\/otorinoticino.ch\/de\/wp-json\/wp\/v2\/types\/page"}],"author":[{"embeddable":true,"href":"https:\/\/otorinoticino.ch\/de\/wp-json\/wp\/v2\/users\/1"}],"replies":[{"embeddable":true,"href":"https:\/\/otorinoticino.ch\/de\/wp-json\/wp\/v2\/comments?post=609"}],"version-history":[{"count":2,"href":"https:\/\/otorinoticino.ch\/de\/wp-json\/wp\/v2\/pages\/609\/revisions"}],"predecessor-version":[{"id":1119,"href":"https:\/\/otorinoticino.ch\/de\/wp-json\/wp\/v2\/pages\/609\/revisions\/1119"}],"wp:attachment":[{"href":"https:\/\/otorinoticino.ch\/de\/wp-json\/wp\/v2\/media?parent=609"}],"curies":[{"name":"wp","href":"https:\/\/api.w.org\/{rel}","templated":true}]}}