{"id":573,"date":"2024-10-06T15:08:12","date_gmt":"2024-10-06T15:08:12","guid":{"rendered":"http:\/\/dev.otorinoticino.ch\/?page_id=573"},"modified":"2024-10-17T04:54:35","modified_gmt":"2024-10-17T04:54:35","slug":"gola-e-laringe","status":"publish","type":"page","link":"https:\/\/otorinoticino.ch\/de\/gola-e-laringe\/","title":{"rendered":"Kehlkopf und Rachen"},"content":{"rendered":"<div class=\"gb-container gb-container-91a56c38\">\n\n<h1 class=\"gb-headline gb-headline-845b527a gb-headline-text\">RACHEN UND KEHLKOPF<\/h1>\n\n\n\n<div class=\"d-flex justify-content-center mt-3 mb-3\" style=\"height: 3vh;\">\n    <svg preserveAspectRatio=\"xMidYMid meet\" width=\"25\" height=\"25\" viewBox=\"0 52.749 444 338.551\" xmlns=\"http:\/\/www.w3.org\/2000\/svg\" role=\"presentation\" aria-hidden=\"true\" aria-label=\"\">\n        <g>\n            <path d=\"M276.9 391.3h-1c-6.3-.5-11.5-4.7-13.6-10.4l-97.7-272.7L103 229.4c-2.6 5.2-7.8 8.4-14.1 8.4H15.7C6.8 237.7 0 231 0 222.1s6.8-15.7 15.7-15.7h63.7l74.2-145.2c2.6-5.7 8.9-8.9 15.2-8.4s11.5 4.7 13.6 10.4L279.5 336l61.6-121.2c2.6-5.2 7.8-8.4 14.1-8.4h73.1c8.9 0 15.7 6.8 15.7 15.7 0 8.9-6.8 15.7-15.7 15.7h-63.7L291 383c-2.6 5.2-8.4 8.3-14.1 8.3z\" fill=\"#006ad1\"><\/path>\n        <\/g>\n    <\/svg>\n<\/div>\n\n\n\n<p class=\"has-text-align-center has-text-color has-link-color wp-elements-5f0db6cfe6f92dde0289de8bc237f64e\" style=\"color:#2f2b36;font-size:21px\">Ein sensibles Organ mit lebenswichtigen Funktionen<\/p>\n\n\n\n<h2 class=\"gb-headline gb-headline-c8bddff0 gb-headline-text\">Ihre Beschwerden:<\/h2>\n\n\n\n<ul class=\"wp-block-list\">\n<li>Halsentz\u00fcndung<\/li>\n\n\n\n<li>Globusgef\u00fchl (Klos im Hals), Brennen und Kratzen im Hals<\/li>\n\n\n\n<li>Rezidivierende Infektionen<\/li>\n\n\n\n<li>Wiederkehrende Mandelentz\u00fcndungen<\/li>\n\n\n\n<li>Wiederkehrende Aphthen<\/li>\n\n\n\n<li>Schluckst\u00f6rungen (Dysphagie)<\/li>\n\n\n\n<li>Heiserkeit (Dysphonie)<\/li>\n\n\n\n<li>Stimmbandkn\u00f6tchen<\/li>\n\n\n\n<li>Schlafst\u00f6rungen, Schnarchen Ronchopathie<\/li>\n\n\n\n<li>Rezidivierender oder chronischer Husten<\/li>\n\n\n\n<li>Divertikel (Zenker)<\/li>\n\n\n\n<li>Zyste und Papillom<\/li>\n\n\n\n<li>Mundgeruch, schlechter Atem<\/li>\n\n\n\n<li>Verdacht auf Neoplasie und Krebs im Rachenraum<\/li>\n<\/ul>\n\n\n\n<h2 class=\"gb-headline gb-headline-f100d814 gb-headline-text\">Unsere Leistungen:<\/h2>\n\n\n\n<p><strong>Konservative Therapie:<\/strong><\/p>\n\n\n\n<ul class=\"wp-block-list\">\n<li>Medikament\u00f6se Therapie<\/li>\n\n\n\n<li>Logop\u00e4die oder Physiotherapie<\/li>\n<\/ul>\n\n\n\n<p><strong>Chirurgische Therapie<\/strong>:<\/p>\n\n\n\n<ul class=\"wp-block-list\">\n<li>Entfernung von gutartigen und b\u00f6sartigen L\u00e4sionen<\/li>\n\n\n\n<li>Tonsillektomie und Adenotomie<\/li>\n\n\n\n<li>Uvulopalatopharyngoplastik (UPPP) bei Schnarchen und Schlafapnoe<\/li>\n\n\n\n<li>Mikrochirurgie des Kehlkopfes<\/li>\n\n\n\n<li>Entfernung von Zysten und Divertikeln (Zenker)<\/li>\n\n\n\n<li>Panendoskopie (Bronchoskopie, \u00d6sophagoskopie und Laryngoskopie)<\/li>\n\n\n\n<li>Onkologische und rekonstruktive Chirurgie des Pharynx und Larynx<\/li>\n<\/ul>\n\n<\/div>","protected":false},"excerpt":{"rendered":"<p>RACHEN UND KEHLKOPF Ein sensibles Organ mit lebenswichtigen Funktionen Ihre Beschwerden: Unsere Leistungen: Konservative Therapie: Chirurgische Therapie:<\/p>\n","protected":false},"author":1,"featured_media":0,"parent":0,"menu_order":0,"comment_status":"closed","ping_status":"closed","template":"content-template.php","meta":{"_acf_changed":false,"footnotes":""},"class_list":["post-573","page","type-page","status-publish","hentry"],"acf":[],"yoast_head":"<!-- This site is optimized with the Yoast SEO plugin v27.1.1 - https:\/\/yoast.com\/product\/yoast-seo-wordpress\/ -->\n<title>Hals- und Kehlkopfprobleme: Otorhinolaryngologische Untersuchung, Lugano, Bellinzona | Studio Otorino Ticino<\/title>\n<meta name=\"description\" content=\"Wenden Sie sich an die Spezialisten des Studio Otorino, um alle Probleme des Kehlkopfs und des Rachens zu l\u00f6sen, die f\u00fcr das Schlucken und die Stimme verantwortlich sind. Die gesamte Palette der HNO-Leistungen, einschlie\u00dflich Tonsillektomie. Entdecken Sie die Preise der Gesichtschirurgie im Tessin.\" \/>\n<meta name=\"robots\" content=\"index, follow, max-snippet:-1, max-image-preview:large, max-video-preview:-1\" \/>\n<link rel=\"canonical\" href=\"https:\/\/otorinoticino.ch\/de\/gola-e-laringe\/\" \/>\n<meta property=\"og:locale\" content=\"de_DE\" \/>\n<meta property=\"og:type\" content=\"article\" \/>\n<meta property=\"og:title\" content=\"Hals- und Kehlkopfprobleme: Otorhinolaryngologische Untersuchung, Lugano, Bellinzona | Studio Otorino Ticino\" \/>\n<meta property=\"og:description\" content=\"Wenden Sie sich an die Spezialisten des Studio Otorino, um alle Probleme des Kehlkopfs und des Rachens zu l\u00f6sen, die f\u00fcr das Schlucken und die Stimme verantwortlich sind. Die gesamte Palette der HNO-Leistungen, einschlie\u00dflich Tonsillektomie. Entdecken Sie die Preise der Gesichtschirurgie im Tessin.\" \/>\n<meta property=\"og:url\" content=\"https:\/\/otorinoticino.ch\/de\/gola-e-laringe\/\" \/>\n<meta property=\"og:site_name\" content=\"Studio OTORINO Ticino\" \/>\n<meta property=\"article:modified_time\" content=\"2024-10-17T04:54:35+00:00\" \/>\n<meta name=\"twitter:card\" content=\"summary_large_image\" \/>\n<meta name=\"twitter:label1\" content=\"Gesch\u00e4tzte Lesezeit\" \/>\n\t<meta name=\"twitter:data1\" content=\"1\u00a0Minute\" \/>\n<script type=\"application\/ld+json\" class=\"yoast-schema-graph\">{\"@context\":\"https:\/\/schema.org\",\"@graph\":[{\"@type\":\"WebPage\",\"@id\":\"https:\/\/otorinoticino.ch\/de\/gola-e-laringe\/\",\"url\":\"https:\/\/otorinoticino.ch\/de\/gola-e-laringe\/\",\"name\":\"Hals- und Kehlkopfprobleme: Otorhinolaryngologische Untersuchung, Lugano, Bellinzona | Studio Otorino Ticino\",\"isPartOf\":{\"@id\":\"https:\/\/otorinoticino.ch\/de\/#website\"},\"datePublished\":\"2024-10-06T15:08:12+00:00\",\"dateModified\":\"2024-10-17T04:54:35+00:00\",\"description\":\"Wenden Sie sich an die Spezialisten des Studio Otorino, um alle Probleme des Kehlkopfs und des Rachens zu l\u00f6sen, die f\u00fcr das Schlucken und die Stimme verantwortlich sind. Die gesamte Palette der HNO-Leistungen, einschlie\u00dflich Tonsillektomie. Entdecken Sie die Preise der Gesichtschirurgie im Tessin.\",\"breadcrumb\":{\"@id\":\"https:\/\/otorinoticino.ch\/de\/gola-e-laringe\/#breadcrumb\"},\"inLanguage\":\"de\",\"potentialAction\":[{\"@type\":\"ReadAction\",\"target\":[\"https:\/\/otorinoticino.ch\/de\/gola-e-laringe\/\"]}]},{\"@type\":\"BreadcrumbList\",\"@id\":\"https:\/\/otorinoticino.ch\/de\/gola-e-laringe\/#breadcrumb\",\"itemListElement\":[{\"@type\":\"ListItem\",\"position\":1,\"name\":\"Home\",\"item\":\"https:\/\/otorinoticino.ch\/de\/\"},{\"@type\":\"ListItem\",\"position\":2,\"name\":\"Kehlkopf und Rachen\"}]},{\"@type\":\"WebSite\",\"@id\":\"https:\/\/otorinoticino.ch\/de\/#website\",\"url\":\"https:\/\/otorinoticino.ch\/de\/\",\"name\":\"Studio OTORINO Ticino\",\"description\":\"\",\"publisher\":{\"@id\":\"https:\/\/otorinoticino.ch\/de\/#organization\"},\"potentialAction\":[{\"@type\":\"SearchAction\",\"target\":{\"@type\":\"EntryPoint\",\"urlTemplate\":\"https:\/\/otorinoticino.ch\/de\/?s={search_term_string}\"},\"query-input\":{\"@type\":\"PropertyValueSpecification\",\"valueRequired\":true,\"valueName\":\"search_term_string\"}}],\"inLanguage\":\"de\"},{\"@type\":\"Organization\",\"@id\":\"https:\/\/otorinoticino.ch\/de\/#organization\",\"name\":\"Studio OTORINO Ticino\",\"url\":\"https:\/\/otorinoticino.ch\/de\/\",\"logo\":{\"@type\":\"ImageObject\",\"inLanguage\":\"de\",\"@id\":\"https:\/\/otorinoticino.ch\/de\/#\/schema\/logo\/image\/\",\"url\":\"https:\/\/otorinoticino.ch\/wp-content\/uploads\/2024\/10\/cropped-logo.png\",\"contentUrl\":\"https:\/\/otorinoticino.ch\/wp-content\/uploads\/2024\/10\/cropped-logo.png\",\"width\":522,\"height\":278,\"caption\":\"Studio OTORINO Ticino\"},\"image\":{\"@id\":\"https:\/\/otorinoticino.ch\/de\/#\/schema\/logo\/image\/\"}}]}<\/script>\n<!-- \/ Yoast SEO plugin. -->","yoast_head_json":{"title":"Hals- und Kehlkopfprobleme: Otorhinolaryngologische Untersuchung, Lugano, Bellinzona | Studio Otorino Ticino","description":"Wenden Sie sich an die Spezialisten des Studio Otorino, um alle Probleme des Kehlkopfs und des Rachens zu l\u00f6sen, die f\u00fcr das Schlucken und die Stimme verantwortlich sind. Die gesamte Palette der HNO-Leistungen, einschlie\u00dflich Tonsillektomie. Entdecken Sie die Preise der Gesichtschirurgie im Tessin.","robots":{"index":"index","follow":"follow","max-snippet":"max-snippet:-1","max-image-preview":"max-image-preview:large","max-video-preview":"max-video-preview:-1"},"canonical":"https:\/\/otorinoticino.ch\/de\/gola-e-laringe\/","og_locale":"de_DE","og_type":"article","og_title":"Hals- und Kehlkopfprobleme: Otorhinolaryngologische Untersuchung, Lugano, Bellinzona | Studio Otorino Ticino","og_description":"Wenden Sie sich an die Spezialisten des Studio Otorino, um alle Probleme des Kehlkopfs und des Rachens zu l\u00f6sen, die f\u00fcr das Schlucken und die Stimme verantwortlich sind. Die gesamte Palette der HNO-Leistungen, einschlie\u00dflich Tonsillektomie. Entdecken Sie die Preise der Gesichtschirurgie im Tessin.","og_url":"https:\/\/otorinoticino.ch\/de\/gola-e-laringe\/","og_site_name":"Studio OTORINO Ticino","article_modified_time":"2024-10-17T04:54:35+00:00","twitter_card":"summary_large_image","twitter_misc":{"Gesch\u00e4tzte Lesezeit":"1\u00a0Minute"},"schema":{"@context":"https:\/\/schema.org","@graph":[{"@type":"WebPage","@id":"https:\/\/otorinoticino.ch\/de\/gola-e-laringe\/","url":"https:\/\/otorinoticino.ch\/de\/gola-e-laringe\/","name":"Hals- und Kehlkopfprobleme: Otorhinolaryngologische Untersuchung, Lugano, Bellinzona | Studio Otorino Ticino","isPartOf":{"@id":"https:\/\/otorinoticino.ch\/de\/#website"},"datePublished":"2024-10-06T15:08:12+00:00","dateModified":"2024-10-17T04:54:35+00:00","description":"Wenden Sie sich an die Spezialisten des Studio Otorino, um alle Probleme des Kehlkopfs und des Rachens zu l\u00f6sen, die f\u00fcr das Schlucken und die Stimme verantwortlich sind. Die gesamte Palette der HNO-Leistungen, einschlie\u00dflich Tonsillektomie. Entdecken Sie die Preise der Gesichtschirurgie im Tessin.","breadcrumb":{"@id":"https:\/\/otorinoticino.ch\/de\/gola-e-laringe\/#breadcrumb"},"inLanguage":"de","potentialAction":[{"@type":"ReadAction","target":["https:\/\/otorinoticino.ch\/de\/gola-e-laringe\/"]}]},{"@type":"BreadcrumbList","@id":"https:\/\/otorinoticino.ch\/de\/gola-e-laringe\/#breadcrumb","itemListElement":[{"@type":"ListItem","position":1,"name":"Home","item":"https:\/\/otorinoticino.ch\/de\/"},{"@type":"ListItem","position":2,"name":"Kehlkopf und Rachen"}]},{"@type":"WebSite","@id":"https:\/\/otorinoticino.ch\/de\/#website","url":"https:\/\/otorinoticino.ch\/de\/","name":"Studio OTORINO Ticino","description":"","publisher":{"@id":"https:\/\/otorinoticino.ch\/de\/#organization"},"potentialAction":[{"@type":"SearchAction","target":{"@type":"EntryPoint","urlTemplate":"https:\/\/otorinoticino.ch\/de\/?s={search_term_string}"},"query-input":{"@type":"PropertyValueSpecification","valueRequired":true,"valueName":"search_term_string"}}],"inLanguage":"de"},{"@type":"Organization","@id":"https:\/\/otorinoticino.ch\/de\/#organization","name":"Studio OTORINO Ticino","url":"https:\/\/otorinoticino.ch\/de\/","logo":{"@type":"ImageObject","inLanguage":"de","@id":"https:\/\/otorinoticino.ch\/de\/#\/schema\/logo\/image\/","url":"https:\/\/otorinoticino.ch\/wp-content\/uploads\/2024\/10\/cropped-logo.png","contentUrl":"https:\/\/otorinoticino.ch\/wp-content\/uploads\/2024\/10\/cropped-logo.png","width":522,"height":278,"caption":"Studio OTORINO Ticino"},"image":{"@id":"https:\/\/otorinoticino.ch\/de\/#\/schema\/logo\/image\/"}}]}},"_links":{"self":[{"href":"https:\/\/otorinoticino.ch\/de\/wp-json\/wp\/v2\/pages\/573","targetHints":{"allow":["GET"]}}],"collection":[{"href":"https:\/\/otorinoticino.ch\/de\/wp-json\/wp\/v2\/pages"}],"about":[{"href":"https:\/\/otorinoticino.ch\/de\/wp-json\/wp\/v2\/types\/page"}],"author":[{"embeddable":true,"href":"https:\/\/otorinoticino.ch\/de\/wp-json\/wp\/v2\/users\/1"}],"replies":[{"embeddable":true,"href":"https:\/\/otorinoticino.ch\/de\/wp-json\/wp\/v2\/comments?post=573"}],"version-history":[{"count":2,"href":"https:\/\/otorinoticino.ch\/de\/wp-json\/wp\/v2\/pages\/573\/revisions"}],"predecessor-version":[{"id":1123,"href":"https:\/\/otorinoticino.ch\/de\/wp-json\/wp\/v2\/pages\/573\/revisions\/1123"}],"wp:attachment":[{"href":"https:\/\/otorinoticino.ch\/de\/wp-json\/wp\/v2\/media?parent=573"}],"curies":[{"name":"wp","href":"https:\/\/api.w.org\/{rel}","templated":true}]}}