{"id":544,"date":"2024-10-07T03:03:11","date_gmt":"2024-10-07T03:03:11","guid":{"rendered":"http:\/\/dev.otorinoticino.ch\/hals-und-schilddruese\/"},"modified":"2024-10-17T04:57:17","modified_gmt":"2024-10-17T04:57:17","slug":"collo-e-tiroide","status":"publish","type":"page","link":"https:\/\/otorinoticino.ch\/de\/collo-e-tiroide\/","title":{"rendered":"Hals und Schilddr\u00fcse"},"content":{"rendered":"<div class=\"gb-container gb-container-91a56c38\">\n\n<h1 class=\"gb-headline gb-headline-845b527a gb-headline-text\">HALS UND SCHILDDR\u00dcSE<\/h1>\n\n\n\n<div class=\"d-flex justify-content-center mt-3 mb-3\" style=\"height: 3vh;\">\r\n    <svg preserveaspectratio=\"xMidYMid meet\" width=\"25\" height=\"25\" viewbox=\"0 52.749 444 338.551\" xmlns=\"http:\/\/www.w3.org\/2000\/svg\" role=\"presentation\" aria-hidden=\"true\" aria-label=\"\">\r\n        <g>\r\n            <path d=\"M276.9 391.3h-1c-6.3-.5-11.5-4.7-13.6-10.4l-97.7-272.7L103 229.4c-2.6 5.2-7.8 8.4-14.1 8.4H15.7C6.8 237.7 0 231 0 222.1s6.8-15.7 15.7-15.7h63.7l74.2-145.2c2.6-5.7 8.9-8.9 15.2-8.4s11.5 4.7 13.6 10.4L279.5 336l61.6-121.2c2.6-5.2 7.8-8.4 14.1-8.4h73.1c8.9 0 15.7 6.8 15.7 15.7 0 8.9-6.8 15.7-15.7 15.7h-63.7L291 383c-2.6 5.2-8.4 8.3-14.1 8.3z\" fill=\"#006ad1\"><\/path>\r\n        <\/g>\r\n    <\/svg>\r\n<\/div>\n\n\n\n<p class=\"has-text-align-center has-text-color has-link-color wp-elements-929d351eb3c1cbafa105a1f41a32120a\" style=\"color:#2f2b36;font-size:21px\">Kopf- und Hals-Chirurgie<\/p>\n\n\n\n<h2 class=\"gb-headline gb-headline-c8bddff0 gb-headline-text\">Ihre Beschwerden:<\/h2>\n\n\n\n<ul class=\"wp-block-list\">\n<li>Tumore und Neoplasien der Haut<\/li>\n\n\n\n<li>Halszysten<\/li>\n\n\n\n<li>Halsabszesse<\/li>\n\n\n\n<li>Vergr\u00f6\u00dferte Lymphknoten<\/li>\n\n\n\n<li>Tumore und Neubildungen aller Art im Halsbereich<\/li>\n\n\n\n<li>Schilddr\u00fcsenzysten und Schilddr\u00fcsenknoten (Struma)<\/li>\n\n\n\n<li>Akute oder chronische Schilddr\u00fcsenentz\u00fcndung<\/li>\n\n\n\n<li>B\u00f6sartige Schilddr\u00fcsentumore<\/li>\n\n\n\n<li>Adenome und Neubildungen der Speicheldr\u00fcsen (Parotis, Submandibularis)<\/li>\n\n\n\n<li>Akute oder chronische Entz\u00fcndung der Speicheldr\u00fcsen (Sialadenitis)<\/li>\n\n\n\n<li>Speichelsteinbildung (Sialolithiasis)<\/li>\n<\/ul>\n\n\n\n<h2 class=\"gb-headline gb-headline-f100d814 gb-headline-text\">\u200bUnsere Dienstleistungen:<\/h2>\n\n\n\n<p><strong>Diagnostisches Angebot:\u200b<\/strong><\/p>\n\n\n\n<ul class=\"wp-block-list\">\n<li>Erweiterte klinische Untersuchung<\/li>\n\n\n\n<li>Flexible Endoskopie<\/li>\n\n\n\n<li>Ultraschalluntersuchung des Halses<\/li>\n\n\n\n<li>Echographie der Schilddr\u00fcse<\/li>\n\n\n\n<li>Biopsie oder Ultraschallnadelaspiration (PAF)<\/li>\n\n\n\n<li>Blutentnahme<\/li>\n<\/ul>\n\n\n\n<p><strong>Therapie von gutartigen und b\u00f6sartigen Tumoren:<\/strong>\u200b<\/p>\n\n\n\n<ul class=\"wp-block-list\">\n<li>Submandibulektomie<\/li>\n\n\n\n<li>Parotidektomie<\/li>\n\n\n\n<li>Explorative Zervikotomie<\/li>\n\n\n\n<li>Hemithyreoidektomie<\/li>\n\n\n\n<li>Totale Thyreoidektomie<\/li>\n\n\n\n<li>Panendoskopie (Bronchoskopie und \u00d6sophagoskopie)<\/li>\n\n\n\n<li>Onkologische HNO-Chirurgie<\/li>\n\n\n\n<li>Partielle oder radikale Lymphknotendissektion (Neck Dissection)<\/li>\n\n\n\n<li>Rekonstruktion mit Haut- und Muskellappen<\/li>\n\n\n\n<li>Interdisziplin\u00e4re Zusammenarbeit mit anderen Fach\u00e4rzten und universit\u00e4ren Zentren<\/li>\n<\/ul>\n\n<\/div>","protected":false},"excerpt":{"rendered":"<p>HALS UND SCHILDDR\u00dcSE Kopf- und Hals-Chirurgie Ihre Beschwerden: \u200bUnsere Dienstleistungen: Diagnostisches Angebot:\u200b Therapie von gutartigen und b\u00f6sartigen Tumoren:\u200b<\/p>\n","protected":false},"author":1,"featured_media":0,"parent":0,"menu_order":0,"comment_status":"closed","ping_status":"closed","template":"content-template.php","meta":{"_acf_changed":false,"footnotes":""},"class_list":["post-544","page","type-page","status-publish","hentry"],"acf":[],"yoast_head":"<!-- This site is optimized with the Yoast SEO plugin v27.1.1 - https:\/\/yoast.com\/product\/yoast-seo-wordpress\/ -->\n<title>Schilddr\u00fcse und Hals: Schilddr\u00fcsentherapie und -chirurgie, Lugano, Bellinzona | Studio Otorino Ticino<\/title>\n<meta name=\"description\" content=\"Die Gesundheit der Schilddr\u00fcse ist die Grundlage f\u00fcr das Wohlbefinden des gesamten K\u00f6rpers. Entdecken Sie das gesamte Leistungsspektrum zur Diagnose und Behandlung von Schilddr\u00fcsenerkrankungen in der Klinik f\u00fcr Hals-, Nasen- und Ohrenheilkunde im Tessin. Die besten Preise f\u00fcr plastische Chirurgie.\" \/>\n<meta name=\"robots\" content=\"index, follow, max-snippet:-1, max-image-preview:large, max-video-preview:-1\" \/>\n<link rel=\"canonical\" href=\"https:\/\/otorinoticino.ch\/de\/collo-e-tiroide\/\" \/>\n<meta property=\"og:locale\" content=\"de_DE\" \/>\n<meta property=\"og:type\" content=\"article\" \/>\n<meta property=\"og:title\" content=\"Schilddr\u00fcse und Hals: Schilddr\u00fcsentherapie und -chirurgie, Lugano, Bellinzona | Studio Otorino Ticino\" \/>\n<meta property=\"og:description\" content=\"Die Gesundheit der Schilddr\u00fcse ist die Grundlage f\u00fcr das Wohlbefinden des gesamten K\u00f6rpers. Entdecken Sie das gesamte Leistungsspektrum zur Diagnose und Behandlung von Schilddr\u00fcsenerkrankungen in der Klinik f\u00fcr Hals-, Nasen- und Ohrenheilkunde im Tessin. Die besten Preise f\u00fcr plastische Chirurgie.\" \/>\n<meta property=\"og:url\" content=\"https:\/\/otorinoticino.ch\/de\/collo-e-tiroide\/\" \/>\n<meta property=\"og:site_name\" content=\"Studio OTORINO Ticino\" \/>\n<meta property=\"article:modified_time\" content=\"2024-10-17T04:57:17+00:00\" \/>\n<meta name=\"twitter:card\" content=\"summary_large_image\" \/>\n<meta name=\"twitter:label1\" content=\"Gesch\u00e4tzte Lesezeit\" \/>\n\t<meta name=\"twitter:data1\" content=\"1\u00a0Minute\" \/>\n<script type=\"application\/ld+json\" class=\"yoast-schema-graph\">{\"@context\":\"https:\/\/schema.org\",\"@graph\":[{\"@type\":\"WebPage\",\"@id\":\"https:\/\/otorinoticino.ch\/de\/collo-e-tiroide\/\",\"url\":\"https:\/\/otorinoticino.ch\/de\/collo-e-tiroide\/\",\"name\":\"Schilddr\u00fcse und Hals: Schilddr\u00fcsentherapie und -chirurgie, Lugano, Bellinzona | Studio Otorino Ticino\",\"isPartOf\":{\"@id\":\"https:\/\/otorinoticino.ch\/de\/#website\"},\"datePublished\":\"2024-10-07T03:03:11+00:00\",\"dateModified\":\"2024-10-17T04:57:17+00:00\",\"description\":\"Die Gesundheit der Schilddr\u00fcse ist die Grundlage f\u00fcr das Wohlbefinden des gesamten K\u00f6rpers. Entdecken Sie das gesamte Leistungsspektrum zur Diagnose und Behandlung von Schilddr\u00fcsenerkrankungen in der Klinik f\u00fcr Hals-, Nasen- und Ohrenheilkunde im Tessin. Die besten Preise f\u00fcr plastische Chirurgie.\",\"breadcrumb\":{\"@id\":\"https:\/\/otorinoticino.ch\/de\/collo-e-tiroide\/#breadcrumb\"},\"inLanguage\":\"de\",\"potentialAction\":[{\"@type\":\"ReadAction\",\"target\":[\"https:\/\/otorinoticino.ch\/de\/collo-e-tiroide\/\"]}]},{\"@type\":\"BreadcrumbList\",\"@id\":\"https:\/\/otorinoticino.ch\/de\/collo-e-tiroide\/#breadcrumb\",\"itemListElement\":[{\"@type\":\"ListItem\",\"position\":1,\"name\":\"Home\",\"item\":\"https:\/\/otorinoticino.ch\/de\/\"},{\"@type\":\"ListItem\",\"position\":2,\"name\":\"Hals und Schilddr\u00fcse\"}]},{\"@type\":\"WebSite\",\"@id\":\"https:\/\/otorinoticino.ch\/de\/#website\",\"url\":\"https:\/\/otorinoticino.ch\/de\/\",\"name\":\"Studio OTORINO Ticino\",\"description\":\"\",\"publisher\":{\"@id\":\"https:\/\/otorinoticino.ch\/de\/#organization\"},\"potentialAction\":[{\"@type\":\"SearchAction\",\"target\":{\"@type\":\"EntryPoint\",\"urlTemplate\":\"https:\/\/otorinoticino.ch\/de\/?s={search_term_string}\"},\"query-input\":{\"@type\":\"PropertyValueSpecification\",\"valueRequired\":true,\"valueName\":\"search_term_string\"}}],\"inLanguage\":\"de\"},{\"@type\":\"Organization\",\"@id\":\"https:\/\/otorinoticino.ch\/de\/#organization\",\"name\":\"Studio OTORINO Ticino\",\"url\":\"https:\/\/otorinoticino.ch\/de\/\",\"logo\":{\"@type\":\"ImageObject\",\"inLanguage\":\"de\",\"@id\":\"https:\/\/otorinoticino.ch\/de\/#\/schema\/logo\/image\/\",\"url\":\"https:\/\/otorinoticino.ch\/wp-content\/uploads\/2024\/10\/cropped-logo.png\",\"contentUrl\":\"https:\/\/otorinoticino.ch\/wp-content\/uploads\/2024\/10\/cropped-logo.png\",\"width\":522,\"height\":278,\"caption\":\"Studio OTORINO Ticino\"},\"image\":{\"@id\":\"https:\/\/otorinoticino.ch\/de\/#\/schema\/logo\/image\/\"}}]}<\/script>\n<!-- \/ Yoast SEO plugin. -->","yoast_head_json":{"title":"Schilddr\u00fcse und Hals: Schilddr\u00fcsentherapie und -chirurgie, Lugano, Bellinzona | Studio Otorino Ticino","description":"Die Gesundheit der Schilddr\u00fcse ist die Grundlage f\u00fcr das Wohlbefinden des gesamten K\u00f6rpers. Entdecken Sie das gesamte Leistungsspektrum zur Diagnose und Behandlung von Schilddr\u00fcsenerkrankungen in der Klinik f\u00fcr Hals-, Nasen- und Ohrenheilkunde im Tessin. Die besten Preise f\u00fcr plastische Chirurgie.","robots":{"index":"index","follow":"follow","max-snippet":"max-snippet:-1","max-image-preview":"max-image-preview:large","max-video-preview":"max-video-preview:-1"},"canonical":"https:\/\/otorinoticino.ch\/de\/collo-e-tiroide\/","og_locale":"de_DE","og_type":"article","og_title":"Schilddr\u00fcse und Hals: Schilddr\u00fcsentherapie und -chirurgie, Lugano, Bellinzona | Studio Otorino Ticino","og_description":"Die Gesundheit der Schilddr\u00fcse ist die Grundlage f\u00fcr das Wohlbefinden des gesamten K\u00f6rpers. Entdecken Sie das gesamte Leistungsspektrum zur Diagnose und Behandlung von Schilddr\u00fcsenerkrankungen in der Klinik f\u00fcr Hals-, Nasen- und Ohrenheilkunde im Tessin. Die besten Preise f\u00fcr plastische Chirurgie.","og_url":"https:\/\/otorinoticino.ch\/de\/collo-e-tiroide\/","og_site_name":"Studio OTORINO Ticino","article_modified_time":"2024-10-17T04:57:17+00:00","twitter_card":"summary_large_image","twitter_misc":{"Gesch\u00e4tzte Lesezeit":"1\u00a0Minute"},"schema":{"@context":"https:\/\/schema.org","@graph":[{"@type":"WebPage","@id":"https:\/\/otorinoticino.ch\/de\/collo-e-tiroide\/","url":"https:\/\/otorinoticino.ch\/de\/collo-e-tiroide\/","name":"Schilddr\u00fcse und Hals: Schilddr\u00fcsentherapie und -chirurgie, Lugano, Bellinzona | Studio Otorino Ticino","isPartOf":{"@id":"https:\/\/otorinoticino.ch\/de\/#website"},"datePublished":"2024-10-07T03:03:11+00:00","dateModified":"2024-10-17T04:57:17+00:00","description":"Die Gesundheit der Schilddr\u00fcse ist die Grundlage f\u00fcr das Wohlbefinden des gesamten K\u00f6rpers. Entdecken Sie das gesamte Leistungsspektrum zur Diagnose und Behandlung von Schilddr\u00fcsenerkrankungen in der Klinik f\u00fcr Hals-, Nasen- und Ohrenheilkunde im Tessin. Die besten Preise f\u00fcr plastische Chirurgie.","breadcrumb":{"@id":"https:\/\/otorinoticino.ch\/de\/collo-e-tiroide\/#breadcrumb"},"inLanguage":"de","potentialAction":[{"@type":"ReadAction","target":["https:\/\/otorinoticino.ch\/de\/collo-e-tiroide\/"]}]},{"@type":"BreadcrumbList","@id":"https:\/\/otorinoticino.ch\/de\/collo-e-tiroide\/#breadcrumb","itemListElement":[{"@type":"ListItem","position":1,"name":"Home","item":"https:\/\/otorinoticino.ch\/de\/"},{"@type":"ListItem","position":2,"name":"Hals und Schilddr\u00fcse"}]},{"@type":"WebSite","@id":"https:\/\/otorinoticino.ch\/de\/#website","url":"https:\/\/otorinoticino.ch\/de\/","name":"Studio OTORINO Ticino","description":"","publisher":{"@id":"https:\/\/otorinoticino.ch\/de\/#organization"},"potentialAction":[{"@type":"SearchAction","target":{"@type":"EntryPoint","urlTemplate":"https:\/\/otorinoticino.ch\/de\/?s={search_term_string}"},"query-input":{"@type":"PropertyValueSpecification","valueRequired":true,"valueName":"search_term_string"}}],"inLanguage":"de"},{"@type":"Organization","@id":"https:\/\/otorinoticino.ch\/de\/#organization","name":"Studio OTORINO Ticino","url":"https:\/\/otorinoticino.ch\/de\/","logo":{"@type":"ImageObject","inLanguage":"de","@id":"https:\/\/otorinoticino.ch\/de\/#\/schema\/logo\/image\/","url":"https:\/\/otorinoticino.ch\/wp-content\/uploads\/2024\/10\/cropped-logo.png","contentUrl":"https:\/\/otorinoticino.ch\/wp-content\/uploads\/2024\/10\/cropped-logo.png","width":522,"height":278,"caption":"Studio OTORINO Ticino"},"image":{"@id":"https:\/\/otorinoticino.ch\/de\/#\/schema\/logo\/image\/"}}]}},"_links":{"self":[{"href":"https:\/\/otorinoticino.ch\/de\/wp-json\/wp\/v2\/pages\/544","targetHints":{"allow":["GET"]}}],"collection":[{"href":"https:\/\/otorinoticino.ch\/de\/wp-json\/wp\/v2\/pages"}],"about":[{"href":"https:\/\/otorinoticino.ch\/de\/wp-json\/wp\/v2\/types\/page"}],"author":[{"embeddable":true,"href":"https:\/\/otorinoticino.ch\/de\/wp-json\/wp\/v2\/users\/1"}],"replies":[{"embeddable":true,"href":"https:\/\/otorinoticino.ch\/de\/wp-json\/wp\/v2\/comments?post=544"}],"version-history":[{"count":2,"href":"https:\/\/otorinoticino.ch\/de\/wp-json\/wp\/v2\/pages\/544\/revisions"}],"predecessor-version":[{"id":1127,"href":"https:\/\/otorinoticino.ch\/de\/wp-json\/wp\/v2\/pages\/544\/revisions\/1127"}],"wp:attachment":[{"href":"https:\/\/otorinoticino.ch\/de\/wp-json\/wp\/v2\/media?parent=544"}],"curies":[{"name":"wp","href":"https:\/\/api.w.org\/{rel}","templated":true}]}}